{"id":1046,"date":"2020-02-08T06:00:11","date_gmt":"2020-02-08T04:00:11","guid":{"rendered":"http:\/\/neu.fsz-saar.de\/?page_id=1046"},"modified":"2025-12-30T12:46:59","modified_gmt":"2025-12-30T10:46:59","slug":"home","status":"publish","type":"page","link":"https:\/\/fsz-saar.de\/fr\/","title":{"rendered":"Home"},"content":{"rendered":"<p><!-- Builder # --><\/p>\n<h2><span id=\"result_box\" class=\"\" lang=\"fr\"><span class=\"\">La fascination du parachutisme dans le sud-ouest de l&rsquo;Allemagne<\/span><\/span><\/h2>\n<div>\n<p>        <img decoding=\"async\" src=\"wp-content\/uploads\/CTA_FSZ-Saar_FRA_Gutschein.png\" alt=\"\"><\/p>\n<p><a href=\"https:\/\/shop.fsz-saar.de\/fr\/coupons\/coupons-saut-en-tandem\/\">Read more<\/a><\/p>\n<\/div>\n<div>\n<p>        <img decoding=\"async\" src=\"wp-content\/uploads\/CTA_FSZ-Saar_FRA_Termin_Tandem.png\" alt=\"\"><\/p>\n<p><a href=\"https:\/\/shop.fsz-saar.de\/fr\/reserver-un-saute-en-tandem\/45\/reserver-un-saute-en-tandem?c=58\">Read more<\/a><\/p>\n<\/div>\n<div>\n<h3>Le Centre de Parachutisme Sarre<\/h3>\n<p>Skydive Saar<\/p>\n<div>\n<p>Le centre de parachutisme sarre\u00ab FSZ-Sarre \u00bb se trouve dans le Sud-Ouest de l\u2019Allemagne, \u00e0 30 minutes seulement \u00e0 l\u2019ouest de Sarrebruck\/Sarre, et est donc facile d\u2019acc\u00e8s depuis les environs de rancfort, Coblence, Tr\u00e8ves, Mayence, Wiesbaden, Mannheim, Heidelberg, Karlsruhe, Kaiserslautern, Metz, Nancy, Strasbourg ainsi que depuis le Luxembourg. Par sa diversit\u00e9, il s\u2019adresse non seulement aux parachutistes confirm\u00e9s mais aussi aux novices qui voudraient tout simplement faire l\u2019exp\u00e9rience de la chute libre par saut en tandem ou bien qui souhaitent participer \u00e0 une formation pour devenir parachutistes licenci\u00e9s et ainsi faire connaissance avec ce sport fascinant.<\/p>\n<\/div>\n<\/div>\n<div>\n<p>        <img decoding=\"async\" src=\"wp-content\/uploads\/Infrastrukur.jpg\" alt=\"\"><\/p>\n<h3>La FSZ Saar<\/h3>\n<p>\u00c0 propos de nous &#8230;<\/p>\n<p><a href=\"\/fr\/das-fsz-saar-wir-ueber-uns\/\"><\/a><\/p>\n<\/div>\n<div>\n<p>        <img decoding=\"async\" src=\"wp-content\/uploads\/FSZ-Tandemsprung-startseite-scaled.jpg\" alt=\"\"><\/p>\n<h3>Saut en Tandem<\/h3>\n<p>&#8230;le sentiment indescriptible<\/p>\n<div>\n<p>Faites l\u2019exp\u00e9rience de la chute libre en toute s\u00e9curit\u00e9, gr\u00e2ce \u00e0 un saut en tandem \u00e0 4000 m\u00e8tres d\u00e1ltitude.<\/p>\n<\/div>\n<p><a href=\"\/fr\/saut-en-tandem\"><\/a><\/p>\n<\/div>\n<div>\n<p>        <img decoding=\"async\" src=\"wp-content\/uploads\/GOPR7183.jpg\" alt=\"\"><\/p>\n<h3>Formation Parachutisme<\/h3>\n<p>&#8230;le moyen rapide de votre licence de parachutisme<\/p>\n<div>\n<p>Venez apprendre chez nous le saut et le vol en parachute.<\/p>\n<\/div>\n<p><a href=\"\/fr\/aff-formation\"><\/a><\/p>\n<\/div>\n<div>\n<p>        <img decoding=\"async\" src=\"wp-content\/uploads\/team_cropped.jpg\" alt=\"\"><\/p>\n<h3>Parachutisme sportif<\/h3>\n<p>&#8230;tout sur le parachutisme au centre FSZ Sarre<\/p>\n<div>\n<p>Saut en \u00e9quipe, coaching, cours et formations, \u00e9v\u00e8nements et rassemblements, l\u00b4association&#8230;<\/p>\n<\/div>\n<p><a href=\"\/fr\/parachutisme\"><\/a><\/p>\n<\/div>\n<h1>\n<div id=\"gt-langs\">\n<div id=\"gt-lang-left\" class=\"goog-inline-block\">\n<div id=\"tts_button\"><span id=\"result_box\" class=\"short_text\" lang=\"fr\"><span class=\"\">NEWS au centre\u00a0 FSZ-Sarre<\/p>\n<p><\/span><\/span><\/div>\n<\/div>\n<\/div>\n<\/h1>\n<div>\n<p>        <img decoding=\"async\" src=\"wp-content\/uploads\/Logo-JSK-53KB.jpeg\" alt=\"\"><\/p>\n<h3>Calendrier des sauts pour l\u00b4ann\u00e9e 2026<\/h3>\n<div>\n<p><span id=\"result_box\" class=\"\" lang=\"fr\"><span class=\"\">Vous trouverez ici notre aper\u00e7u annuel des op\u00e9rations de saut pr\u00e9vues, des \u00e9v\u00e9nements, des ateliers et des rendez-vous sp\u00e9ciaux.<\/span><\/span><\/p>\n<\/div>\n<p><a href=\"\/wp-content\/uploads\/Kalender-FSZ-Saar-2026V2.pdf\">plus<\/a><\/p>\n<\/div>\n<div><iframe loading=\"lazy\" src=\"https:\/\/www.facebook.com\/plugins\/like_box.php?app_id=113869198637480&amp;channel=https%3A%2F%2Fs-static.ak.facebook.com%2Fconnect%2Fxd_arbiter%2F8n77RrR4jg0.js%3Fversion%3D40%23cb%3Dfb9f3c1e29cc0c%26domain%3Ddevelopers.facebook.com%26origin%3Dhttps%253A%252F%252Fdevelopers.facebook.com%252Ff15a1ba2be06204%26relation%3Dparent.parent&amp;header=false&amp;href=https%3A%2F%2Fwww.facebook.com%2Fpages%2FFallschirmsportzentrum-Saar%2F141594835881368&amp;locale=de_DE&amp;sdk=joey&amp;show_border=true&amp;show_faces=false&amp;stream=true\" width=\"300\" height=\"350\"><\/iframe><\/div>\n<div>\n<p>        <img decoding=\"async\" src=\"wp-content\/uploads\/Logo-DM-2020-36-KB.png\" alt=\"\"><\/p>\n<h3>Championnats allemands 2020<\/h3>\n<div>\n<p><span id=\"result_box\" class=\"short_text\" lang=\"fr\"><span class=\"\">La ligue allemand de parachutisme invit\u00e9e du centre FSZ-Sarre.<\/span><\/span><\/p>\n<\/div>\n<p><a href=\"https:\/\/dm2020.dfv.aero\/\" rel=\"nofollow noopener\" target=\"_blank\">plus<\/a><\/p>\n<\/div>\n<p><!-- {\"name\":\"Home\",\"type\":\"layout\",\"children\":[{\"name\":\"Header Home-Seite\",\"type\":\"section\",\"props\":{\"width\":\"default\",\"padding\":\"none\",\"style\":\"image\",\"text_color\":\"\",\"media\":\"images\\\/home-header.jpg\",\"height_viewport\":true,\"header_overlay\":\"light\",\"image\":\"wp-content\\\/uploads\\\/FSZ_Start.jpg\",\"media_advanced\":true,\"image_size\":\"cover\",\"media_background\":\"#1e3040\",\"media_overlay\":null,\"height\":\"percent\",\"animation\":\"\",\"header_transparent\":\"\",\"image_position\":\"top-center\",\"image_fixed\":false,\"class\":\"\",\"media_blend_mode\":\"\",\"overlap\":true,\"padding_remove_top\":false,\"padding_remove_bottom\":false,\"animation_delay\":false,\"vertical_align\":\"middle\",\"title_position\":\"top-left\",\"title_rotation\":\"left\",\"title_breakpoint\":\"xl\",\"image_effect\":\"\",\"width_expand\":\"\"},\"children\":[{\"name\":\"\",\"type\":\"row\",\"props\":{\"fixed_width\":\"large\",\"breakpoint\":\"m\",\"layout\":\"1-1\",\"margin\":\"large\"},\"children\":[{\"name\":\"\",\"type\":\"column\",\"props\":{\"widths\":[\"1-1\"],\"image_position\":\"center-center\",\"media_overlay_gradient\":\"\"}}]}]},{\"name\":\"Das FSZ Saar\",\"type\":\"section\",\"props\":{\"style\":\"default\",\"width\":\"default\",\"image_size\":\"cover\",\"padding\":\"\",\"class\":\"\",\"overlap\":true,\"vertical_align\":\"middle\",\"title_position\":\"top-left\",\"title_rotation\":\"left\",\"title_breakpoint\":\"xl\",\"image_position\":\"center-center\",\"image_effect\":\"\"},\"children\":[{\"name\":\"\",\"type\":\"row\",\"props\":{\"fixed_width\":\"large\",\"breakpoint\":\"m\",\"layout\":\"1-2,,|1-1,1-2,1-2\"},\"children\":[{\"name\":\"\",\"type\":\"column\",\"props\":{\"widths\":[\"1-2\",\"1-1\"],\"image_position\":\"center-center\",\"media_overlay_gradient\":\"\"},\"children\":[{\"name\":\"\",\"type\":\"headline\",\"props\":{\"title_element\":\"h2\",\"content\":\"<span id=\\\"result_box\\\" class=\\\"\\\" lang=\\\"fr\\\"><span class=\\\"\\\">La fascination du parachutisme dans le sud-ouest de l'Allemagne<\\\/span><\\\/span>\",\"text_align\":\"left\",\"text_align_fallback\":\"center\",\"maxwidth\":\"\",\"title_style\":\"h1\",\"title_decoration\":\"\",\"text_align_breakpoint\":\"s\",\"block_align\":\"center\"}},{\"name\":\"\",\"type\":\"divider\",\"props\":{\"divider_element\":\"div\",\"divider_style\":\"small\",\"divider_align\":\"left\",\"divider_align_breakpoint\":\"s\",\"divider_align_fallback\":\"center\"}}]},{\"name\":\"\",\"type\":\"column\",\"props\":{\"widths\":[\"\",\"1-2\"],\"image_position\":\"center-center\",\"media_overlay_gradient\":\"\"},\"children\":[{\"name\":\"\",\"type\":\"panel\",\"props\":{\"link_text\":\"Read more\",\"title_element\":\"h3\",\"meta_style\":\"meta\",\"meta_align\":\"below-title\",\"icon_ratio\":4,\"image_align\":\"top\",\"image_grid_width\":\"1-2\",\"image_breakpoint\":\"m\",\"link_style\":\"default\",\"margin\":\"default\",\"content\":\"\",\"image\":\"wp-content\\\/uploads\\\/CTA_FSZ-Saar_FRA_Gutschein.png\",\"link\":\"https:\\\/\\\/shop.fsz-saar.de\\\/fr\\\/coupons\\\/coupons-saut-en-tandem\\\/\",\"link_target\":true,\"image_box_shadow_bottom\":true,\"image_box_decoration\":\"shadow\",\"link_type\":\"content\",\"title_hover_style\":\"reset\",\"title_align\":\"top\",\"title_grid_width\":\"1-2\",\"title_breakpoint\":\"m\",\"image_svg_color\":\"emphasis\",\"panel_style\":\"\",\"panel_content_padding\":\"\",\"panel_size\":\"\",\"title_style\":\"\",\"title_decoration\":\"\",\"title_color\":\"\",\"title_gutter\":\"\",\"title_margin\":\"\",\"meta_color\":\"\",\"meta_margin\":\"\",\"content_style\":\"\",\"content_margin\":\"\",\"image_transition\":\"\",\"image_border\":\"\",\"image_box_shadow\":\"\",\"image_hover_box_shadow\":\"\",\"icon_color\":\"\",\"image_gutter\":\"\",\"image_margin\":\"\",\"link_size\":\"\",\"link_margin\":\"\",\"position\":\"\",\"position_z_index\":\"\",\"maxwidth\":\"\",\"maxwidth_breakpoint\":\"\",\"block_align\":\"\",\"block_align_breakpoint\":\"\",\"block_align_fallback\":\"\",\"text_align\":\"\",\"text_align_breakpoint\":\"\",\"text_align_fallback\":\"\",\"animation\":\"\",\"visibility\":\"\"}}]},{\"name\":\"\",\"type\":\"column\",\"props\":{\"widths\":[\"\",\"1-2\"],\"image_position\":\"center-center\",\"media_overlay_gradient\":\"\"},\"children\":[{\"name\":\"\",\"type\":\"panel\",\"props\":{\"link_text\":\"Read more\",\"title_element\":\"h3\",\"meta_style\":\"meta\",\"meta_align\":\"below-title\",\"icon_ratio\":4,\"image_align\":\"top\",\"image_grid_width\":\"1-2\",\"image_breakpoint\":\"m\",\"link_style\":\"default\",\"margin\":\"default\",\"content\":\"\",\"image\":\"wp-content\\\/uploads\\\/CTA_FSZ-Saar_FRA_Termin_Tandem.png\",\"link\":\"https:\\\/\\\/shop.fsz-saar.de\\\/fr\\\/reserver-un-saute-en-tandem\\\/45\\\/reserver-un-saute-en-tandem?c=58\",\"image_box_shadow_bottom\":true,\"link_target\":true,\"image_box_decoration\":\"shadow\",\"link_type\":\"content\",\"title_hover_style\":\"reset\",\"title_align\":\"top\",\"title_grid_width\":\"1-2\",\"title_breakpoint\":\"m\",\"image_svg_color\":\"emphasis\",\"panel_style\":\"\",\"panel_content_padding\":\"\",\"panel_size\":\"\",\"title_style\":\"\",\"title_decoration\":\"\",\"title_color\":\"\",\"title_gutter\":\"\",\"title_margin\":\"\",\"meta_color\":\"\",\"meta_margin\":\"\",\"content_style\":\"\",\"content_margin\":\"\",\"image_transition\":\"\",\"image_border\":\"\",\"image_box_shadow\":\"\",\"image_hover_box_shadow\":\"\",\"icon_color\":\"\",\"image_gutter\":\"\",\"image_margin\":\"\",\"link_size\":\"\",\"link_margin\":\"\",\"position\":\"\",\"position_z_index\":\"\",\"maxwidth\":\"\",\"maxwidth_breakpoint\":\"\",\"block_align\":\"\",\"block_align_breakpoint\":\"\",\"block_align_fallback\":\"\",\"text_align\":\"\",\"text_align_breakpoint\":\"\",\"text_align_fallback\":\"\",\"animation\":\"\",\"visibility\":\"\"}}]}]},{\"name\":\"\",\"type\":\"row\",\"props\":{\"fixed_width\":\"large\",\"breakpoint\":\"m\",\"layout\":\"2-3,\",\"match\":true},\"children\":[{\"name\":\"\",\"type\":\"column\",\"props\":{\"widths\":[\"2-3\"],\"image_position\":\"center-center\",\"media_overlay_gradient\":\"\"},\"children\":[{\"name\":\"\",\"type\":\"panel\",\"props\":{\"icon_ratio\":4,\"title_element\":\"h3\",\"image_align\":\"left\",\"image_grid_width\":\"1-2\",\"image_breakpoint\":\"m\",\"link_style\":\"default\",\"margin\":\"default\",\"panel_style\":\"card-default\",\"content\":\"\n\n<p>Le centre de parachutisme sarre\\u00ab FSZ-Sarre \\u00bb se trouve dans le Sud-Ouest de l\\u2019Allemagne, \\u00e0 30 minutes seulement \\u00e0 l\\u2019ouest de Sarrebruck\\\/Sarre, et est donc facile d\\u2019acc\\u00e8s depuis les environs de rancfort, Coblence, Tr\\u00e8ves, Mayence, Wiesbaden, Mannheim, Heidelberg, Karlsruhe, Kaiserslautern, Metz, Nancy, Strasbourg ainsi que depuis le Luxembourg. Par sa diversit\\u00e9, il s\\u2019adresse non seulement aux parachutistes confirm\\u00e9s mais aussi aux novices qui voudraient tout simplement faire l\\u2019exp\\u00e9rience de la chute libre par saut en tandem ou bien qui souhaitent participer \\u00e0 une formation pour devenir parachutistes licenci\\u00e9s et ainsi faire connaissance avec ce sport fascinant.<\\\/p>\",\"title\":\"Le Centre de Parachutisme Sarre\",\"image\":\"\",\"text_align\":\"left\",\"link\":\"\",\"link_text\":\"read the full story...\",\"text_align_breakpoint\":\"s\",\"text_align_fallback\":\"center\",\"meta_style\":\"meta\",\"meta_align\":\"below-title\",\"panel_size\":\"large\",\"meta\":\"Skydive Saar\",\"meta_margin\":\"small\",\"link_type\":\"element\",\"panel_card_image\":true,\"title_hover_style\":\"reset\",\"title_align\":\"top\",\"title_grid_width\":\"1-2\",\"title_breakpoint\":\"m\",\"image_svg_color\":\"emphasis\"}}]},{\"name\":\"\",\"type\":\"column\",\"props\":{\"widths\":[\"\"],\"image_position\":\"center-center\",\"media_overlay_gradient\":\"\"},\"children\":[{\"name\":\"\",\"type\":\"panel\",\"props\":{\"icon_ratio\":4,\"title_element\":\"h3\",\"image_align\":\"top\",\"image_grid_width\":\"1-2\",\"image_breakpoint\":\"m\",\"link_style\":\"default\",\"margin\":\"default\",\"panel_style\":\"card-default\",\"image\":\"wp-content\\\/uploads\\\/Infrastrukur.jpg\",\"title\":\"La FSZ Saar\",\"content\":\"\",\"link\":\"\\\/fr\\\/das-fsz-saar-wir-ueber-uns\\\/\",\"link_text\":\"\",\"text_align\":\"left\",\"text_align_breakpoint\":\"s\",\"text_align_fallback\":\"center\",\"meta_style\":\"meta\",\"meta_align\":\"below-title\",\"meta\":\"\\u00c0 propos de nous ...\",\"meta_margin\":\"small\",\"link_type\":\"element\",\"panel_card_image\":true,\"title_hover_style\":\"reset\",\"title_align\":\"top\",\"title_grid_width\":\"1-2\",\"title_breakpoint\":\"m\",\"image_svg_color\":\"emphasis\",\"panel_content_padding\":\"\",\"panel_size\":\"\",\"title_style\":\"\",\"title_decoration\":\"\",\"title_color\":\"\",\"title_gutter\":\"\",\"title_margin\":\"\",\"meta_color\":\"\",\"content_style\":\"\",\"content_margin\":\"\",\"image_transition\":\"\",\"image_border\":\"\",\"image_box_shadow\":\"\",\"image_hover_box_shadow\":\"\",\"image_box_decoration\":\"\",\"icon_color\":\"\",\"image_gutter\":\"\",\"image_margin\":\"\",\"link_size\":\"\",\"link_margin\":\"\",\"position\":\"\",\"position_z_index\":\"\",\"maxwidth\":\"\",\"maxwidth_breakpoint\":\"\",\"block_align\":\"\",\"block_align_breakpoint\":\"\",\"block_align_fallback\":\"\",\"animation\":\"\",\"visibility\":\"\"}}]}]},{\"name\":\"\",\"type\":\"row\",\"props\":{\"fixed_width\":\"large\",\"breakpoint\":\"m\",\"layout\":\",,\",\"match\":true},\"children\":[{\"name\":\"\",\"type\":\"column\",\"props\":{\"widths\":[\"\"],\"image_position\":\"center-center\",\"media_overlay_gradient\":\"\"},\"children\":[{\"name\":\"\",\"type\":\"panel\",\"props\":{\"icon_ratio\":4,\"title_element\":\"h3\",\"image_align\":\"top\",\"image_grid_width\":\"1-2\",\"image_breakpoint\":\"m\",\"link_style\":\"default\",\"margin\":\"default\",\"panel_style\":\"card-default\",\"image\":\"wp-content\\\/uploads\\\/FSZ-Tandemsprung-startseite-scaled.jpg\",\"title\":\"Saut en Tandem\",\"content\":\"\n\n<p>Faites l\\u2019exp\\u00e9rience de la chute libre en toute s\\u00e9curit\\u00e9, gr\\u00e2ce \\u00e0 un saut en tandem \\u00e0 4000 m\\u00e8tres d\\u00e1ltitude.<\\\/p>\",\"link\":\"\\\/fr\\\/saut-en-tandem\",\"link_text\":\"\",\"text_align\":\"left\",\"text_align_breakpoint\":\"s\",\"text_align_fallback\":\"center\",\"meta_style\":\"meta\",\"meta_align\":\"below-title\",\"meta\":\"...le sentiment indescriptible\",\"meta_margin\":\"small\",\"link_type\":\"element\",\"panel_card_image\":true,\"title_hover_style\":\"reset\",\"title_align\":\"top\",\"title_grid_width\":\"1-2\",\"title_breakpoint\":\"m\",\"image_svg_color\":\"emphasis\",\"panel_content_padding\":\"\",\"panel_size\":\"\",\"title_style\":\"\",\"title_decoration\":\"\",\"title_color\":\"\",\"title_gutter\":\"\",\"title_margin\":\"\",\"meta_color\":\"\",\"content_style\":\"\",\"content_margin\":\"\",\"image_transition\":\"\",\"image_border\":\"\",\"image_box_shadow\":\"\",\"image_hover_box_shadow\":\"\",\"image_box_decoration\":\"\",\"icon_color\":\"\",\"image_gutter\":\"\",\"image_margin\":\"\",\"link_size\":\"\",\"link_margin\":\"\",\"position\":\"\",\"position_z_index\":\"\",\"maxwidth\":\"\",\"maxwidth_breakpoint\":\"\",\"block_align\":\"\",\"block_align_breakpoint\":\"\",\"block_align_fallback\":\"\",\"animation\":\"\",\"visibility\":\"\"}}]},{\"name\":\"\",\"type\":\"column\",\"props\":{\"widths\":[\"\"],\"image_position\":\"center-center\",\"media_overlay_gradient\":\"\"},\"children\":[{\"name\":\"\",\"type\":\"panel\",\"props\":{\"icon_ratio\":4,\"title_element\":\"h3\",\"image_align\":\"top\",\"image_grid_width\":\"1-2\",\"image_breakpoint\":\"m\",\"link_style\":\"default\",\"margin\":\"default\",\"panel_style\":\"card-default\",\"image\":\"wp-content\\\/uploads\\\/GOPR7183.jpg\",\"title\":\"Formation Parachutisme\",\"content\":\"\n\n<p>Venez apprendre chez nous le saut et le vol en parachute.<\\\/p>\",\"link\":\"\\\/fr\\\/aff-formation\",\"link_text\":\"\",\"text_align\":\"left\",\"text_align_breakpoint\":\"s\",\"text_align_fallback\":\"center\",\"meta_style\":\"meta\",\"meta_align\":\"below-title\",\"meta\":\"...le moyen rapide de votre licence de parachutisme\",\"meta_margin\":\"small\",\"link_type\":\"element\",\"panel_card_image\":true,\"title_hover_style\":\"reset\",\"title_align\":\"top\",\"title_grid_width\":\"1-2\",\"title_breakpoint\":\"m\",\"image_svg_color\":\"emphasis\"}}]},{\"name\":\"\",\"type\":\"column\",\"props\":{\"widths\":[\"\"],\"image_position\":\"center-center\",\"media_overlay_gradient\":\"\"},\"children\":[{\"name\":\"\",\"type\":\"panel\",\"props\":{\"icon_ratio\":4,\"title_element\":\"h3\",\"image_align\":\"top\",\"image_grid_width\":\"1-2\",\"image_breakpoint\":\"m\",\"link_style\":\"default\",\"margin\":\"default\",\"panel_style\":\"card-default\",\"image\":\"wp-content\\\/uploads\\\/team_cropped.jpg\",\"content\":\"\n\n<p>Saut en \\u00e9quipe, coaching, cours et formations, \\u00e9v\\u00e8nements et rassemblements, l\\u00b4association...<\\\/p>\",\"title\":\"Parachutisme sportif\",\"link\":\"\\\/fr\\\/parachutisme\",\"link_text\":\"\",\"text_align\":\"left\",\"text_align_breakpoint\":\"s\",\"text_align_fallback\":\"center\",\"meta_style\":\"meta\",\"meta_align\":\"below-title\",\"meta\":\"...tout sur le parachutisme au centre FSZ Sarre\",\"meta_margin\":\"small\",\"link_type\":\"element\",\"panel_card_image\":true,\"title_hover_style\":\"reset\",\"title_align\":\"top\",\"title_grid_width\":\"1-2\",\"title_breakpoint\":\"m\",\"image_svg_color\":\"emphasis\"}}]}]}]},{\"name\":\"News\",\"type\":\"section\",\"props\":{\"style\":\"default\",\"width\":\"default\",\"image_size\":\"cover\",\"overlap\":true,\"padding\":\"\",\"animation\":\"fade\",\"vertical_align\":\"middle\",\"title_position\":\"top-left\",\"title_rotation\":\"left\",\"title_breakpoint\":\"xl\",\"image_position\":\"center-center\",\"image_effect\":\"\"},\"children\":[{\"name\":\"\",\"type\":\"row\",\"props\":{\"fixed_width\":\"large\",\"breakpoint\":\"m\",\"layout\":\"1-1\"},\"children\":[{\"name\":\"\",\"type\":\"column\",\"props\":{\"widths\":[\"1-1\"],\"image_position\":\"center-center\",\"media_overlay_gradient\":\"\"},\"children\":[{\"name\":\"\",\"type\":\"headline\",\"props\":{\"title_element\":\"h1\",\"content\":\"\n\n<div id=\\\"gt-langs\\\">\\n\n\n<div id=\\\"gt-lang-left\\\" class=\\\"goog-inline-block\\\">\\n\n\n<div id=\\\"tts_button\\\"><span id=\\\"result_box\\\" class=\\\"short_text\\\" lang=\\\"fr\\\"><span class=\\\"\\\">NEWS au centre\\u00a0 FSZ-Sarre<br \\\/><br \\\/><\\\/span><\\\/span><\\\/div>\\n<\\\/div>\\n<\\\/div>\",\"title_style\":\"h2\",\"text_align\":\"center\",\"title_color\":\"danger\"}}]}]},{\"name\":\"\",\"type\":\"row\",\"props\":{\"fixed_width\":\"medium\",\"breakpoint\":\"m\",\"layout\":\",,\",\"vertical_align\":true},\"children\":[{\"name\":\"\",\"type\":\"column\",\"props\":{\"widths\":[\"\"],\"image_position\":\"center-center\",\"vertical_align\":\"middle\",\"media_overlay_gradient\":\"\"},\"children\":[{\"name\":\"\",\"type\":\"panel\",\"props\":{\"link_text\":\"plus\",\"title_element\":\"h3\",\"meta_style\":\"meta\",\"meta_align\":\"below-title\",\"icon_ratio\":4,\"image_align\":\"between\",\"image_grid_width\":\"1-2\",\"image_breakpoint\":\"m\",\"link_style\":\"\",\"margin\":\"default\",\"title\":\"Calendrier des sauts pour l\\u00b4ann\\u00e9e 2026\",\"icon\":\"\",\"content\":\"\n\n<p><span id=\\\"result_box\\\" class=\\\"\\\" lang=\\\"fr\\\"><span class=\\\"\\\">Vous trouverez ici notre aper\\u00e7u annuel des op\\u00e9rations de saut pr\\u00e9vues, des \\u00e9v\\u00e9nements, des ateliers et des rendez-vous sp\\u00e9ciaux.<\\\/span><\\\/span><\\\/p>\",\"text_align\":\"center\",\"link\":\"\\\/wp-content\\\/uploads\\\/Kalender-FSZ-Saar-2026V2.pdf\",\"title_style\":\"\",\"image\":\"wp-content\\\/uploads\\\/Logo-JSK-53KB.jpeg\",\"title_hover_style\":\"reset\",\"title_align\":\"top\",\"title_grid_width\":\"1-2\",\"title_breakpoint\":\"m\",\"image_svg_color\":\"emphasis\",\"panel_style\":\"\",\"panel_content_padding\":\"\",\"panel_size\":\"\",\"title_decoration\":\"\",\"title_color\":\"\",\"title_gutter\":\"\",\"title_margin\":\"\",\"meta_color\":\"\",\"meta_margin\":\"\",\"content_style\":\"\",\"content_margin\":\"\",\"image_transition\":\"\",\"image_border\":\"\",\"image_box_shadow\":\"\",\"image_hover_box_shadow\":\"\",\"image_box_decoration\":\"\",\"icon_color\":\"\",\"image_gutter\":\"\",\"image_margin\":\"\",\"link_type\":\"content\",\"link_size\":\"\",\"link_margin\":\"\",\"position\":\"\",\"position_z_index\":\"\",\"maxwidth\":\"\",\"maxwidth_breakpoint\":\"\",\"block_align\":\"\",\"block_align_breakpoint\":\"\",\"block_align_fallback\":\"\",\"text_align_breakpoint\":\"\",\"text_align_fallback\":\"\",\"animation\":\"\",\"visibility\":\"\",\"link_target\":true}}]},{\"name\":\"\",\"type\":\"column\",\"props\":{\"widths\":[\"\"],\"image_position\":\"center-center\",\"vertical_align\":\"middle\",\"media_overlay_gradient\":\"\"},\"children\":[{\"name\":\"\",\"type\":\"text\",\"props\":{\"column_breakpoint\":\"m\",\"margin\":\"default\",\"content\":\"<iframe src=\\\"https:\\\/\\\/www.facebook.com\\\/plugins\\\/like_box.php?app_id=113869198637480&amp;channel=https%3A%2F%2Fs-static.ak.facebook.com%2Fconnect%2Fxd_arbiter%2F8n77RrR4jg0.js%3Fversion%3D40%23cb%3Dfb9f3c1e29cc0c%26domain%3Ddevelopers.facebook.com%26origin%3Dhttps%253A%252F%252Fdevelopers.facebook.com%252Ff15a1ba2be06204%26relation%3Dparent.parent&amp;header=false&amp;href=https%3A%2F%2Fwww.facebook.com%2Fpages%2FFallschirmsportzentrum-Saar%2F141594835881368&amp;locale=de_DE&amp;sdk=joey&amp;show_border=true&amp;show_faces=false&amp;stream=true\\\" width=\\\"300\\\" height=\\\"350\\\"><\\\/iframe>\",\"text_align\":\"center\"}}]},{\"name\":\"\",\"type\":\"column\",\"props\":{\"widths\":[\"\"],\"image_position\":\"center-center\",\"vertical_align\":\"middle\",\"media_overlay_gradient\":\"\"},\"children\":[{\"name\":\"\",\"type\":\"panel\",\"props\":{\"link_text\":\"plus\",\"title_element\":\"h3\",\"meta_style\":\"meta\",\"meta_align\":\"below-title\",\"icon_ratio\":4,\"image_align\":\"between\",\"image_grid_width\":\"1-2\",\"image_breakpoint\":\"m\",\"link_style\":\"\",\"margin\":\"medium\",\"title\":\"Championnats allemands 2020\",\"icon\":\"\",\"content\":\"\n\n<p><span id=\\\"result_box\\\" class=\\\"short_text\\\" lang=\\\"fr\\\"><span class=\\\"\\\">La ligue allemand de parachutisme invit\\u00e9e du centre FSZ-Sarre.<\\\/span><\\\/span><\\\/p>\",\"text_align\":\"center\",\"link\":\"https:\\\/\\\/dm2020.dfv.aero\\\/\",\"title_style\":\"\",\"title_hover_style\":\"reset\",\"title_align\":\"top\",\"title_grid_width\":\"1-2\",\"title_breakpoint\":\"m\",\"image_svg_color\":\"emphasis\",\"panel_style\":\"\",\"panel_content_padding\":\"\",\"panel_size\":\"\",\"title_decoration\":\"\",\"title_color\":\"\",\"title_gutter\":\"\",\"title_margin\":\"\",\"meta_color\":\"\",\"meta_margin\":\"\",\"content_style\":\"\",\"content_margin\":\"\",\"image_transition\":\"\",\"image_border\":\"\",\"image_box_shadow\":\"\",\"image_hover_box_shadow\":\"\",\"image_box_decoration\":\"\",\"icon_color\":\"\",\"image_gutter\":\"\",\"image_margin\":\"\",\"link_type\":\"content\",\"link_size\":\"\",\"link_margin\":\"\",\"position\":\"\",\"position_z_index\":\"\",\"maxwidth\":\"\",\"maxwidth_breakpoint\":\"\",\"block_align\":\"\",\"block_align_breakpoint\":\"\",\"block_align_fallback\":\"\",\"text_align_breakpoint\":\"\",\"text_align_fallback\":\"\",\"animation\":\"\",\"visibility\":\"\",\"image\":\"wp-content\\\/uploads\\\/Logo-DM-2020-36-KB.png\"}}]}]}]}],\"props\":[],\"version\":\"1.20.6\"} --><\/p>\n","protected":false},"excerpt":{"rendered":"<p>La fascination du parachutisme dans le sud-ouest de l&rsquo;Allemagne Read more Read more Le Centre de Parachutisme Sarre Skydive Saar Le centre de parachutisme sarre\u00ab FSZ-Sarre \u00bb se trouve dans le Sud-Ouest de l\u2019Allemagne, \u00e0 30 minutes seulement \u00e0 l\u2019ouest de Sarrebruck\/Sarre, et est donc facile d\u2019acc\u00e8s depuis les environs de rancfort, Coblence, Tr\u00e8ves, Mayence, [&hellip;]<\/p>\n","protected":false},"author":3,"featured_media":0,"parent":0,"menu_order":0,"comment_status":"closed","ping_status":"closed","template":"","meta":{"footnotes":""},"class_list":["post-1046","page","type-page","status-publish","hentry"],"_links":{"self":[{"href":"https:\/\/fsz-saar.de\/fr\/wp-json\/wp\/v2\/pages\/1046","targetHints":{"allow":["GET"]}}],"collection":[{"href":"https:\/\/fsz-saar.de\/fr\/wp-json\/wp\/v2\/pages"}],"about":[{"href":"https:\/\/fsz-saar.de\/fr\/wp-json\/wp\/v2\/types\/page"}],"author":[{"embeddable":true,"href":"https:\/\/fsz-saar.de\/fr\/wp-json\/wp\/v2\/users\/3"}],"replies":[{"embeddable":true,"href":"https:\/\/fsz-saar.de\/fr\/wp-json\/wp\/v2\/comments?post=1046"}],"version-history":[{"count":85,"href":"https:\/\/fsz-saar.de\/fr\/wp-json\/wp\/v2\/pages\/1046\/revisions"}],"predecessor-version":[{"id":5300,"href":"https:\/\/fsz-saar.de\/fr\/wp-json\/wp\/v2\/pages\/1046\/revisions\/5300"}],"wp:attachment":[{"href":"https:\/\/fsz-saar.de\/fr\/wp-json\/wp\/v2\/media?parent=1046"}],"curies":[{"name":"wp","href":"https:\/\/api.w.org\/{rel}","templated":true}]}}