{"id":1242,"date":"2018-02-05T11:10:14","date_gmt":"2018-02-05T09:10:14","guid":{"rendered":"http:\/\/neu.fsz-saar.de\/?page_id=1242"},"modified":"2019-12-28T15:22:44","modified_gmt":"2019-12-28T13:22:44","slug":"saut-en-tandem","status":"publish","type":"page","link":"https:\/\/fsz-saar.de\/fr\/saut-en-tandem\/","title":{"rendered":"Saut en tandem"},"content":{"rendered":"<p><!-- Builder # --><\/p>\n<h2><span id=\"result_box\" class=\"\" lang=\"fr\"><span class=\"\">Vivez l\u00b4exp\u00e9rience <span id=\"result_box\" class=\"short_text\" lang=\"fr\">de la chute gr\u00e2ce \u00e0<\/span> un saut en tandem.<\/span><\/span><\/h2>\n<p><iframe src=\"https:\/\/www.youtube.com\/embed\/JqDXS-MFFbU?rel=0\"><\/iframe><\/p>\n<h1><span id=\"result_box\" class=\"short_text\" lang=\"fr\"><span class=\"\">Le d\u00e9roulement<br \/><\/span><\/span><\/h1>\n<div>\n<p>Voler est un des plus vieux r\u00eaves de l\u2019humanit\u00e9 \u2013 un r\u00eave que vous pouvez r\u00e9aliser vous aussi. Un saut en tandem vous permettra de sentir l\u2019ivresse que procure une chute libre. Le vol, le saut, la vitesse en chute libre, le sentiment de planer \u00e0 l\u2019aide du parachute \u2013 une exp\u00e9rience \u00e9poustouflante et indescriptible \u00e0 la fois. Vous mesurez au moins 140 cm, vous avez plus de 12 ans (si mineur &#8211; seulement <span class=\"short_text\" lang=\"fr\"><span id=\"result_box\" lang=\"fr\"><span title=\"A tandem jump of minors is only possible with the written consent of both parents.\">possible avec le consentement \u00e9crit des deux parents)<\/span><\/span><\/span> et vous pesez moins de 95 kg, alors rien ne s\u2019oppose \u00e0 votre saut en tandem.<\/p>\n<\/div>\n<div>\n<p>Peu avant le saut en tandem, un de nos moniteur-tandem vous donnera des instructions d\u00e9taill\u00e9es et il vous expliquera le d\u00e9roulement g\u00e9n\u00e9ral de votre saut en tandem. Il s\u2019agit en premier lieu d\u2019explications concernant la sortie de l\u2019avion et le saut, la posture du corps en chute libre et le comportement \u00e0 adopter aussi bien pendant que le Vol sous voile qu\u2019\u00e0 l\u2019atterrissage..<\/p>\n<\/div>\n<div>\n<p>Une fois que vous aurez atteint avec l\u00b4avion la bonne altitude, vous ne pourrez plus faire machine arri\u00e8re\u2026 Vous sautez et sentez monter l\u2019adr\u00e9naline\u2026 Vous faites l\u2019exp\u00e9rience de 50 secondes environ de chute libre \u2013 la vitesse de chute est d\u2019environ 200 km\/h\u2026 Ouais ! Une fois que le parachute s\u2019est ouvert \u00e0 une hauteur d\u2019environ 1 500 m\u00e8tres, la vitesse ralentit et vous pouvez savourer un point de vue unique pendant 5 \u00e0 8 minutes de descente sous voile. Une fois que vous aurez atterri \u00e0 l\u2019a\u00e9rodrome, nous vous remettrons un certificat \u2013 qui sera la preuve que vous avez os\u00e9 sauter et qui restera pour toujours le souvenir d\u2019impressions inoubliables \u2013 ou bien \u00ab laissez parler les images \u00bb, car vous avez aussi la possibilit\u00e9 de <a href=\"\/fr\/saut-en-tandem-video\">faire filmer ou photographier votre saut en tandem<\/a> !!!<\/p>\n<\/div>\n<div>Alors ? \u2013 \u00c7a vous tente ? Eh bien contactez-nous tout simplement et fixez un rendez-vous pour votre saut en tandem au :<\/div>\n<ul>\n<li>\n<div>Tel: +49 (0) 6837 74136<\/div>\n<\/li>\n<li>\n<div>Courriel: <a href=\"mailto:info@fsz-saar.de\">info@fsz-saar.de<\/a><\/div>\n<\/li>\n<\/ul>\n<div>\n<p>Mais peut-\u00eatre souhaitez-vous faire plaisir \u00e0 quelqu\u2019un ? Alors offrez-lui un ch\u00e8que-cadeau pour un saut en tandem. Vous pouvez le composer tr\u00e8s simplement comme vous le souhaitez sur notre boutique en ligne \u2013 saut en tandem simple ou saut en tandem avec vid\u00e9o et\/ou photos. Une fois le paiement effectu\u00e9, le ch\u00e8que-cadeau vous sera envoy\u00e9 par courriel et vous pourrez alors l\u2019imprimer.<\/p>\n<\/div>\n<div>\n<p>Vous avez encore des questions concernant les tarifs ou le saut en tandem ? Alors consultez tout simplement nos tarifs ou nos FAQ sur le saut en tandem. Nous nous tenons \u00e9galement \u00e0 votre disposition par t\u00e9l\u00e9phone au +49 (0) 6837-74136 ou bien par courriel <a href=\"mailto:info@fsz-saar.de\">info@fsz-saar.de<\/a>.<\/p>\n<\/div>\n<div>\n<p>Nous attendons votre visite avec impatience\u2026<br \/> Votre \u00e9quipe du FSZ-Saar.<\/p>\n<\/div>\n<div>\n<h3>R\u00e9servation<\/h3>\n<div>\n<p><span id=\"result_box\" class=\"short_text\" lang=\"fr\"><span class=\"\">R\u00e9servez votre saut en tandem ici&#8230; <br \/><\/span><\/span><\/p>\n<\/div>\n<p><a href=\"https:\/\/shop.fsz-saar.de\/fr\/reserver-un-saute-en-tandem\/45\/reserver-un-saute-en-tandem?c=58\">mehr<\/a><\/p>\n<\/div>\n<div>\n<h3>Boutique en ligne <\/h3>\n<div>\n<p>R\u00e9alisez dans notre boutique en ligne votre ch\u00e8que-cadeau personnalis\u00e9&#8230;<\/p>\n<\/div>\n<p><a href=\"https:\/\/shop.fsz-saar.de\/fr\/coupons\/coupons-saut-en-tandem\/\">mehr<\/a><\/p>\n<\/div>\n<div>\n<h3>Tarifs<\/h3>\n<div>\n<p>Vous trouverez ici notre liste de prix pour les sauts en tandem..<\/p>\n<\/div>\n<p><a href=\"\/fr\/list-de-tarifs\/\">mehr<\/a><\/p>\n<\/div>\n<div>\n<h3>FAQ<\/h3>\n<div>\n<p>Vous avez encore des questions concernant le saut en tandem ou bien son d\u00e9roulement&#8230;<\/p>\n<\/div>\n<p><a href=\"\/fr\/faq-sur-le-saut-en-tandem\/\">mehr<\/a><\/p>\n<\/div>\n<p><!-- {\"name\":\"\",\"type\":\"layout\",\"children\":[{\"name\":\"Header Tandemsprung\",\"type\":\"section\",\"props\":{\"width\":\"default\",\"padding\":\"\",\"style\":\"default\",\"text_color\":\"\",\"media\":\"images\\\/home-header.jpg\",\"height_viewport\":true,\"header_overlay\":\"light\",\"image\":\"wp-content\\\/uploads\\\/Tandemsprung_FSZ-Saar_web.jpg\",\"media_advanced\":true,\"image_size\":\"cover\",\"media_background\":null,\"media_overlay\":\"rgba(0, 0, 0, 0.19)\",\"height\":\"percent\",\"animation\":\"\",\"header_transparent\":\"\",\"image_position\":\"center-center\",\"image_fixed\":false,\"media_blend_mode\":\"\",\"class\":\"\",\"overlap\":true,\"padding_remove_bottom\":false,\"padding_remove_top\":false,\"vertical_align\":\"middle\",\"title_position\":\"top-left\",\"title_rotation\":\"left\",\"title_breakpoint\":\"xl\",\"video\":\"\",\"animation_delay\":false,\"image_effect\":\"\",\"image_visibility\":\"\",\"width_expand\":\"\"},\"children\":[{\"name\":\"\",\"type\":\"row\",\"props\":{\"layout\":\"1-1\",\"breakpoint\":\"m\",\"fixed_width\":\"large\"},\"children\":[{\"name\":\"\",\"type\":\"column\",\"props\":{\"widths\":[\"1-1\"],\"image_position\":\"center-center\",\"media_overlay_gradient\":\"\"}}]}]},{\"name\":\"Intro Tandemsprung\",\"type\":\"section\",\"props\":{\"style\":\"default\",\"width\":\"default\",\"image_size\":\"cover\",\"padding\":\"small\",\"image\":\"\",\"image_fixed\":false,\"image_position\":\"\",\"animation\":\"fade\",\"class\":\"\",\"padding_remove_bottom\":false,\"overlap\":true,\"header_transparent\":\"\",\"vertical_align\":\"middle\",\"title_position\":\"top-left\",\"title_rotation\":\"left\",\"title_breakpoint\":\"xl\",\"image_effect\":\"\"},\"children\":[{\"name\":\"\",\"type\":\"row\",\"props\":{\"fixed_width\":\"large\",\"breakpoint\":\"m\",\"layout\":\",2-3\",\"vertical_align\":true,\"gutter\":\"large\",\"margin\":\"xlarge\"},\"children\":[{\"name\":\"\",\"type\":\"column\",\"props\":{\"widths\":[\"\"],\"image_position\":\"center-center\",\"vertical_align\":\"middle\",\"media_overlay_gradient\":\"\"},\"children\":[{\"name\":\"\",\"type\":\"headline\",\"props\":{\"title_element\":\"h2\",\"content\":\"<span id=\\\"result_box\\\" class=\\\"\\\" lang=\\\"fr\\\"><span class=\\\"\\\">Vivez l\\u00b4exp\\u00e9rience <span id=\\\"result_box\\\" class=\\\"short_text\\\" lang=\\\"fr\\\">de la chute gr\\u00e2ce \\u00e0<\\\/span> un saut en tandem.<\\\/span><\\\/span>\",\"text_align\":\"left\",\"text_align_fallback\":\"center\",\"maxwidth\":\"\",\"title_style\":\"h1\",\"title_decoration\":\"\",\"text_align_breakpoint\":\"m\",\"block_align\":\"center\"}},{\"name\":\"\",\"type\":\"divider\",\"props\":{\"divider_element\":\"div\",\"divider_style\":\"small\",\"divider_align\":\"left\",\"divider_align_breakpoint\":\"m\",\"divider_align_fallback\":\"center\"}}]},{\"name\":\"\",\"type\":\"column\",\"props\":{\"widths\":[\"2-3\"],\"image_position\":\"center-center\",\"vertical_align\":\"middle\",\"media_overlay_gradient\":\"\"},\"children\":[{\"name\":\"\",\"type\":\"video\",\"props\":{\"video_controls\":true,\"margin\":\"default\",\"video_autoplay\":\"\",\"video_box_shadow\":\"\",\"text_align\":\"center\",\"text_align_breakpoint\":\"\",\"text_align_fallback\":\"\",\"maxwidth\":\"\",\"maxwidth_breakpoint\":\"\",\"animation\":\"\",\"visibility\":\"\",\"video\":\"https:\\\/\\\/www.youtube.com\\\/embed\\\/JqDXS-MFFbU?rel=0\",\"video_width\":\"400\",\"video_height\":\"205\",\"block_align\":\"\"}}]}]}]},{\"name\":\"Text Tandemsprung\",\"type\":\"section\",\"props\":{\"style\":\"muted\",\"width\":\"default\",\"image_size\":\"cover\",\"padding\":\"small\",\"class\":\"\",\"overlap\":false,\"vertical_align\":\"middle\",\"title_position\":\"top-left\",\"title_rotation\":\"left\",\"title_breakpoint\":\"xl\",\"image_position\":\"center-center\",\"image_effect\":\"\"},\"children\":[{\"name\":\"\",\"type\":\"row\",\"props\":{\"fixed_width\":\"large\",\"breakpoint\":\"m\",\"layout\":\"1-1\",\"margin\":\"\"},\"children\":[{\"name\":\"\",\"type\":\"column\",\"props\":{\"widths\":[\"1-1\"],\"image_position\":\"center-center\",\"media_overlay_gradient\":\"\"},\"children\":[{\"name\":\"\",\"type\":\"headline\",\"props\":{\"title_element\":\"h1\",\"content\":\"<span id=\\\"result_box\\\" class=\\\"short_text\\\" lang=\\\"fr\\\"><span class=\\\"\\\">Le d\\u00e9roulement<br \\\/><\\\/span><\\\/span>\",\"text_align\":\"left\",\"text_align_breakpoint\":\"m\",\"text_align_fallback\":\"center\"}}]}]},{\"name\":\"\",\"type\":\"row\",\"props\":{\"fixed_width\":\"large\",\"breakpoint\":\"m\",\"layout\":\"2-3,\",\"match\":false,\"margin\":\"small\",\"gutter\":\"large\",\"divider\":false,\"width\":\"default\",\"vertical_align\":false},\"children\":[{\"name\":\"\",\"type\":\"column\",\"props\":{\"widths\":[\"2-3\"],\"image_position\":\"center-center\",\"media_overlay_gradient\":\"\"},\"children\":[{\"name\":\"\",\"type\":\"text\",\"props\":{\"column_breakpoint\":\"m\",\"margin\":\"default\",\"content\":\"\n\n<p>Voler est un des plus vieux r\\u00eaves de l\\u2019humanit\\u00e9 \\u2013 un r\\u00eave que vous pouvez r\\u00e9aliser vous aussi. Un saut en tandem vous permettra de sentir l\\u2019ivresse que procure une chute libre. Le vol, le saut, la vitesse en chute libre, le sentiment de planer \\u00e0 l\\u2019aide du parachute \\u2013 une exp\\u00e9rience \\u00e9poustouflante et indescriptible \\u00e0 la fois. Vous mesurez au moins 140 cm, vous avez plus de 12 ans (si mineur - seulement <span class=\\\"short_text\\\" lang=\\\"fr\\\"><span id=\\\"result_box\\\" lang=\\\"fr\\\"><span title=\\\"A tandem jump of minors is only possible with the written consent of both parents.\\\">possible avec le consentement \\u00e9crit des deux parents)<\\\/span><\\\/span><\\\/span> et vous pesez moins de 95 kg, alors rien ne s\\u2019oppose \\u00e0 votre saut en tandem.<\\\/p>\",\"dropcap\":false,\"column\":\"\",\"column_divider\":true}},{\"name\":\"\",\"type\":\"text\",\"props\":{\"column_breakpoint\":\"m\",\"margin\":\"default\",\"content\":\"\n\n<p>Peu avant le saut en tandem, un de nos moniteur-tandem vous donnera des instructions d\\u00e9taill\\u00e9es et il vous expliquera le d\\u00e9roulement g\\u00e9n\\u00e9ral de votre saut en tandem. Il s\\u2019agit en premier lieu d\\u2019explications concernant la sortie de l\\u2019avion et le saut, la posture du corps en chute libre et le comportement \\u00e0 adopter aussi bien pendant que le Vol sous voile qu\\u2019\\u00e0 l\\u2019atterrissage..<\\\/p>\"}},{\"name\":\"\",\"type\":\"text\",\"props\":{\"column_breakpoint\":\"m\",\"margin\":\"default\",\"content\":\"\n\n<p>Une fois que vous aurez atteint avec l\\u00b4avion la bonne altitude, vous ne pourrez plus faire machine arri\\u00e8re\\u2026 Vous sautez et sentez monter l\\u2019adr\\u00e9naline\\u2026 Vous faites l\\u2019exp\\u00e9rience de 50 secondes environ de chute libre \\u2013 la vitesse de chute est d\\u2019environ 200 km\\\/h\\u2026 Ouais ! Une fois que le parachute s\\u2019est ouvert \\u00e0 une hauteur d\\u2019environ 1 500 m\\u00e8tres, la vitesse ralentit et vous pouvez savourer un point de vue unique pendant 5 \\u00e0 8 minutes de descente sous voile. Une fois que vous aurez atterri \\u00e0 l\\u2019a\\u00e9rodrome, nous vous remettrons un certificat \\u2013 qui sera la preuve que vous avez os\\u00e9 sauter et qui restera pour toujours le souvenir d\\u2019impressions inoubliables \\u2013 ou bien \\u00ab laissez parler les images \\u00bb, car vous avez aussi la possibilit\\u00e9 de <a href=\\\"\\\/fr\\\/saut-en-tandem-video\\\">faire filmer ou photographier votre saut en tandem<\\\/a> !!!<\\\/p>\"}},{\"name\":\"\",\"type\":\"text\",\"props\":{\"column_breakpoint\":\"m\",\"margin\":\"default\",\"content\":\"Alors ? \\u2013 \\u00c7a vous tente ? Eh bien contactez-nous tout simplement et fixez un rendez-vous pour votre saut en tandem au :\"}},{\"name\":\"\",\"type\":\"list\",\"props\":{\"image_align\":\"left\",\"image\":true,\"show_image\":true,\"show_link\":true,\"content_style\":null,\"image_svg_color\":\"emphasis\",\"image_vertical_align\":true},\"children\":[{\"name\":\"\",\"type\":\"list_item\",\"props\":{\"content\":\"Tel: +49 (0) 6837 74136\",\"icon\":\"phone\",\"icon_color\":\"primary\"}},{\"name\":\"\",\"type\":\"list_item\",\"props\":{\"content\":\"Courriel: <a href=\\\"mailto:info@fsz-saar.de\\\">info@fsz-saar.de<\\\/a>\",\"icon\":\"mail\",\"icon_color\":\"primary\"}}]},{\"name\":\"\",\"type\":\"text\",\"props\":{\"column_breakpoint\":\"m\",\"margin\":\"default\",\"content\":\"\n\n<p>Mais peut-\\u00eatre souhaitez-vous faire plaisir \\u00e0 quelqu\\u2019un ? Alors offrez-lui un ch\\u00e8que-cadeau pour un saut en tandem. Vous pouvez le composer tr\\u00e8s simplement comme vous le souhaitez sur notre boutique en ligne \\u2013 saut en tandem simple ou saut en tandem avec vid\\u00e9o et\\\/ou photos. Une fois le paiement effectu\\u00e9, le ch\\u00e8que-cadeau vous sera envoy\\u00e9 par courriel et vous pourrez alors l\\u2019imprimer.<\\\/p>\"}},{\"name\":\"\",\"type\":\"text\",\"props\":{\"column_breakpoint\":\"m\",\"margin\":\"default\",\"content\":\"\n\n<p>Vous avez encore des questions concernant les tarifs ou le saut en tandem ? Alors consultez tout simplement nos tarifs ou nos FAQ sur le saut en tandem. Nous nous tenons \\u00e9galement \\u00e0 votre disposition par t\\u00e9l\\u00e9phone au +49 (0) 6837-74136 ou bien par courriel <a href=\\\"mailto:info@fsz-saar.de\\\">info@fsz-saar.de<\\\/a>.<\\\/p>\"}},{\"name\":\"\",\"type\":\"text\",\"props\":{\"column_breakpoint\":\"m\",\"margin\":\"default\",\"content\":\"\n\n<p>Nous attendons votre visite avec impatience\\u2026<br \\\/> Votre \\u00e9quipe du FSZ-Saar.<\\\/p>\"}}]},{\"name\":\"\",\"type\":\"column\",\"props\":{\"widths\":[\"\"],\"image_position\":\"center-center\",\"media_overlay_gradient\":\"\"},\"children\":[{\"name\":\"\",\"type\":\"panel\",\"props\":{\"icon_ratio\":\"2\",\"title_element\":\"h3\",\"image_align\":\"between\",\"image_grid_width\":\"1-2\",\"image_breakpoint\":\"m\",\"link_style\":\"default\",\"margin\":\"medium\",\"panel_style\":\"\",\"content\":\"\n\n<p><span id=\\\"result_box\\\" class=\\\"short_text\\\" lang=\\\"fr\\\"><span class=\\\"\\\">R\\u00e9servez votre saut en tandem ici... <br \\\/><\\\/span><\\\/span><\\\/p>\",\"title\":\"R\\u00e9servation\",\"image\":\"\",\"text_align\":\"center\",\"link\":\"https:\\\/\\\/shop.fsz-saar.de\\\/fr\\\/reserver-un-saute-en-tandem\\\/45\\\/reserver-un-saute-en-tandem?c=58\",\"link_text\":\"mehr\",\"image_border\":\"\",\"image_gutter\":\"large\",\"image_vertical_align\":true,\"panel_size\":\"small\",\"meta_style\":\"meta\",\"meta_align\":\"above-title\",\"meta\":\"\",\"meta_margin\":\"\",\"link_size\":\"small\",\"text_align_breakpoint\":\"m\",\"text_align_fallback\":\"center\",\"image_width\":\"\",\"image_height\":\"\",\"title_decoration\":\"bullet\",\"icon\":\"calendar\",\"link_target\":true,\"title_margin\":\"small\",\"link_type\":\"content\",\"panel_card_image\":true,\"title_hover_style\":\"reset\",\"title_align\":\"top\",\"title_grid_width\":\"1-2\",\"title_breakpoint\":\"m\",\"image_svg_color\":\"emphasis\"}},{\"name\":\"\",\"type\":\"panel\",\"props\":{\"icon_ratio\":\"2\",\"title_element\":\"h3\",\"image_align\":\"between\",\"image_grid_width\":\"1-2\",\"image_breakpoint\":\"m\",\"link_style\":\"default\",\"margin\":\"medium\",\"panel_style\":\"\",\"content\":\"\n\n<p>R\\u00e9alisez dans notre boutique en ligne votre ch\\u00e8que-cadeau personnalis\\u00e9...<\\\/p>\",\"title\":\"Boutique en ligne \",\"image\":\"\",\"text_align\":\"center\",\"link\":\"https:\\\/\\\/shop.fsz-saar.de\\\/fr\\\/coupons\\\/coupons-saut-en-tandem\\\/\",\"link_text\":\"mehr\",\"image_border\":\"\",\"image_gutter\":\"\",\"animation\":\"slide-right-small\",\"panel_size\":\"large\",\"image_vertical_align\":true,\"meta_style\":\"meta\",\"meta_align\":\"above-title\",\"meta\":\"\",\"meta_margin\":\"\",\"link_size\":\"small\",\"text_align_breakpoint\":\"m\",\"text_align_fallback\":\"center\",\"title_decoration\":\"bullet\",\"icon\":\"cart\",\"link_target\":true,\"title_margin\":\"small\",\"link_type\":\"content\",\"panel_card_image\":true,\"title_hover_style\":\"reset\",\"title_align\":\"top\",\"title_grid_width\":\"1-2\",\"title_breakpoint\":\"m\",\"image_svg_color\":\"emphasis\"}},{\"name\":\"\",\"type\":\"panel\",\"props\":{\"icon_ratio\":\"2\",\"title_element\":\"h3\",\"image_align\":\"between\",\"image_grid_width\":\"1-2\",\"image_breakpoint\":\"m\",\"link_style\":\"default\",\"margin\":\"medium\",\"panel_style\":\"\",\"content\":\"\n\n<p>Vous trouverez ici notre liste de prix pour les sauts en tandem..<\\\/p>\",\"title\":\"Tarifs\",\"image\":\"\",\"text_align\":\"center\",\"link\":\"\\\/fr\\\/list-de-tarifs\\\/\",\"link_text\":\"mehr\",\"image_border\":\"\",\"image_gutter\":\"\",\"image_vertical_align\":true,\"panel_size\":\"large\",\"text_align_breakpoint\":\"m\",\"text_align_fallback\":\"center\",\"meta_style\":\"meta\",\"meta_align\":\"above-title\",\"meta\":\"\",\"content_style\":\"\",\"meta_margin\":\"\",\"title_style\":\"\",\"link_size\":\"small\",\"icon\":\"tag\",\"title_decoration\":\"bullet\",\"title_color\":\"\",\"image_box_shadow\":\"\",\"image_hover_box_shadow\":\"\",\"icon_color\":\"\",\"maxwidth\":\"\",\"maxwidth_breakpoint\":\"\",\"animation\":\"\",\"visibility\":\"\",\"title_margin\":\"small\",\"link_type\":\"content\",\"panel_card_image\":true,\"block_align\":\"\",\"title_hover_style\":\"reset\",\"title_align\":\"top\",\"title_grid_width\":\"1-2\",\"title_breakpoint\":\"m\",\"image_svg_color\":\"emphasis\"}},{\"name\":\"\",\"type\":\"panel\",\"props\":{\"icon_ratio\":\"2\",\"title_element\":\"h3\",\"image_align\":\"between\",\"image_grid_width\":\"1-2\",\"image_breakpoint\":\"m\",\"link_style\":\"default\",\"margin\":\"medium\",\"panel_style\":\"\",\"content\":\"\n\n<p>Vous avez encore des questions concernant le saut en tandem ou bien son d\\u00e9roulement...<\\\/p>\",\"title\":\"FAQ\",\"image\":\"\",\"text_align\":\"center\",\"link\":\"\\\/fr\\\/faq-sur-le-saut-en-tandem\\\/\",\"link_text\":\"mehr\",\"image_border\":\"\",\"image_gutter\":\"\",\"image_vertical_align\":true,\"panel_size\":\"large\",\"meta_style\":\"meta\",\"meta_align\":\"above-title\",\"meta\":\"\",\"meta_margin\":\"\",\"link_size\":\"small\",\"text_align_breakpoint\":\"m\",\"text_align_fallback\":\"center\",\"title_decoration\":\"bullet\",\"icon\":\"question\",\"title_margin\":\"small\",\"link_type\":\"content\",\"panel_card_image\":true,\"title_hover_style\":\"reset\",\"title_align\":\"top\",\"title_grid_width\":\"1-2\",\"title_breakpoint\":\"m\",\"image_svg_color\":\"emphasis\"}}]}]}]}],\"props\":[],\"version\":\"1.20.6\"} --><\/p>\n","protected":false},"excerpt":{"rendered":"<p>Vivez l\u00b4exp\u00e9rience de la chute gr\u00e2ce \u00e0 un saut en tandem. Le d\u00e9roulement Voler est un des plus vieux r\u00eaves de l\u2019humanit\u00e9 \u2013 un r\u00eave que vous pouvez r\u00e9aliser vous aussi. Un saut en tandem vous permettra de sentir l\u2019ivresse que procure une chute libre. Le vol, le saut, la vitesse en chute libre, le [&hellip;]<\/p>\n","protected":false},"author":3,"featured_media":0,"parent":0,"menu_order":0,"comment_status":"closed","ping_status":"closed","template":"","meta":{"footnotes":""},"class_list":["post-1242","page","type-page","status-publish","hentry"],"_links":{"self":[{"href":"https:\/\/fsz-saar.de\/fr\/wp-json\/wp\/v2\/pages\/1242","targetHints":{"allow":["GET"]}}],"collection":[{"href":"https:\/\/fsz-saar.de\/fr\/wp-json\/wp\/v2\/pages"}],"about":[{"href":"https:\/\/fsz-saar.de\/fr\/wp-json\/wp\/v2\/types\/page"}],"author":[{"embeddable":true,"href":"https:\/\/fsz-saar.de\/fr\/wp-json\/wp\/v2\/users\/3"}],"replies":[{"embeddable":true,"href":"https:\/\/fsz-saar.de\/fr\/wp-json\/wp\/v2\/comments?post=1242"}],"version-history":[{"count":45,"href":"https:\/\/fsz-saar.de\/fr\/wp-json\/wp\/v2\/pages\/1242\/revisions"}],"predecessor-version":[{"id":3264,"href":"https:\/\/fsz-saar.de\/fr\/wp-json\/wp\/v2\/pages\/1242\/revisions\/3264"}],"wp:attachment":[{"href":"https:\/\/fsz-saar.de\/fr\/wp-json\/wp\/v2\/media?parent=1242"}],"curies":[{"name":"wp","href":"https:\/\/api.w.org\/{rel}","templated":true}]}}