{"id":1246,"date":"2019-03-08T05:00:56","date_gmt":"2019-03-08T03:00:56","guid":{"rendered":"http:\/\/neu.fsz-saar.de\/?page_id=1246"},"modified":"2026-04-03T12:00:46","modified_gmt":"2026-04-03T10:00:46","slug":"list-de-tarifs","status":"publish","type":"page","link":"https:\/\/fsz-saar.de\/fr\/list-de-tarifs\/","title":{"rendered":"List de tarifs"},"content":{"rendered":"<p><!-- Builder # --><\/p>\n<h2>Les tarifs<\/h2>\n<div>\n<h3 style=\"text-align: right;\">valide \u00e0 partir de avril-2026<\/h3>\n<\/div>\n<h1>Saut en tandem<\/h1>\n<ul>\n<li>\n<h3>de 4000m<\/h3>\n<div>\n<p>265 Euro<\/p>\n<\/div>\n<\/li>\n<li>\n<h3>de 4000m avec Vid\u00e9o (un vid\u00e9aste suppl\u00e9mentaire nous accompagnera)<\/h3>\n<div>\n<p>385 Euro<\/p>\n<\/div>\n<\/li>\n<li>\n<h3>de 4000m avec Photos (un vid\u00e9aste suppl\u00e9mentaire nous accompagnera)<\/h3>\n<div>\n<p>385 Euro<\/p>\n<\/div>\n<\/li>\n<li>\n<h3>de 4000m avec Vid\u00e9o et Photos (un vid\u00e9aste suppl\u00e9mentaire nous accompagnera)<\/h3>\n<div>\n<p>415 Euro<\/p>\n<\/div>\n<\/li>\n<li>\n<div>\n<p>les prix incluent une TVA \u00e0 19%<\/p>\n<\/div>\n<\/li>\n<\/ul>\n<h1>Les tarifs pour sauteurs licenc\u00e9s<\/h1>\n<ul>\n<li>\n<h3>Ticket individuel 2000 m<\/h3>\n<div>\n<p>40 Euro<\/p>\n<\/div>\n<\/li>\n<li>\n<h3>Ticket individuel 4000 m<\/h3>\n<div>\n<p>42 Euro<\/p>\n<\/div>\n<\/li>\n<li>\n<h3>25 tickets 4000 m <\/h3>\n<div>\n<p>1025 Euro<\/p>\n<\/div>\n<\/li>\n<li>\n<h3>50 tickets 4000 m <\/h3>\n<div>\n<p>2000 Euro<\/p>\n<\/div>\n<\/li>\n<li>\n<h3>Ticket de \u00e9quipe FS-4-Way (5 si\u00e8ges) 3200 m <\/h3>\n<div>\n<p>sur demande<\/p>\n<\/div>\n<\/li>\n<li>\n<h3>Ticket de \u00e9quipe FS-4-Way (5 si\u00e8ges) 4000 m <\/h3>\n<div>\n<p>sur demande<\/p>\n<\/div>\n<\/li>\n<li>\n<h3>Ticket de \u00e9quipe FS-8-Way (9 si\u00e8ges) 4000 m <\/h3>\n<div>\n<p>sur demande<\/p>\n<\/div>\n<\/li>\n<li>\n<div>\n<p>les prix incluent une TVA \u00e0 19%<\/p>\n<\/div>\n<\/li>\n<\/ul>\n<h1>Les tarifs pour sauteurs licenc\u00e9s de FSV Saar e.V.<\/h1>\n<h1>\n<h4>Les prix s&rsquo;appliquent uniquement aux membres du club FSV Saar e.V.<\/h4>\n<\/h1>\n<ul>\n<li>\n<h3>Ticket individuel 2000 m &#8211; club<\/h3>\n<div>\n<p>36 Euro<\/p>\n<\/div>\n<\/li>\n<li>\n<h3>Ticket individuel 4000 m &#8211; club<\/h3>\n<div>\n<p>38 Euro<\/p>\n<\/div>\n<\/li>\n<li>\n<h3>25 tickets 4000 m &#8211; club<\/h3>\n<div>\n<p>925 Euro<\/p>\n<\/div>\n<\/li>\n<li>\n<h3>50 tickets 4000 m &#8211; club<\/h3>\n<div>\n<p>1800 Euro<\/p>\n<\/div>\n<\/li>\n<li>\n<h3>Ticket de \u00e9quipe FS-4-Way (5 si\u00e8ges) 3200 m<\/h3>\n<div>\n<p>sur demande<\/p>\n<\/div>\n<\/li>\n<li>\n<h3>Ticket de \u00e9quipe FS-4-Way (5 si\u00e8ges) 4000 m<\/h3>\n<div>\n<p>sur demande<\/p>\n<\/div>\n<\/li>\n<li>\n<h3>Ticket de \u00e9quipe FS-8-Way (9 si\u00e8ges) 4000 m<\/h3>\n<div>\n<p>sur demande<\/p>\n<\/div>\n<\/li>\n<li>\n<div>\n<p style=\"text-align: left;\">les prix incluent une TVA \u00e0 7%<\/p>\n<\/div>\n<\/li>\n<\/ul>\n<h1>Divers<\/h1>\n<ul>\n<li>\n<h3>Video chute libre (vid\u00e9o d\u2019environ 6 \u00e0 8 minutes)<\/h3>\n<div>\n<p>115 Euro<\/p>\n<\/div>\n<\/li>\n<li>\n<h3>Photos chute libre (environ 200 \u00e0 250 photos, haute r\u00e9solution)<\/h3>\n<div>\n<p>120 Euro<\/p>\n<\/div>\n<\/li>\n<li>\n<h3>Video et Photos chute libre (vid\u00e9o d\u2019environ 6 \u00e0 8 minutes + environ 200 \u00e0 250 photos, haute r\u00e9solution)<\/h3>\n<div>\n<p>150 Euro<\/p>\n<\/div>\n<\/li>\n<li>\n<div>\n<p>les prix incluent une TVA \u00e0 19%<\/p>\n<\/div>\n<\/li>\n<\/ul>\n<p><!-- {\"name\":\"\",\"type\":\"layout\",\"children\":[{\"name\":\"Header Preise\",\"type\":\"section\",\"props\":{\"width\":\"default\",\"padding\":\"none\",\"style\":\"image\",\"text_color\":\"\",\"media\":\"images\\\/home-header.jpg\",\"height_viewport\":true,\"header_overlay\":\"light\",\"image\":\"wp-content\\\/uploads\\\/Tandemsprung_saarland_FSZ_1.jpg\",\"media_advanced\":true,\"image_size\":\"cover\",\"media_background\":null,\"media_overlay\":\"rgba(0, 0, 0, 0.19)\",\"height\":\"percent\",\"animation\":\"\",\"header_transparent\":\"\",\"image_position\":\"top-center\",\"image_fixed\":false,\"media_blend_mode\":\"\",\"class\":\"\",\"overlap\":true,\"padding_remove_bottom\":false,\"padding_remove_top\":false,\"vertical_align\":\"middle\",\"title_position\":\"top-left\",\"title_rotation\":\"left\",\"title_breakpoint\":\"xl\",\"image_effect\":\"\",\"width_expand\":\"\"},\"children\":[{\"name\":\"\",\"type\":\"row\",\"props\":{\"layout\":\"1-1\",\"breakpoint\":\"m\",\"fixed_width\":\"large\"},\"children\":[{\"name\":\"\",\"type\":\"column\",\"props\":{\"widths\":[\"1-1\"],\"image_position\":\"center-center\",\"media_overlay_gradient\":\"\"}}]}]},{\"name\":\"Intro Preise\",\"type\":\"section\",\"props\":{\"style\":\"default\",\"width\":\"default\",\"image_size\":\"cover\",\"padding\":\"small\",\"image\":\"\",\"image_fixed\":false,\"image_position\":\"\",\"animation\":\"\",\"class\":\"\",\"padding_remove_bottom\":false,\"overlap\":true,\"header_transparent\":\"\",\"vertical_align\":\"middle\",\"title_position\":\"top-left\",\"title_rotation\":\"left\",\"title_breakpoint\":\"xl\",\"image_effect\":\"\"},\"children\":[{\"name\":\"\",\"type\":\"row\",\"props\":{\"fixed_width\":\"large\",\"breakpoint\":\"m\",\"layout\":\",2-3\",\"vertical_align\":true,\"gutter\":\"large\",\"margin\":\"xlarge\"},\"children\":[{\"name\":\"\",\"type\":\"column\",\"props\":{\"widths\":[\"\"],\"image_position\":\"center-center\",\"vertical_align\":\"middle\",\"media_overlay_gradient\":\"\"},\"children\":[{\"name\":\"\",\"type\":\"headline\",\"props\":{\"title_element\":\"h2\",\"content\":\"Les tarifs\",\"text_align\":\"left\",\"text_align_fallback\":\"center\",\"maxwidth\":\"\",\"title_style\":\"h1\",\"title_decoration\":\"\",\"text_align_breakpoint\":\"m\",\"block_align\":\"center\"}},{\"name\":\"\",\"type\":\"divider\",\"props\":{\"divider_element\":\"div\",\"divider_style\":\"small\",\"divider_align\":\"left\",\"divider_align_breakpoint\":\"m\",\"divider_align_fallback\":\"center\"}}]},{\"name\":\"\",\"type\":\"column\",\"props\":{\"widths\":[\"2-3\"],\"image_position\":\"center-center\",\"vertical_align\":\"middle\",\"media_overlay_gradient\":\"\"},\"children\":[{\"name\":\"\",\"type\":\"text\",\"props\":{\"column_breakpoint\":\"m\",\"margin\":\"default\",\"content\":\"\n\n<h3 style=\\\"text-align: right;\\\">valide \\u00e0 partir de avril-2026<\\\/h3>\",\"dropcap\":false,\"column\":\"\",\"column_divider\":true,\"text_style\":\"\",\"text_color\":\"\",\"text_size\":\"\",\"position\":\"\",\"position_z_index\":\"\",\"maxwidth\":\"\",\"maxwidth_breakpoint\":\"\",\"block_align\":\"\",\"block_align_breakpoint\":\"\",\"block_align_fallback\":\"\",\"text_align\":\"\",\"text_align_breakpoint\":\"\",\"text_align_fallback\":\"\",\"animation\":\"\",\"visibility\":\"\"}}]}]}]},{\"name\":\"Preise Tandemsprung\",\"type\":\"section\",\"props\":{\"style\":\"muted\",\"width\":\"default\",\"image_size\":\"cover\",\"padding\":\"small\",\"class\":\"\",\"overlap\":false,\"vertical_align\":\"middle\",\"title_position\":\"top-left\",\"title_rotation\":\"left\",\"title_breakpoint\":\"xl\",\"image_position\":\"center-center\",\"image_effect\":\"\"},\"children\":[{\"name\":\"\",\"type\":\"row\",\"props\":{\"fixed_width\":\"large\",\"breakpoint\":\"m\",\"layout\":\"1-1\",\"match\":false,\"margin\":\"large\",\"gutter\":\"large\",\"divider\":false,\"width\":\"default\"},\"children\":[{\"name\":\"\",\"type\":\"column\",\"props\":{\"widths\":[\"1-1\"],\"image_position\":\"center-center\",\"media_overlay_gradient\":\"\"},\"children\":[{\"name\":\"\",\"type\":\"headline\",\"props\":{\"title_element\":\"h1\",\"content\":\"Saut en tandem\",\"text_align\":\"left\",\"text_align_breakpoint\":\"m\",\"text_align_fallback\":\"center\"}},{\"name\":\"\",\"type\":\"description_list\",\"props\":{\"text_align\":\"left\",\"layout\":\"grid-2\",\"title_style\":\"\",\"title_colon\":false,\"link_style\":\"\",\"list_style\":\"\",\"show_title\":true,\"show_meta\":true,\"show_content\":true,\"show_link\":true,\"width\":\"expand\",\"gutter\":\"small\",\"meta_style\":\"meta\",\"meta_align\":\"below-content\",\"breakpoint\":\"\",\"title_color\":\"\",\"content_style\":\"\",\"text_align_breakpoint\":\"\",\"text_align_fallback\":\"\",\"maxwidth\":\"\",\"maxwidth_breakpoint\":\"\",\"margin\":\"\",\"animation\":\"\",\"visibility\":\"\",\"block_align\":\"\",\"meta_color\":\"\",\"position\":\"\",\"position_z_index\":\"\",\"block_align_breakpoint\":\"\",\"block_align_fallback\":\"\"},\"children\":[{\"name\":\"\",\"type\":\"description_list_item\",\"props\":{\"title\":\"de 4000m\",\"content\":\"\n\n<p>265 Euro<\\\/p>\"}},{\"name\":\"\",\"type\":\"description_list_item\",\"props\":{\"title\":\"de 4000m avec Vid\\u00e9o (un vid\\u00e9aste suppl\\u00e9mentaire nous accompagnera)\",\"content\":\"\n\n<p>385 Euro<\\\/p>\"}},{\"name\":\"\",\"type\":\"description_list_item\",\"props\":{\"title\":\"de 4000m avec Photos (un vid\\u00e9aste suppl\\u00e9mentaire nous accompagnera)\",\"content\":\"\n\n<p>385 Euro<\\\/p>\"}},{\"name\":\"\",\"type\":\"description_list_item\",\"props\":{\"title\":\"de 4000m avec Vid\\u00e9o et Photos (un vid\\u00e9aste suppl\\u00e9mentaire nous accompagnera)\",\"content\":\"\n\n<p>415 Euro<\\\/p>\"}},{\"type\":\"description_list_item\",\"props\":{\"content\":\"\n\n<p>les prix incluent une TVA \\u00e0 19%<\\\/p>\"}}]}]}]}]},{\"name\":\"Preise Tickets\",\"type\":\"section\",\"props\":{\"style\":\"muted\",\"width\":\"default\",\"image_size\":\"cover\",\"padding\":\"small\",\"class\":\"\",\"overlap\":false,\"vertical_align\":\"middle\",\"title_position\":\"top-left\",\"title_rotation\":\"left\",\"title_breakpoint\":\"xl\",\"image_position\":\"center-center\",\"image_effect\":\"\"},\"children\":[{\"name\":\"\",\"type\":\"row\",\"props\":{\"fixed_width\":\"large\",\"breakpoint\":\"m\",\"layout\":\"1-1\",\"match\":false,\"margin\":\"large\",\"gutter\":\"large\",\"divider\":false,\"width\":\"default\"},\"children\":[{\"name\":\"\",\"type\":\"column\",\"props\":{\"widths\":[\"1-1\"],\"image_position\":\"center-center\",\"media_overlay_gradient\":\"\"},\"children\":[{\"name\":\"\",\"type\":\"headline\",\"props\":{\"title_element\":\"h1\",\"content\":\"Les tarifs pour sauteurs licenc\\u00e9s\",\"text_align\":\"left\",\"text_align_breakpoint\":\"m\",\"text_align_fallback\":\"center\"}},{\"name\":\"\",\"type\":\"description_list\",\"props\":{\"text_align\":\"left\",\"layout\":\"grid-2\",\"title_style\":\"\",\"title_colon\":false,\"link_style\":\"\",\"list_style\":\"\",\"show_title\":true,\"show_meta\":true,\"show_content\":true,\"show_link\":true,\"width\":\"expand\",\"gutter\":\"small\",\"meta_style\":\"meta\",\"meta_align\":\"below-content\",\"breakpoint\":\"\",\"title_color\":\"\",\"meta_color\":\"\",\"content_style\":\"\",\"position\":\"\",\"position_z_index\":\"\",\"margin\":\"\",\"maxwidth\":\"\",\"maxwidth_breakpoint\":\"\",\"block_align\":\"\",\"block_align_breakpoint\":\"\",\"block_align_fallback\":\"\",\"text_align_breakpoint\":\"\",\"text_align_fallback\":\"\",\"animation\":\"\",\"visibility\":\"\"},\"children\":[{\"name\":\"\",\"type\":\"description_list_item\",\"props\":{\"title\":\"Ticket individuel 2000 m\",\"content\":\"\n\n<p>40 Euro<\\\/p>\"}},{\"name\":\"\",\"type\":\"description_list_item\",\"props\":{\"title\":\"Ticket individuel 4000 m\",\"content\":\"\n\n<p>42 Euro<\\\/p>\"}},{\"name\":\"\",\"type\":\"description_list_item\",\"props\":{\"title\":\"25 tickets 4000 m \",\"content\":\"\n\n<p>1025 Euro<\\\/p>\"}},{\"name\":\"\",\"type\":\"description_list_item\",\"props\":{\"title\":\"50 tickets 4000 m \",\"content\":\"\n\n<p>2000 Euro<\\\/p>\"}},{\"name\":\"\",\"type\":\"description_list_item\",\"props\":{\"title\":\"Ticket de \\u00e9quipe FS-4-Way (5 si\\u00e8ges) 3200 m \",\"content\":\"\n\n<p>sur demande<\\\/p>\"}},{\"name\":\"\",\"type\":\"description_list_item\",\"props\":{\"title\":\"Ticket de \\u00e9quipe FS-4-Way (5 si\\u00e8ges) 4000 m \",\"content\":\"\n\n<p>sur demande<\\\/p>\"}},{\"name\":\"\",\"type\":\"description_list_item\",\"props\":{\"title\":\"Ticket de \\u00e9quipe FS-8-Way (9 si\\u00e8ges) 4000 m \",\"content\":\"\n\n<p>sur demande<\\\/p>\"}},{\"type\":\"description_list_item\",\"props\":{\"content\":\"\n\n<p>les prix incluent une TVA \\u00e0 19%<\\\/p>\",\"title\":\"\"}}]}]}]}]},{\"name\":\"Preise Tickets\",\"type\":\"section\",\"props\":{\"style\":\"muted\",\"width\":\"default\",\"image_size\":\"cover\",\"padding\":\"small\",\"class\":\"\",\"overlap\":false,\"vertical_align\":\"middle\",\"title_position\":\"top-left\",\"title_rotation\":\"left\",\"title_breakpoint\":\"xl\",\"image_position\":\"center-center\",\"image_effect\":\"\"},\"children\":[{\"name\":\"\",\"type\":\"row\",\"props\":{\"fixed_width\":\"large\",\"breakpoint\":\"m\",\"layout\":\"1-1\",\"match\":false,\"margin\":\"large\",\"gutter\":\"large\",\"divider\":false,\"width\":\"default\"},\"children\":[{\"name\":\"\",\"type\":\"column\",\"props\":{\"widths\":[\"1-1\"],\"image_position\":\"center-center\",\"media_overlay_gradient\":\"\"},\"children\":[{\"name\":\"\",\"type\":\"headline\",\"props\":{\"title_element\":\"h1\",\"content\":\"Les tarifs pour sauteurs licenc\\u00e9s de FSV Saar e.V.\",\"text_align\":\"left\",\"text_align_breakpoint\":\"m\",\"text_align_fallback\":\"center\",\"title_style\":\"\",\"title_decoration\":\"\",\"title_color\":\"\",\"position\":\"\",\"position_z_index\":\"\",\"margin\":\"\",\"maxwidth\":\"\",\"maxwidth_breakpoint\":\"\",\"block_align\":\"\",\"block_align_breakpoint\":\"\",\"block_align_fallback\":\"\",\"animation\":\"\",\"visibility\":\"\"}},{\"type\":\"headline\",\"props\":{\"title_element\":\"h1\",\"title_style\":\"\",\"title_decoration\":\"\",\"title_color\":\"\",\"position\":\"\",\"position_z_index\":\"\",\"margin\":\"\",\"maxwidth\":\"\",\"maxwidth_breakpoint\":\"\",\"block_align\":\"\",\"block_align_breakpoint\":\"\",\"block_align_fallback\":\"\",\"text_align\":\"\",\"text_align_breakpoint\":\"\",\"text_align_fallback\":\"\",\"animation\":\"\",\"visibility\":\"\",\"content\":\"\n\n<h4>Les prix s'appliquent uniquement aux membres du club FSV Saar e.V.<\\\/h4>\"}},{\"name\":\"\",\"type\":\"description_list\",\"props\":{\"text_align\":\"left\",\"layout\":\"grid-2\",\"title_style\":\"\",\"title_colon\":false,\"link_style\":\"\",\"list_style\":\"\",\"show_title\":true,\"show_meta\":true,\"show_content\":true,\"show_link\":true,\"width\":\"expand\",\"gutter\":\"small\",\"meta_style\":\"meta\",\"meta_align\":\"below-content\",\"breakpoint\":\"\",\"title_color\":\"\",\"meta_color\":\"\",\"content_style\":\"\",\"position\":\"\",\"position_z_index\":\"\",\"margin\":\"\",\"maxwidth\":\"\",\"maxwidth_breakpoint\":\"\",\"block_align\":\"\",\"block_align_breakpoint\":\"\",\"block_align_fallback\":\"\",\"text_align_breakpoint\":\"\",\"text_align_fallback\":\"\",\"animation\":\"\",\"visibility\":\"\"},\"children\":[{\"name\":\"\",\"type\":\"description_list_item\",\"props\":{\"title\":\"Ticket individuel 2000 m - club\",\"content\":\"\n\n<p>36 Euro<\\\/p>\"}},{\"name\":\"\",\"type\":\"description_list_item\",\"props\":{\"title\":\"Ticket individuel 4000 m - club\",\"content\":\"\n\n<p>38 Euro<\\\/p>\"}},{\"name\":\"\",\"type\":\"description_list_item\",\"props\":{\"title\":\"25 tickets 4000 m - club\",\"content\":\"\n\n<p>925 Euro<\\\/p>\"}},{\"name\":\"\",\"type\":\"description_list_item\",\"props\":{\"title\":\"50 tickets 4000 m - club\",\"content\":\"\n\n<p>1800 Euro<\\\/p>\"}},{\"name\":\"\",\"type\":\"description_list_item\",\"props\":{\"title\":\"Ticket de \\u00e9quipe FS-4-Way (5 si\\u00e8ges) 3200 m\",\"content\":\"\n\n<p>sur demande<\\\/p>\"}},{\"name\":\"\",\"type\":\"description_list_item\",\"props\":{\"title\":\"Ticket de \\u00e9quipe FS-4-Way (5 si\\u00e8ges) 4000 m\",\"content\":\"\n\n<p>sur demande<\\\/p>\"}},{\"name\":\"\",\"type\":\"description_list_item\",\"props\":{\"title\":\"Ticket de \\u00e9quipe FS-8-Way (9 si\\u00e8ges) 4000 m\",\"content\":\"\n\n<p>sur demande<\\\/p>\"}},{\"type\":\"description_list_item\",\"props\":{\"content\":\"\n\n<p style=\\\"text-align: left;\\\">les prix incluent une TVA \\u00e0 7%<\\\/p>\",\"title\":\"\"}}]}]}]}]},{\"name\":\"Sonstiges\",\"type\":\"section\",\"props\":{\"style\":\"muted\",\"width\":\"default\",\"image_size\":\"cover\",\"padding\":\"small\",\"class\":\"\",\"overlap\":false,\"vertical_align\":\"middle\",\"title_position\":\"top-left\",\"title_rotation\":\"left\",\"title_breakpoint\":\"xl\",\"image_position\":\"center-center\",\"image_effect\":\"\",\"text_color\":\"\",\"width_expand\":\"\",\"height\":\"\",\"header_transparent\":\"\",\"animation\":\"\"},\"children\":[{\"name\":\"\",\"type\":\"row\",\"props\":{\"fixed_width\":\"large\",\"breakpoint\":\"m\",\"layout\":\"1-1\",\"match\":false,\"margin\":\"large\",\"gutter\":\"large\",\"divider\":false,\"width\":\"default\"},\"children\":[{\"name\":\"\",\"type\":\"column\",\"props\":{\"widths\":[\"1-1\"],\"image_position\":\"center-center\",\"media_overlay_gradient\":\"\"},\"children\":[{\"name\":\"\",\"type\":\"headline\",\"props\":{\"title_element\":\"h1\",\"content\":\"Divers\",\"text_align\":\"left\",\"text_align_breakpoint\":\"m\",\"text_align_fallback\":\"center\",\"title_style\":\"\",\"title_decoration\":\"\",\"title_color\":\"\",\"position\":\"\",\"position_z_index\":\"\",\"margin\":\"\",\"maxwidth\":\"\",\"maxwidth_breakpoint\":\"\",\"block_align\":\"\",\"block_align_breakpoint\":\"\",\"block_align_fallback\":\"\",\"animation\":\"\",\"visibility\":\"\"}},{\"name\":\"\",\"type\":\"description_list\",\"props\":{\"text_align\":\"left\",\"layout\":\"grid-2\",\"title_style\":\"\",\"title_colon\":false,\"link_style\":\"\",\"list_style\":\"\",\"show_title\":true,\"show_meta\":true,\"show_content\":true,\"show_link\":true,\"width\":\"expand\",\"gutter\":\"small\",\"meta_style\":\"meta\",\"meta_align\":\"below-content\",\"breakpoint\":\"\",\"title_color\":\"\",\"content_style\":\"\",\"text_align_breakpoint\":\"\",\"text_align_fallback\":\"\",\"maxwidth\":\"\",\"maxwidth_breakpoint\":\"\",\"margin\":\"\",\"animation\":\"\",\"visibility\":\"\",\"block_align\":\"\",\"meta_color\":\"\",\"position\":\"\",\"position_z_index\":\"\",\"block_align_breakpoint\":\"\",\"block_align_fallback\":\"\"},\"children\":[{\"name\":\"\",\"type\":\"description_list_item\",\"props\":{\"title\":\"Video chute libre (vid\\u00e9o d\\u2019environ 6 \\u00e0 8 minutes)\",\"content\":\"\n\n<p>115 Euro<\\\/p>\"}},{\"name\":\"\",\"type\":\"description_list_item\",\"props\":{\"title\":\"Photos chute libre (environ 200 \\u00e0 250 photos, haute r\\u00e9solution)\",\"content\":\"\n\n<p>120 Euro<\\\/p>\"}},{\"name\":\"\",\"type\":\"description_list_item\",\"props\":{\"title\":\"Video et Photos chute libre (vid\\u00e9o d\\u2019environ 6 \\u00e0 8 minutes + environ 200 \\u00e0 250 photos, haute r\\u00e9solution)\",\"content\":\"\n\n<p>150 Euro<\\\/p>\"}},{\"type\":\"description_list_item\",\"props\":{\"content\":\"\n\n<p>les prix incluent une TVA \\u00e0 19%<\\\/p>\"}}]}]}]}]}],\"props\":[],\"version\":\"1.20.6\"} --><\/p>\n","protected":false},"excerpt":{"rendered":"<p>Les tarifs valide \u00e0 partir de avril-2026 Saut en tandem de 4000m 265 Euro de 4000m avec Vid\u00e9o (un vid\u00e9aste suppl\u00e9mentaire nous accompagnera) 385 Euro de 4000m avec Photos (un vid\u00e9aste suppl\u00e9mentaire nous accompagnera) 385 Euro de 4000m avec Vid\u00e9o et Photos (un vid\u00e9aste suppl\u00e9mentaire nous accompagnera) 415 Euro les prix incluent une TVA \u00e0 [&hellip;]<\/p>\n","protected":false},"author":3,"featured_media":0,"parent":0,"menu_order":0,"comment_status":"closed","ping_status":"closed","template":"","meta":{"footnotes":""},"class_list":["post-1246","page","type-page","status-publish","hentry"],"_links":{"self":[{"href":"https:\/\/fsz-saar.de\/fr\/wp-json\/wp\/v2\/pages\/1246","targetHints":{"allow":["GET"]}}],"collection":[{"href":"https:\/\/fsz-saar.de\/fr\/wp-json\/wp\/v2\/pages"}],"about":[{"href":"https:\/\/fsz-saar.de\/fr\/wp-json\/wp\/v2\/types\/page"}],"author":[{"embeddable":true,"href":"https:\/\/fsz-saar.de\/fr\/wp-json\/wp\/v2\/users\/3"}],"replies":[{"embeddable":true,"href":"https:\/\/fsz-saar.de\/fr\/wp-json\/wp\/v2\/comments?post=1246"}],"version-history":[{"count":90,"href":"https:\/\/fsz-saar.de\/fr\/wp-json\/wp\/v2\/pages\/1246\/revisions"}],"predecessor-version":[{"id":5396,"href":"https:\/\/fsz-saar.de\/fr\/wp-json\/wp\/v2\/pages\/1246\/revisions\/5396"}],"wp:attachment":[{"href":"https:\/\/fsz-saar.de\/fr\/wp-json\/wp\/v2\/media?parent=1246"}],"curies":[{"name":"wp","href":"https:\/\/api.w.org\/{rel}","templated":true}]}}