{"id":1250,"date":"2020-02-08T06:00:12","date_gmt":"2020-02-08T04:00:12","guid":{"rendered":"http:\/\/neu.fsz-saar.de\/?page_id=1250"},"modified":"2025-12-08T20:23:27","modified_gmt":"2025-12-08T18:23:27","slug":"date-tandem","status":"publish","type":"page","link":"https:\/\/fsz-saar.de\/fr\/date-tandem\/","title":{"rendered":"Date pour saute en tandem"},"content":{"rendered":"<p><!-- Builder # --><\/p>\n<h1>R\u00e9servez une date pour un saut en tandem<\/h1>\n<div>\n<p><span id=\"result_box\" class=\"\" lang=\"fr\"><span class=\"\">Un rendez-vous pour votre saut en tandem est facilement accessible via notre <a href=\"https:\/\/shop.fsz-saar.de\/fr\/reserver-un-saute-en-tandem\/45\/reserver-un-saute-en-tandem?c=43\">syst\u00e8me de r\u00e9servation<\/a> ou par t\u00e9l\u00e9phone.<\/span> <span class=\"\">Dans notre syst\u00e8me de r\u00e9servation, vous trouverez toutes les informations pour r\u00e9server votre saut en tandem.<\/span><\/span><\/p>\n<\/div>\n<div>\n<h3>R\u00e9servez votre saut en tandem en ligne ici !<\/h3>\n<div>\n<p><span id=\"result_box\" class=\"\" lang=\"fr\"><span class=\"\">Apr\u00e8s uns saisie en ligne r\u00e9ussie, vous obtenez tr\u00e8s facilement le ticket pour votre saut en tandem, par courriel.<br \/><\/span><\/span><\/p>\n<\/div>\n<p><a href=\"https:\/\/shop.fsz-saar.de\/fr\/reserver-un-saute-en-tandem\/45\/reserver-un-saute-en-tandem?c=43\">Read more<\/a><\/p>\n<\/div>\n<div>\n<h3>Nous somme aussi personnellement \u00e0 votre disposition !<\/h3>\n<div>\n<p><span id=\"result_box\" class=\"\" lang=\"fr\">Vous pouvez joindre notre service par t\u00e9l\u00e9phone ou e-mail:<br \/><\/span><\/p>\n<p><span id=\"result_box\" class=\"\" lang=\"fr\"><span class=\"\">du lundi au vendredi de 9h00 \u00e0 12h00 et de 14h00 \u00e0 17h00 au <strong>+49 (0) 6837 74136<\/strong><\/span><\/span><\/p>\n<p><span id=\"result_box\" class=\"\" lang=\"fr\"><span class=\"\"><strong>E-Mail:<\/strong> <a href=\"mailto:info@fsz-saar.de\">info@fsz-saar.de<\/a><\/span><\/span><\/p>\n<\/div>\n<\/div>\n<div>\n<p><strong><span id=\"result_box\" class=\"\" lang=\"fr\"><span class=\"\">L&rsquo;heure indiqu\u00e9e dans votre r\u00e9servation de saut correspond \u00e0 l\u00b4heure d\u00e9nregistrement pour votre l&rsquo;heure de la r\u00e9union au \u00abTandem Check-In\u00bb au centre FSZ-Sarre \u00e0 l&rsquo;a\u00e9roport de Saarlouis.<\/span> <span class=\"\">A partir de cet horaire veuillez pr\u00e9voir <span style=\"text-decoration: underline;\">3 \u00e0 4 heures<\/span> pour votre saut en tandem!<\/span><\/span><\/strong><\/p>\n<\/div>\n<div>\n<p><span id=\"result_box\" class=\"\" lang=\"fr\"><span class=\"\">Notre sport est tr\u00e8s d\u00e9pendant de la m\u00e9t\u00e9o.<\/span> <span class=\"\">Pour connaitre les conditions m\u00e9t\u00e9o exactes et v\u00e9rifier la faisabilit\u00e9 de votre saut le jour, appelez, avant votre d\u00e9part, notre hotline m\u00e9t\u00e9o au +49 (0) 6837 74136!<br \/><\/span><\/span><\/p>\n<\/div>\n<div>\n<p><span id=\"result_box\" class=\"\" lang=\"fr\"><span class=\"\">Afin de r\u00e9pondre \u00e0 toutes les questions que vous pourriez avoir, vous trouverez lien vers, nos FAQ sur le saut en tandem et un lien pour l\u00e1cc\u00e8s au centre FSZ-Sarre:<\/span><\/span><\/p>\n<p><a href=\"\/fr\/faq-sur-le-saut-en-tandem\">FAQ sur le saut en tandem<\/a> &amp; <a href=\"\/fr\/approche\">Directions vers le centre FSZ-Sarre<\/a><\/p>\n<\/div>\n<p><!-- {\"name\":\"\",\"type\":\"layout\",\"children\":[{\"name\":\"\",\"type\":\"section\",\"props\":{\"style\":\"image\",\"width\":\"default\",\"image_size\":\"cover\",\"padding_remove_bottom\":false,\"image\":\"wp-content\\\/uploads\\\/PIC0137.jpg\",\"padding\":\"none\",\"text_color\":\"light\",\"image_position\":\"top-center\",\"overlap\":true,\"vertical_align\":\"middle\",\"title_position\":\"top-left\",\"title_rotation\":\"left\",\"title_breakpoint\":\"xl\",\"height\":\"percent\",\"animation\":\"scale-up\",\"animation_delay\":true,\"image_effect\":\"\"},\"children\":[{\"type\":\"row\",\"props\":{\"layout\":\"1-1\",\"breakpoint\":\"m\",\"fixed_width\":\"large\",\"gutter\":\"\",\"width\":\"\",\"width_expand\":\"\",\"height\":\"\",\"margin\":\"\"},\"children\":[{\"type\":\"column\",\"props\":{\"widths\":[\"1-1\"],\"image_position\":\"center-center\",\"media_overlay_gradient\":\"\",\"vertical_align\":\"\",\"style\":\"\",\"text_color\":\"\",\"padding\":\"\"},\"children\":[]}]}]},{\"name\":\"\",\"type\":\"section\",\"props\":{\"style\":\"default\",\"width\":\"default\",\"image_size\":\"cover\",\"padding_remove_top\":false,\"padding\":\"small\",\"vertical_align\":\"middle\",\"title_position\":\"top-left\",\"title_rotation\":\"left\",\"title_breakpoint\":\"xl\",\"image_position\":\"center-center\",\"image_effect\":\"\"},\"children\":[{\"name\":\"\",\"type\":\"row\",\"props\":{\"fixed_width\":\"large\",\"breakpoint\":\"m\",\"layout\":\",2-3\",\"vertical_align\":true},\"children\":[{\"name\":\"\",\"type\":\"column\",\"props\":{\"widths\":[\"\"],\"image_position\":\"center-center\",\"vertical_align\":\"middle\",\"media_overlay_gradient\":\"\"},\"children\":[{\"name\":\"\",\"type\":\"headline\",\"props\":{\"title_element\":\"h1\",\"content\":\"R\\u00e9servez une date pour un saut en tandem\",\"title_style\":\"\",\"title_decoration\":\"\",\"title_color\":\"\",\"text_align\":\"\",\"text_align_breakpoint\":\"\",\"text_align_fallback\":\"\",\"maxwidth\":\"\",\"maxwidth_breakpoint\":\"\",\"margin\":\"\",\"animation\":\"\",\"visibility\":\"\",\"block_align\":\"\"}},{\"name\":\"\",\"type\":\"divider\",\"props\":{\"divider_element\":\"div\",\"divider_style\":\"small\"}}]},{\"name\":\"\",\"type\":\"column\",\"props\":{\"widths\":[\"2-3\"],\"image_position\":\"center-center\",\"vertical_align\":\"middle\",\"media_overlay_gradient\":\"\"},\"children\":[{\"name\":\"\",\"type\":\"text\",\"props\":{\"column_breakpoint\":\"m\",\"margin\":\"default\",\"content\":\"\n\n<p><span id=\\\"result_box\\\" class=\\\"\\\" lang=\\\"fr\\\"><span class=\\\"\\\">Un rendez-vous pour votre saut en tandem est facilement accessible via notre <a href=\\\"https:\\\/\\\/shop.fsz-saar.de\\\/fr\\\/reserver-un-saute-en-tandem\\\/45\\\/reserver-un-saute-en-tandem?c=43\\\">syst\\u00e8me de r\\u00e9servation<\\\/a> ou par t\\u00e9l\\u00e9phone.<\\\/span> <span class=\\\"\\\">Dans notre syst\\u00e8me de r\\u00e9servation, vous trouverez toutes les informations pour r\\u00e9server votre saut en tandem.<\\\/span><\\\/span><\\\/p>\"}}]}]},{\"name\":\"\",\"type\":\"row\",\"props\":{\"fixed_width\":\"large\",\"breakpoint\":\"m\",\"layout\":\"1-1\",\"margin\":\"remove-vertical\"},\"children\":[{\"name\":\"\",\"type\":\"column\",\"props\":{\"widths\":[\"1-1\"],\"image_position\":\"center-center\",\"media_overlay_gradient\":\"\"},\"children\":[{\"name\":\"\",\"type\":\"panel\",\"props\":{\"link_text\":\"Read more\",\"title_element\":\"h3\",\"meta_style\":\"meta\",\"meta_align\":\"below-title\",\"icon_ratio\":4,\"image_align\":\"between\",\"image_grid_width\":\"1-2\",\"image_breakpoint\":\"m\",\"link_style\":\"default\",\"margin\":\"default\",\"title\":\"R\\u00e9servez votre saut en tandem en ligne ici !\",\"content\":\"\n\n<p><span id=\\\"result_box\\\" class=\\\"\\\" lang=\\\"fr\\\"><span class=\\\"\\\">Apr\\u00e8s uns saisie en ligne r\\u00e9ussie, vous obtenez tr\\u00e8s facilement le ticket pour votre saut en tandem, par courriel.<br \\\/><\\\/span><\\\/span><\\\/p>\",\"icon\":\"calendar\",\"link\":\"https:\\\/\\\/shop.fsz-saar.de\\\/fr\\\/reserver-un-saute-en-tandem\\\/45\\\/reserver-un-saute-en-tandem?c=43\",\"title_decoration\":\"bullet\",\"text_align\":\"center\",\"link_target\":true,\"link_type\":\"content\",\"title_hover_style\":\"reset\",\"title_align\":\"top\",\"title_grid_width\":\"1-2\",\"title_breakpoint\":\"m\",\"image_svg_color\":\"emphasis\"}},{\"name\":\"\",\"type\":\"divider\",\"props\":{\"divider_element\":\"div\",\"divider_style\":\"small\"}},{\"name\":\"\",\"type\":\"panel\",\"props\":{\"link_text\":\"Read more\",\"title_element\":\"h3\",\"meta_style\":\"meta\",\"meta_align\":\"below-title\",\"icon_ratio\":4,\"image_align\":\"between\",\"image_grid_width\":\"1-2\",\"image_breakpoint\":\"m\",\"link_style\":\"default\",\"margin\":\"default\",\"content\":\"\n\n<p><span id=\\\"result_box\\\" class=\\\"\\\" lang=\\\"fr\\\">Vous pouvez joindre notre service par t\\u00e9l\\u00e9phone ou e-mail:<br \\\/><\\\/span><\\\/p>\\n\n\n<p><span id=\\\"result_box\\\" class=\\\"\\\" lang=\\\"fr\\\"><span class=\\\"\\\">du lundi au vendredi de 9h00 \\u00e0 12h00 et de 14h00 \\u00e0 17h00 au <strong>+49 (0) 6837 74136<\\\/strong><\\\/span><\\\/span><\\\/p>\\n\n\n<p><span id=\\\"result_box\\\" class=\\\"\\\" lang=\\\"fr\\\"><span class=\\\"\\\"><strong>E-Mail:<\\\/strong> <a href=\\\"mailto:info@fsz-saar.de\\\">info@fsz-saar.de<\\\/a><\\\/span><\\\/span><\\\/p>\",\"title\":\"Nous somme aussi personnellement \\u00e0 votre disposition !\",\"title_decoration\":\"bullet\",\"text_align\":\"center\",\"icon\":\"phone\",\"icon_color\":\"success\",\"title_hover_style\":\"reset\",\"title_align\":\"top\",\"title_grid_width\":\"1-2\",\"title_breakpoint\":\"m\",\"image_svg_color\":\"emphasis\",\"panel_style\":\"\",\"panel_content_padding\":\"\",\"panel_size\":\"\",\"title_style\":\"\",\"title_color\":\"\",\"title_gutter\":\"\",\"title_margin\":\"\",\"meta_color\":\"\",\"meta_margin\":\"\",\"content_style\":\"\",\"content_margin\":\"\",\"image_transition\":\"\",\"image_border\":\"\",\"image_box_shadow\":\"\",\"image_hover_box_shadow\":\"\",\"image_box_decoration\":\"\",\"image_gutter\":\"\",\"image_margin\":\"\",\"link_type\":\"\",\"link_size\":\"\",\"link_margin\":\"\",\"position\":\"\",\"position_z_index\":\"\",\"maxwidth\":\"\",\"maxwidth_breakpoint\":\"\",\"block_align\":\"\",\"block_align_breakpoint\":\"\",\"block_align_fallback\":\"\",\"text_align_breakpoint\":\"\",\"text_align_fallback\":\"\",\"animation\":\"\",\"visibility\":\"\"}},{\"name\":\"\",\"type\":\"divider\",\"props\":{\"divider_element\":\"div\",\"divider_style\":\"small\"}},{\"name\":\"\",\"type\":\"text\",\"props\":{\"column_breakpoint\":\"m\",\"margin\":\"default\",\"content\":\"\n\n<p><strong><span id=\\\"result_box\\\" class=\\\"\\\" lang=\\\"fr\\\"><span class=\\\"\\\">L'heure indiqu\\u00e9e dans votre r\\u00e9servation de saut correspond \\u00e0 l\\u00b4heure d\\u00e9nregistrement pour votre l'heure de la r\\u00e9union au \\u00abTandem Check-In\\u00bb au centre FSZ-Sarre \\u00e0 l'a\\u00e9roport de Saarlouis.<\\\/span> <span class=\\\"\\\">A partir de cet horaire veuillez pr\\u00e9voir <span style=\\\"text-decoration: underline;\\\">3 \\u00e0 4 heures<\\\/span> pour votre saut en tandem!<\\\/span><\\\/span><\\\/strong><\\\/p>\",\"text_style\":\"\"}},{\"name\":\"\",\"type\":\"text\",\"props\":{\"margin\":\"default\",\"column_breakpoint\":\"m\",\"content\":\"\n\n<p><span id=\\\"result_box\\\" class=\\\"\\\" lang=\\\"fr\\\"><span class=\\\"\\\">Notre sport est tr\\u00e8s d\\u00e9pendant de la m\\u00e9t\\u00e9o.<\\\/span> <span class=\\\"\\\">Pour connaitre les conditions m\\u00e9t\\u00e9o exactes et v\\u00e9rifier la faisabilit\\u00e9 de votre saut le jour, appelez, avant votre d\\u00e9part, notre hotline m\\u00e9t\\u00e9o au +49 (0) 6837 74136!<br \\\/><\\\/span><\\\/span><\\\/p>\"}},{\"name\":\"\",\"type\":\"text\",\"props\":{\"margin\":\"default\",\"column_breakpoint\":\"m\",\"content\":\"\n\n<p><span id=\\\"result_box\\\" class=\\\"\\\" lang=\\\"fr\\\"><span class=\\\"\\\">Afin de r\\u00e9pondre \\u00e0 toutes les questions que vous pourriez avoir, vous trouverez lien vers, nos FAQ sur le saut en tandem et un lien pour l\\u00e1cc\\u00e8s au centre FSZ-Sarre:<\\\/span><\\\/span><\\\/p>\\n\n\n<p><a href=\\\"\\\/fr\\\/faq-sur-le-saut-en-tandem\\\">FAQ sur le saut en tandem<\\\/a> &amp; <a href=\\\"\\\/fr\\\/approche\\\">Directions vers le centre FSZ-Sarre<\\\/a><\\\/p>\"}}]}]}]}],\"props\":[],\"version\":\"1.20.6\"} --><\/p>\n","protected":false},"excerpt":{"rendered":"<p>R\u00e9servez une date pour un saut en tandem Un rendez-vous pour votre saut en tandem est facilement accessible via notre syst\u00e8me de r\u00e9servation ou par t\u00e9l\u00e9phone. Dans notre syst\u00e8me de r\u00e9servation, vous trouverez toutes les informations pour r\u00e9server votre saut en tandem. R\u00e9servez votre saut en tandem en ligne ici ! Apr\u00e8s uns saisie en [&hellip;]<\/p>\n","protected":false},"author":3,"featured_media":0,"parent":0,"menu_order":0,"comment_status":"closed","ping_status":"closed","template":"","meta":{"footnotes":""},"class_list":["post-1250","page","type-page","status-publish","hentry"],"_links":{"self":[{"href":"https:\/\/fsz-saar.de\/fr\/wp-json\/wp\/v2\/pages\/1250","targetHints":{"allow":["GET"]}}],"collection":[{"href":"https:\/\/fsz-saar.de\/fr\/wp-json\/wp\/v2\/pages"}],"about":[{"href":"https:\/\/fsz-saar.de\/fr\/wp-json\/wp\/v2\/types\/page"}],"author":[{"embeddable":true,"href":"https:\/\/fsz-saar.de\/fr\/wp-json\/wp\/v2\/users\/3"}],"replies":[{"embeddable":true,"href":"https:\/\/fsz-saar.de\/fr\/wp-json\/wp\/v2\/comments?post=1250"}],"version-history":[{"count":61,"href":"https:\/\/fsz-saar.de\/fr\/wp-json\/wp\/v2\/pages\/1250\/revisions"}],"predecessor-version":[{"id":5289,"href":"https:\/\/fsz-saar.de\/fr\/wp-json\/wp\/v2\/pages\/1250\/revisions\/5289"}],"wp:attachment":[{"href":"https:\/\/fsz-saar.de\/fr\/wp-json\/wp\/v2\/media?parent=1250"}],"curies":[{"name":"wp","href":"https:\/\/api.w.org\/{rel}","templated":true}]}}