{"id":1252,"date":"2018-02-05T11:13:42","date_gmt":"2018-02-05T10:13:42","guid":{"rendered":"http:\/\/neu.fsz-saar.de\/?page_id=1252"},"modified":"2021-02-12T09:07:43","modified_gmt":"2021-02-12T07:07:43","slug":"parachutisme","status":"publish","type":"page","link":"https:\/\/fsz-saar.de\/fr\/parachutisme\/","title":{"rendered":"Parachutisme"},"content":{"rendered":"<p><!-- Builder # --><\/p>\n<h1>Parachutisme sportif<\/h1>\n<div>\n<p>Nous proposons r\u00e9guli\u00e8rement des cours et des stages de formation aux parachutistes licenci\u00e9s, qu\u2019ils soient d\u00e9butants ou confirm\u00e9s.<\/p>\n<\/div>\n<h2>Pour les d\u00e9butants<\/h2>\n<div>Pour les parachutistes nouvellement licenci\u00e9s, nous proposons des s\u00e9minaires de voile contact et des cours de VR. Il leur est ainsi possible de consolider leurs nouvelles connaissances en chute libre et sous voile afin de pouvoir acqu\u00e9rir davantage d\u2019assurance lors du saut en parachute et ainsi s\u2019amuser encore plus.<\/div>\n<h2>Pour les avanc\u00e9s<\/h2>\n<div>Les parachutistes avanc\u00e9s peuvent eux aussi d\u00e9velopper leurs comp\u00e9tences lors de s\u00e9minaires de voile contact et de cours de VR \u00e9tant donn\u00e9 que ces cours seront adapt\u00e9s aux capacit\u00e9s de chaque participant. En outre, pour les parachutistes avanc\u00e9s, nous proposons \u00e9galement des s\u00e9minaires vid\u00e9o, des cours de vol en wingsuit ainsi que des stages de formation pour moniteurs de saut et pour maitres-tandem. Dans les diff\u00e9rents articles, vous trouverez des informations d\u00e9taill\u00e9es concernant la participation et l\u2019inscription ainsi que les cours et les stages de formation. Pour les \u00e9quipes, nous proposons des conditions d\u2019entrainement extraordinaires gr\u00e2ce \u00e0 une excellente infrastructure et des sauts depuis un des avions largueurs les plus rapides d\u2019Allemagne. De plus, nous organisons r\u00e9guli\u00e8rement des comp\u00e9titions nationales (championnat d\u2019Allemagne 2009), internationales (championnat d\u2019Europe 2011) ainsi que divers \u00e9v\u00e8nements comme le Deutsche Freefly Festival (DFFF) et bien d\u2019autres encore \u2013 vous pouvez vous renseigner sous le point Dates de notre site Internet.<\/div>\n<div>\n<h3>Dates<\/h3>\n<div>Les dates concernant le parachutisme au FSZ-Saar <a href=\"\/fr\/date-parachutisme\">\u27a4<\/a><\/div>\n<p><a href=\"\/termine-fallschirmsport\">mehr<\/a><\/p>\n<\/div>\n<div>\n<h3>Prix<\/h3>\n<div>Vous trouverez ici notre liste de prix pour les billets&#8230; <a href=\"\/fr\/list-de-prix\">\u27a4<\/a><\/div>\n<p><a href=\"\/preise\">mehr<\/a><\/p>\n<\/div>\n<div>\n<h3>Boutique<\/h3>\n<div>R\u00e9alisez dans notre boutique votre ch\u00e8que-cadeau individualis\u00e9&#8230; <a href=\"https:\/\/fsz-saar.de\/shop\/\">\u27a4<\/a><\/div>\n<p><a href=\"https:\/\/fsz-saar.de\/shop\/\">mehr<\/a><\/p>\n<\/div>\n<p><!-- {\"name\":\"\",\"type\":\"layout\",\"children\":[{\"name\":\"Header Fallschirmsport\",\"type\":\"section\",\"props\":{\"width\":\"default\",\"padding\":\"none\",\"style\":\"image\",\"text_color\":\"\",\"media\":\"images\\\/home-header.jpg\",\"height_viewport\":true,\"header_overlay\":\"light\",\"image\":\"wp-content\\\/uploads\\\/parallax-top.jpg\",\"media_advanced\":true,\"image_size\":\"cover\",\"media_background\":null,\"media_overlay\":\"rgba(0, 0, 0, 0.19)\",\"height\":\"percent\",\"animation\":\"\",\"header_transparent\":\"\",\"image_position\":\"\",\"image_fixed\":false,\"media_blend_mode\":\"\",\"class\":\"\",\"overlap\":true,\"padding_remove_bottom\":false,\"padding_remove_top\":false,\"vertical_align\":\"middle\",\"title_position\":\"top-left\",\"title_rotation\":\"left\",\"title_breakpoint\":\"xl\",\"animation_delay\":false,\"image_effect\":\"\",\"width_expand\":\"\"},\"children\":[{\"name\":\"\",\"type\":\"row\",\"props\":{\"layout\":\"1-1\",\"breakpoint\":\"m\",\"fixed_width\":\"large\"},\"children\":[{\"name\":\"\",\"type\":\"column\",\"props\":{\"widths\":[\"1-1\"],\"image_position\":\"center-center\",\"media_overlay_gradient\":\"\"}}]}]},{\"name\":\"Intro Fallschirmsport\",\"type\":\"section\",\"props\":{\"style\":\"default\",\"width\":\"default\",\"image_size\":\"cover\",\"padding\":\"small\",\"image\":\"\",\"image_fixed\":false,\"image_position\":\"\",\"animation\":\"fade\",\"class\":\"\",\"padding_remove_bottom\":false,\"overlap\":true,\"vertical_align\":\"middle\",\"title_position\":\"top-left\",\"title_rotation\":\"left\",\"title_breakpoint\":\"xl\",\"image_effect\":\"\"},\"children\":[{\"name\":\"\",\"type\":\"row\",\"props\":{\"fixed_width\":\"large\",\"breakpoint\":\"m\",\"layout\":\",2-3\",\"vertical_align\":true,\"gutter\":\"large\",\"margin\":\"xlarge\"},\"children\":[{\"name\":\"\",\"type\":\"column\",\"props\":{\"widths\":[\"\"],\"image_position\":\"center-center\",\"vertical_align\":\"middle\",\"media_overlay_gradient\":\"\"},\"children\":[{\"name\":\"\",\"type\":\"headline\",\"props\":{\"title_element\":\"h1\",\"content\":\"Parachutisme sportif\",\"text_align\":\"left\",\"text_align_fallback\":\"center\",\"maxwidth\":\"\",\"title_style\":\"h1\",\"title_decoration\":\"\",\"text_align_breakpoint\":\"m\",\"block_align\":\"center\",\"title_color\":\"\",\"position\":\"\",\"position_z_index\":\"\",\"margin\":\"\",\"maxwidth_breakpoint\":\"\",\"block_align_breakpoint\":\"\",\"block_align_fallback\":\"\",\"animation\":\"\",\"visibility\":\"\"}},{\"name\":\"\",\"type\":\"divider\",\"props\":{\"divider_element\":\"div\",\"divider_style\":\"small\",\"divider_align\":\"left\",\"divider_align_breakpoint\":\"m\",\"divider_align_fallback\":\"center\"}}]},{\"name\":\"\",\"type\":\"column\",\"props\":{\"widths\":[\"2-3\"],\"image_position\":\"center-center\",\"vertical_align\":\"middle\",\"media_overlay_gradient\":\"\"},\"children\":[{\"name\":\"\",\"type\":\"text\",\"props\":{\"column_breakpoint\":\"m\",\"margin\":\"default\",\"content\":\"\n\n<p>Nous proposons r\\u00e9guli\\u00e8rement des cours et des stages de formation aux parachutistes licenci\\u00e9s, qu\\u2019ils soient d\\u00e9butants ou confirm\\u00e9s.<\\\/p>\"}}]}]}]},{\"name\":\"Text Fallschirmsport Neulinge\",\"type\":\"section\",\"props\":{\"style\":\"muted\",\"width\":\"default\",\"image_size\":\"cover\",\"padding\":\"small\",\"class\":\"\",\"overlap\":false,\"vertical_align\":\"middle\",\"title_position\":\"top-left\",\"title_rotation\":\"left\",\"title_breakpoint\":\"xl\",\"image_position\":\"center-center\",\"image_effect\":\"\"},\"children\":[{\"name\":\"\",\"type\":\"row\",\"props\":{\"fixed_width\":\"large\",\"breakpoint\":\"m\",\"layout\":\"1-1\",\"margin\":\"\"},\"children\":[{\"name\":\"\",\"type\":\"column\",\"props\":{\"widths\":[\"1-1\"],\"image_position\":\"center-center\",\"media_overlay_gradient\":\"\"}}]},{\"name\":\"\",\"type\":\"row\",\"props\":{\"fixed_width\":\"large\",\"breakpoint\":\"m\",\"layout\":\"2-3,\",\"match\":false,\"margin\":\"\",\"gutter\":\"large\",\"divider\":false,\"width\":\"default\"},\"children\":[{\"name\":\"\",\"type\":\"column\",\"props\":{\"widths\":[\"2-3\"],\"image_position\":\"center-center\",\"media_overlay_gradient\":\"\"},\"children\":[{\"name\":\"\",\"type\":\"headline\",\"props\":{\"title_element\":\"h2\",\"content\":\"Pour les d\\u00e9butants\",\"text_align\":\"\",\"text_align_fallback\":\"center\",\"maxwidth\":\"\",\"title_style\":\"h1\",\"title_decoration\":\"\",\"text_align_breakpoint\":\"m\",\"margin_remove_top\":false,\"animation\":\"\",\"margin_remove_bottom\":false,\"block_align\":\"center\"}},{\"name\":\"\",\"type\":\"text\",\"props\":{\"column_breakpoint\":\"m\",\"margin\":\"default\",\"content\":\"Pour les parachutistes nouvellement licenci\\u00e9s, nous proposons des s\\u00e9minaires de voile contact et des cours de VR. Il leur est ainsi possible de consolider leurs nouvelles connaissances en chute libre et sous voile afin de pouvoir acqu\\u00e9rir davantage d\\u2019assurance lors du saut en parachute et ainsi s\\u2019amuser encore plus.\",\"dropcap\":false,\"column\":\"\",\"column_divider\":true}},{\"name\":\"\",\"type\":\"headline\",\"props\":{\"title_element\":\"h2\",\"content\":\"Pour les avanc\\u00e9s\",\"text_align\":\"left\",\"text_align_fallback\":\"center\",\"maxwidth\":\"\",\"title_style\":\"h1\",\"title_decoration\":\"\",\"text_align_breakpoint\":\"m\",\"margin_remove_top\":false,\"animation\":\"\",\"block_align\":\"center\"}},{\"name\":\"\",\"type\":\"text\",\"props\":{\"column_breakpoint\":\"m\",\"margin\":\"default\",\"content\":\"Les parachutistes avanc\\u00e9s peuvent eux aussi d\\u00e9velopper leurs comp\\u00e9tences lors de s\\u00e9minaires de voile contact et de cours de VR \\u00e9tant donn\\u00e9 que ces cours seront adapt\\u00e9s aux capacit\\u00e9s de chaque participant. En outre, pour les parachutistes avanc\\u00e9s, nous proposons \\u00e9galement des s\\u00e9minaires vid\\u00e9o, des cours de vol en wingsuit ainsi que des stages de formation pour moniteurs de saut et pour maitres-tandem. Dans les diff\\u00e9rents articles, vous trouverez des informations d\\u00e9taill\\u00e9es concernant la participation et l\\u2019inscription ainsi que les cours et les stages de formation. Pour les \\u00e9quipes, nous proposons des conditions d\\u2019entrainement extraordinaires gr\\u00e2ce \\u00e0 une excellente infrastructure et des sauts depuis un des avions largueurs les plus rapides d\\u2019Allemagne. De plus, nous organisons r\\u00e9guli\\u00e8rement des comp\\u00e9titions nationales (championnat d\\u2019Allemagne 2009), internationales (championnat d\\u2019Europe 2011) ainsi que divers \\u00e9v\\u00e8nements comme le Deutsche Freefly Festival (DFFF) et bien d\\u2019autres encore \\u2013 vous pouvez vous renseigner sous le point Dates de notre site Internet.\",\"dropcap\":false,\"column\":\"\",\"column_divider\":true}}]},{\"name\":\"\",\"type\":\"column\",\"props\":{\"widths\":[\"\"],\"image_position\":\"center-center\",\"media_overlay_gradient\":\"\"},\"children\":[{\"name\":\"\",\"type\":\"panel\",\"props\":{\"icon_ratio\":4,\"title_element\":\"h3\",\"image_align\":\"top\",\"image_grid_width\":\"1-2\",\"image_breakpoint\":\"m\",\"link_style\":\"default\",\"margin\":\"medium\",\"panel_style\":\"\",\"content\":\"Les dates concernant le parachutisme au FSZ-Saar <a href=\\\"\\\/fr\\\/date-parachutisme\\\">\\u27a4<\\\/a>\",\"title\":\"Dates\",\"image\":\"\",\"text_align\":\"\",\"link\":\"\\\/termine-fallschirmsport\",\"link_text\":\"mehr\",\"image_border\":\"\",\"image_gutter\":\"large\",\"image_vertical_align\":true,\"panel_size\":\"large\",\"meta_style\":\"meta\",\"meta_align\":\"above-title\",\"meta\":\"\",\"meta_margin\":\"\",\"link_size\":\"small\",\"text_align_breakpoint\":\"m\",\"text_align_fallback\":\"center\",\"image_width\":\"\",\"image_height\":\"\",\"title_decoration\":\"bullet\",\"title_margin\":\"small\",\"link_type\":\"content\",\"panel_card_image\":true,\"title_hover_style\":\"reset\",\"title_align\":\"top\",\"title_grid_width\":\"1-2\",\"title_breakpoint\":\"m\",\"image_svg_color\":\"emphasis\"}},{\"name\":\"\",\"type\":\"panel\",\"props\":{\"icon_ratio\":4,\"title_element\":\"h3\",\"image_align\":\"top\",\"image_grid_width\":\"1-2\",\"image_breakpoint\":\"m\",\"link_style\":\"default\",\"margin\":\"medium\",\"panel_style\":\"\",\"content\":\"Vous trouverez ici notre liste de prix pour les billets... <a href=\\\"\\\/fr\\\/list-de-prix\\\">\\u27a4<\\\/a>\",\"title\":\"Prix\",\"image\":\"\",\"text_align\":\"\",\"link\":\"\\\/preise\",\"link_text\":\"mehr\",\"image_border\":\"\",\"image_gutter\":\"\",\"image_vertical_align\":true,\"panel_size\":\"large\",\"text_align_breakpoint\":\"m\",\"text_align_fallback\":\"center\",\"meta_style\":\"meta\",\"meta_align\":\"above-title\",\"meta\":\"\",\"content_style\":\"\",\"meta_margin\":\"\",\"title_style\":\"\",\"link_size\":\"small\",\"title_decoration\":\"bullet\",\"title_margin\":\"small\",\"link_type\":\"content\",\"panel_card_image\":true,\"title_hover_style\":\"reset\",\"title_align\":\"top\",\"title_grid_width\":\"1-2\",\"title_breakpoint\":\"m\",\"image_svg_color\":\"emphasis\"}},{\"name\":\"\",\"type\":\"panel\",\"props\":{\"icon_ratio\":4,\"title_element\":\"h3\",\"image_align\":\"top\",\"image_grid_width\":\"1-2\",\"image_breakpoint\":\"m\",\"link_style\":\"default\",\"margin\":\"medium\",\"panel_style\":\"\",\"content\":\"R\\u00e9alisez dans notre boutique votre ch\\u00e8que-cadeau individualis\\u00e9... <a href=\\\"https:\\\/\\\/fsz-saar.de\\\/shop\\\/\\\">\\u27a4<\\\/a>\",\"title\":\"Boutique\",\"image\":\"\",\"text_align\":\"\",\"link\":\"https:\\\/\\\/fsz-saar.de\\\/shop\\\/\",\"link_text\":\"mehr\",\"image_border\":\"\",\"image_gutter\":\"\",\"animation\":\"slide-right-small\",\"panel_size\":\"large\",\"image_vertical_align\":true,\"meta_style\":\"meta\",\"meta_align\":\"above-title\",\"meta\":\"\",\"meta_margin\":\"\",\"link_size\":\"small\",\"text_align_breakpoint\":\"m\",\"text_align_fallback\":\"center\",\"title_decoration\":\"bullet\",\"title_margin\":\"small\",\"link_type\":\"content\",\"panel_card_image\":true,\"title_hover_style\":\"reset\",\"title_align\":\"top\",\"title_grid_width\":\"1-2\",\"title_breakpoint\":\"m\",\"image_svg_color\":\"emphasis\"}}]}]}]}],\"props\":[],\"version\":\"1.20.6\"} --><\/p>\n","protected":false},"excerpt":{"rendered":"<p>Parachutisme sportif Nous proposons r\u00e9guli\u00e8rement des cours et des stages de formation aux parachutistes licenci\u00e9s, qu\u2019ils soient d\u00e9butants ou confirm\u00e9s. Pour les d\u00e9butants Pour les parachutistes nouvellement licenci\u00e9s, nous proposons des s\u00e9minaires de voile contact et des cours de VR. Il leur est ainsi possible de consolider leurs nouvelles connaissances en chute libre et sous [&hellip;]<\/p>\n","protected":false},"author":3,"featured_media":0,"parent":0,"menu_order":0,"comment_status":"closed","ping_status":"closed","template":"","meta":{"footnotes":""},"class_list":["post-1252","page","type-page","status-publish","hentry"],"_links":{"self":[{"href":"https:\/\/fsz-saar.de\/fr\/wp-json\/wp\/v2\/pages\/1252","targetHints":{"allow":["GET"]}}],"collection":[{"href":"https:\/\/fsz-saar.de\/fr\/wp-json\/wp\/v2\/pages"}],"about":[{"href":"https:\/\/fsz-saar.de\/fr\/wp-json\/wp\/v2\/types\/page"}],"author":[{"embeddable":true,"href":"https:\/\/fsz-saar.de\/fr\/wp-json\/wp\/v2\/users\/3"}],"replies":[{"embeddable":true,"href":"https:\/\/fsz-saar.de\/fr\/wp-json\/wp\/v2\/comments?post=1252"}],"version-history":[{"count":8,"href":"https:\/\/fsz-saar.de\/fr\/wp-json\/wp\/v2\/pages\/1252\/revisions"}],"predecessor-version":[{"id":4080,"href":"https:\/\/fsz-saar.de\/fr\/wp-json\/wp\/v2\/pages\/1252\/revisions\/4080"}],"wp:attachment":[{"href":"https:\/\/fsz-saar.de\/fr\/wp-json\/wp\/v2\/media?parent=1252"}],"curies":[{"name":"wp","href":"https:\/\/api.w.org\/{rel}","templated":true}]}}