{"id":1256,"date":"2019-01-05T15:00:46","date_gmt":"2019-01-05T13:00:46","guid":{"rendered":"http:\/\/neu.fsz-saar.de\/?page_id=1256"},"modified":"2020-02-19T17:17:06","modified_gmt":"2020-02-19T15:17:06","slug":"approche","status":"publish","type":"page","link":"https:\/\/fsz-saar.de\/fr\/approche\/","title":{"rendered":"Approche"},"content":{"rendered":"<p><!-- Builder # --><\/p>\n<h1><span id=\"result_box\" class=\"short_text\" lang=\"fr\"><span class=\"\">Itin\u00e9raire vers la FSZ-Saar (Skydive Saar)<br \/><\/span><\/span><\/h1>\n<div>\n<p>    <iframe loading=\"lazy\" style=\"border: 0;\" src=\"https:\/\/www.google.com\/maps\/embed?pb=!1m18!1m12!1m3!1d2005.6775446472468!2d6.666932058797238!3d49.31347145742816!2m3!1f0!2f0!3f0!3m2!1i1024!2i768!4f13.1!3m3!1m2!1s0x479507b91a0a5c1b%3A0xae732f65160ab3a0!2sFallschirmsportzentrum+Saar!5e0!3m2!1sde!2sus!4v1487066262782\" width=\"100%\" height=\"500\" frameborder=\"0\" marginwidth=\"0\" marginheight=\"0\" scrolling=\"no\" allowfullscreen=\"allowfullscreen\"><\/iframe>\n<\/div>\n<div>\n<p><strong>A\u00e9rodrome de Saarlouis-D\u00fcren<\/strong>, ICAO-Code: <strong>EDRJ-<\/strong><\/p>\n<\/div>\n<ul>\n<li>\n<p><a href=\"http:\/\/www.airports.de\/airport.php?ICAO=EDRJ\" rel=\"nofollow noopener\" target=\"_blank\">EDRJ\u00a0\u00e0 airports.de<\/a><\/p>\n<\/li>\n<li>\n<p><a href=\"http:\/\/www.eddh.de\/info\/landeinfo-ergebnis.php?eicao=EDRJ\" rel=\"nofollow noopener\" target=\"_blank\"><\/p>\n<p>EDRJ \u00e0 eddh.de<\/p>\n<p><\/a><\/p>\n<\/li>\n<\/ul>\n<p><!-- {\"name\":\"\",\"type\":\"layout\",\"children\":[{\"name\":\"\",\"type\":\"section\",\"props\":{\"style\":\"image\",\"width\":\"default\",\"image_size\":\"cover\",\"overlap\":true,\"image\":\"wp-content\\\/uploads\\\/FSZ_Start.jpg\",\"height\":\"percent\",\"padding\":\"none\",\"vertical_align\":\"middle\",\"title_position\":\"top-left\",\"title_rotation\":\"left\",\"title_breakpoint\":\"xl\",\"image_position\":\"center-center\",\"image_effect\":\"\",\"text_color\":\"\",\"width_expand\":\"\",\"header_transparent\":\"\",\"animation\":\"\"},\"children\":[{\"name\":\"\",\"type\":\"row\",\"props\":{\"fixed_width\":\"large\",\"breakpoint\":\"m\",\"layout\":\"1-1\"},\"children\":[{\"name\":\"\",\"type\":\"column\",\"props\":{\"widths\":[\"1-1\"],\"image_position\":\"center-center\",\"media_overlay_gradient\":\"\"}}]}]},{\"name\":\"\",\"type\":\"section\",\"props\":{\"style\":\"default\",\"width\":\"default\",\"image_size\":\"cover\",\"vertical_align\":\"middle\",\"title_position\":\"top-left\",\"title_rotation\":\"left\",\"title_breakpoint\":\"xl\",\"image_position\":\"center-center\",\"image_effect\":\"\"},\"children\":[{\"name\":\"\",\"type\":\"row\",\"props\":{\"fixed_width\":\"large\",\"breakpoint\":\"m\",\"layout\":\"1-1\",\"vertical_align\":true},\"children\":[{\"name\":\"\",\"type\":\"column\",\"props\":{\"widths\":[\"1-1\"],\"image_position\":\"center-center\",\"vertical_align\":\"middle\",\"media_overlay_gradient\":\"\"},\"children\":[{\"name\":\"\",\"type\":\"headline\",\"props\":{\"title_element\":\"h1\",\"content\":\"<span id=\\\"result_box\\\" class=\\\"short_text\\\" lang=\\\"fr\\\"><span class=\\\"\\\">Itin\\u00e9raire vers la FSZ-Saar (Skydive Saar)<br \\\/><\\\/span><\\\/span>\",\"title_style\":\"\",\"title_decoration\":\"\",\"title_color\":\"\",\"text_align\":\"\",\"text_align_breakpoint\":\"\",\"text_align_fallback\":\"\",\"maxwidth\":\"\",\"maxwidth_breakpoint\":\"\",\"margin\":\"\",\"animation\":\"\",\"visibility\":\"\",\"block_align\":\"\"}},{\"name\":\"\",\"type\":\"divider\",\"props\":{\"divider_element\":\"div\",\"divider_style\":\"small\"}}]}]}]},{\"name\":\"\",\"type\":\"section\",\"props\":{\"style\":\"muted\",\"width\":\"default\",\"image_size\":\"cover\",\"vertical_align\":\"middle\",\"title_position\":\"top-left\",\"title_rotation\":\"left\",\"title_breakpoint\":\"xl\",\"image_position\":\"center-center\",\"image_effect\":\"\"},\"children\":[{\"name\":\"\",\"type\":\"row\",\"props\":{\"fixed_width\":\"large\",\"breakpoint\":\"m\",\"layout\":\"2-3,\"},\"children\":[{\"name\":\"\",\"type\":\"column\",\"props\":{\"widths\":[\"2-3\"],\"image_position\":\"center-center\",\"media_overlay_gradient\":\"\"},\"children\":[{\"name\":\"\",\"type\":\"html\",\"props\":{\"content\":\"<iframe style=\\\"border: 0;\\\" src=\\\"https:\\\/\\\/www.google.com\\\/maps\\\/embed?pb=!1m18!1m12!1m3!1d2005.6775446472468!2d6.666932058797238!3d49.31347145742816!2m3!1f0!2f0!3f0!3m2!1i1024!2i768!4f13.1!3m3!1m2!1s0x479507b91a0a5c1b%3A0xae732f65160ab3a0!2sFallschirmsportzentrum+Saar!5e0!3m2!1sde!2sus!4v1487066262782\\\" width=\\\"100%\\\" height=\\\"500\\\" frameborder=\\\"0\\\" marginwidth=\\\"0\\\" marginheight=\\\"0\\\" scrolling=\\\"no\\\" allowfullscreen=\\\"allowfullscreen\\\"><\\\/iframe>\"}}]},{\"name\":\"\",\"type\":\"column\",\"props\":{\"widths\":[\"\"],\"image_position\":\"center-center\",\"media_overlay_gradient\":\"\"},\"children\":[{\"name\":\"\",\"type\":\"text\",\"props\":{\"column_breakpoint\":\"m\",\"margin\":\"default\",\"content\":\"\n\n<p><strong>A\\u00e9rodrome de Saarlouis-D\\u00fcren<\\\/strong>, ICAO-Code: <strong>EDRJ-<\\\/strong><\\\/p>\",\"text_style\":\"\",\"text_color\":\"\",\"text_size\":\"\",\"column\":\"\",\"text_align\":\"\",\"text_align_breakpoint\":\"\",\"text_align_fallback\":\"\",\"maxwidth\":\"\",\"maxwidth_breakpoint\":\"\",\"animation\":\"\",\"visibility\":\"\",\"block_align\":\"\"}},{\"name\":\"\",\"type\":\"list\",\"props\":{\"image_align\":\"left\",\"image\":true,\"list_style\":\"bullet\",\"show_image\":true,\"show_link\":true,\"content_style\":\"\",\"image_border\":\"\",\"icon_color\":\"\",\"link_style\":\"\",\"text_align\":\"\",\"text_align_breakpoint\":\"\",\"text_align_fallback\":\"\",\"maxwidth\":\"\",\"maxwidth_breakpoint\":\"\",\"margin\":\"\",\"animation\":\"\",\"visibility\":\"\",\"block_align\":\"\",\"image_svg_color\":\"emphasis\",\"image_vertical_align\":true},\"children\":[{\"name\":\"\",\"type\":\"list_item\",\"props\":{\"content\":\"EDRJ\\u00a0\\u00e0 airports.de\",\"link\":\"http:\\\/\\\/www.airports.de\\\/airport.php?ICAO=EDRJ\",\"link_target\":true,\"icon_color\":\"\"}},{\"name\":\"\",\"type\":\"list_item\",\"props\":{\"content\":\"\n\n<p>EDRJ \\u00e0 eddh.de<\\\/p>\",\"link\":\"http:\\\/\\\/www.eddh.de\\\/info\\\/landeinfo-ergebnis.php?eicao=EDRJ\",\"link_target\":true,\"icon_color\":\"\"}}]}]}]}]}],\"props\":[],\"version\":\"1.20.6\"} --><\/p>\n","protected":false},"excerpt":{"rendered":"<p>Itin\u00e9raire vers la FSZ-Saar (Skydive Saar) A\u00e9rodrome de Saarlouis-D\u00fcren, ICAO-Code: EDRJ- EDRJ\u00a0\u00e0 airports.de EDRJ \u00e0 eddh.de<\/p>\n","protected":false},"author":3,"featured_media":0,"parent":0,"menu_order":0,"comment_status":"closed","ping_status":"closed","template":"","meta":{"footnotes":""},"class_list":["post-1256","page","type-page","status-publish","hentry"],"_links":{"self":[{"href":"https:\/\/fsz-saar.de\/fr\/wp-json\/wp\/v2\/pages\/1256","targetHints":{"allow":["GET"]}}],"collection":[{"href":"https:\/\/fsz-saar.de\/fr\/wp-json\/wp\/v2\/pages"}],"about":[{"href":"https:\/\/fsz-saar.de\/fr\/wp-json\/wp\/v2\/types\/page"}],"author":[{"embeddable":true,"href":"https:\/\/fsz-saar.de\/fr\/wp-json\/wp\/v2\/users\/3"}],"replies":[{"embeddable":true,"href":"https:\/\/fsz-saar.de\/fr\/wp-json\/wp\/v2\/comments?post=1256"}],"version-history":[{"count":14,"href":"https:\/\/fsz-saar.de\/fr\/wp-json\/wp\/v2\/pages\/1256\/revisions"}],"predecessor-version":[{"id":3578,"href":"https:\/\/fsz-saar.de\/fr\/wp-json\/wp\/v2\/pages\/1256\/revisions\/3578"}],"wp:attachment":[{"href":"https:\/\/fsz-saar.de\/fr\/wp-json\/wp\/v2\/media?parent=1256"}],"curies":[{"name":"wp","href":"https:\/\/api.w.org\/{rel}","templated":true}]}}