{"id":1266,"date":"2020-02-08T06:00:52","date_gmt":"2020-02-08T04:00:52","guid":{"rendered":"http:\/\/neu.fsz-saar.de\/?page_id=1266"},"modified":"2025-12-30T12:47:20","modified_gmt":"2025-12-30T10:47:20","slug":"date-parachutisme","status":"publish","type":"page","link":"https:\/\/fsz-saar.de\/fr\/date-parachutisme\/","title":{"rendered":"Date pour parachutisme"},"content":{"rendered":"<p><!-- Builder # --><\/p>\n<h1>Date parachutisme<\/h1>\n<div>\n<p><span id=\"result_box\" class=\"\" lang=\"fr\"><span class=\"\">Vous trouverez ici notre aper\u00e7u annuel des op\u00e9rations de saut pr\u00e9vues, des \u00e9v\u00e9nements, des ateliers et des rendez-vous sp\u00e9ciaux.<\/span><\/span><\/p>\n<\/div>\n<div>\n<p><span id=\"result_box\" class=\"\" lang=\"fr\"><span class=\"\">Notre sport est tr\u00e8s d\u00e9pendant du temps.<\/span> <span class=\"\">Pour obtenir des informations m\u00e9t\u00e9orologiques pr\u00e9cises et la faisabilit\u00e9 associ\u00e9e de l&rsquo;op\u00e9ration de saut pr\u00e9vue, nous publions r\u00e9guli\u00e8rement des rapports sur Facebook, qui peut \u00e9galement \u00eatre consult\u00e9 ici sur notre page d&rsquo;accueil <a href=\"http:\/\/skydive-saar.de\" rel=\"nofollow noopener\" target=\"_blank\">skydive-saar.de<\/a> dans la section \u00ab\u00a0NEWS at Skydive Saar\u00a0\u00bb.<\/span><br \/><\/span><\/p>\n<p><span id=\"result_box\" class=\"short_text\" lang=\"fr\"><span class=\"\"><a href=\"\/approche\">Comment se rendre \u00e0 FSZ-Saar (Skydive Saar)<\/a><br \/><\/span><\/span><\/p>\n<\/div>\n<div>\n<p>        <img decoding=\"async\" src=\"wp-content\/uploads\/Logo-JSK-53KB.jpeg\" alt=\"\"><\/p>\n<h3>Calendrier de saut<\/h3>\n<div>\n<p><span id=\"result_box\" class=\"\" lang=\"fr\"><span class=\"\">Ici vous pouvez t\u00e9l\u00e9charger et imprimer notre calendrier de saute actuel.<\/span><\/span><\/p>\n<\/div>\n<p><a href=\"\/wp-content\/uploads\/Kalender-FSZ-Saar-2026V2.pdf\">Read more<\/a><\/p>\n<\/div>\n<p><!-- {\"name\":\"\",\"type\":\"layout\",\"children\":[{\"name\":\"\",\"type\":\"section\",\"props\":{\"style\":\"image\",\"width\":\"default\",\"image_size\":\"cover\",\"padding_remove_bottom\":false,\"image\":\"wp-content\\\/uploads\\\/parallax-bottom.jpg\",\"padding\":\"none\",\"text_color\":\"\",\"image_position\":\"\",\"overlap\":true,\"vertical_align\":\"middle\",\"title_position\":\"top-left\",\"title_rotation\":\"left\",\"title_breakpoint\":\"xl\",\"height\":\"percent\",\"image_effect\":\"\"},\"children\":[{\"name\":\"\",\"type\":\"row\",\"props\":{\"fixed_width\":\"large\",\"breakpoint\":\"m\",\"layout\":\"1-1\",\"margin\":\"remove-vertical\"},\"children\":[{\"name\":\"\",\"type\":\"column\",\"props\":{\"widths\":[\"1-1\"],\"image_position\":\"center-center\",\"media_overlay_gradient\":\"\"}}]}]},{\"name\":\"\",\"type\":\"section\",\"props\":{\"style\":\"default\",\"width\":\"default\",\"image_size\":\"cover\",\"padding_remove_top\":false,\"padding\":\"small\",\"vertical_align\":\"middle\",\"title_position\":\"top-left\",\"title_rotation\":\"left\",\"title_breakpoint\":\"xl\",\"image_position\":\"center-center\",\"image_effect\":\"\"},\"children\":[{\"name\":\"\",\"type\":\"row\",\"props\":{\"fixed_width\":\"large\",\"breakpoint\":\"m\",\"layout\":\",3-4\",\"vertical_align\":true},\"children\":[{\"name\":\"\",\"type\":\"column\",\"props\":{\"widths\":[\"\"],\"image_position\":\"center-center\",\"vertical_align\":\"middle\",\"media_overlay_gradient\":\"\"},\"children\":[{\"name\":\"\",\"type\":\"headline\",\"props\":{\"title_element\":\"h1\",\"content\":\"Date parachutisme\"}},{\"name\":\"\",\"type\":\"divider\",\"props\":{\"divider_element\":\"div\",\"divider_style\":\"small\"}}]},{\"name\":\"\",\"type\":\"column\",\"props\":{\"widths\":[\"3-4\"],\"image_position\":\"center-center\",\"vertical_align\":\"middle\",\"media_overlay_gradient\":\"\"},\"children\":[{\"name\":\"\",\"type\":\"text\",\"props\":{\"column_breakpoint\":\"m\",\"margin\":\"default\",\"content\":\"\n\n<p><span id=\\\"result_box\\\" class=\\\"\\\" lang=\\\"fr\\\"><span class=\\\"\\\">Vous trouverez ici notre aper\\u00e7u annuel des op\\u00e9rations de saut pr\\u00e9vues, des \\u00e9v\\u00e9nements, des ateliers et des rendez-vous sp\\u00e9ciaux.<\\\/span><\\\/span><\\\/p>\"}}]}]}]},{\"name\":\"\",\"type\":\"section\",\"props\":{\"style\":\"muted\",\"width\":\"default\",\"image_size\":\"cover\",\"padding_remove_top\":false,\"padding\":\"small\",\"vertical_align\":\"middle\",\"title_position\":\"top-left\",\"title_rotation\":\"left\",\"title_breakpoint\":\"xl\",\"image_position\":\"center-center\",\"image_effect\":\"\"},\"children\":[{\"name\":\"\",\"type\":\"row\",\"props\":{\"fixed_width\":\"large\",\"breakpoint\":\"m\",\"layout\":\"2-3,\"},\"children\":[{\"name\":\"\",\"type\":\"column\",\"props\":{\"widths\":[\"2-3\"],\"image_position\":\"center-center\",\"media_overlay_gradient\":\"\"},\"children\":[{\"name\":\"\",\"type\":\"text\",\"props\":{\"column_breakpoint\":\"m\",\"margin\":\"default\",\"content\":\"\n\n<p><span id=\\\"result_box\\\" class=\\\"\\\" lang=\\\"fr\\\"><span class=\\\"\\\">Notre sport est tr\\u00e8s d\\u00e9pendant du temps.<\\\/span> <span class=\\\"\\\">Pour obtenir des informations m\\u00e9t\\u00e9orologiques pr\\u00e9cises et la faisabilit\\u00e9 associ\\u00e9e de l'op\\u00e9ration de saut pr\\u00e9vue, nous publions r\\u00e9guli\\u00e8rement des rapports sur Facebook, qui peut \\u00e9galement \\u00eatre consult\\u00e9 ici sur notre page d'accueil <a href=\\\"http:\\\/\\\/skydive-saar.de\\\">skydive-saar.de<\\\/a> dans la section \\\"NEWS at Skydive Saar\\\".<\\\/span><br \\\/><\\\/span><\\\/p>\\n\n\n<p><span id=\\\"result_box\\\" class=\\\"short_text\\\" lang=\\\"fr\\\"><span class=\\\"\\\"><a href=\\\"\\\/approche\\\">Comment se rendre \\u00e0 FSZ-Saar (Skydive Saar)<\\\/a><br \\\/><\\\/span><\\\/span><\\\/p>\",\"text_style\":\"\",\"text_color\":\"\",\"text_size\":\"\",\"column\":\"\",\"position\":\"\",\"position_z_index\":\"\",\"maxwidth\":\"\",\"maxwidth_breakpoint\":\"\",\"block_align\":\"\",\"block_align_breakpoint\":\"\",\"block_align_fallback\":\"\",\"text_align\":\"\",\"text_align_breakpoint\":\"\",\"text_align_fallback\":\"\",\"animation\":\"\",\"visibility\":\"\"}}]},{\"name\":\"\",\"type\":\"column\",\"props\":{\"widths\":[\"\"],\"image_position\":\"center-center\",\"media_overlay_gradient\":\"\"},\"children\":[{\"name\":\"\",\"type\":\"panel\",\"props\":{\"link_text\":\"Read more\",\"title_element\":\"h3\",\"meta_style\":\"meta\",\"meta_align\":\"below-title\",\"icon_ratio\":4,\"image_align\":\"between\",\"image_grid_width\":\"1-2\",\"image_breakpoint\":\"m\",\"link_style\":\"default\",\"margin\":\"default\",\"title\":\"Calendrier de saut\",\"image\":\"wp-content\\\/uploads\\\/Logo-JSK-53KB.jpeg\",\"image_width\":\"70%\",\"link\":\"\\\/wp-content\\\/uploads\\\/Kalender-FSZ-Saar-2026V2.pdf\",\"link_target\":true,\"title_decoration\":\"bullet\",\"image_border\":\"\",\"text_align\":\"\",\"content\":\"\n\n<p><span id=\\\"result_box\\\" class=\\\"\\\" lang=\\\"fr\\\"><span class=\\\"\\\">Ici vous pouvez t\\u00e9l\\u00e9charger et imprimer notre calendrier de saute actuel.<\\\/span><\\\/span><\\\/p>\",\"panel_style\":\"\",\"panel_size\":\"\",\"title_style\":\"\",\"title_color\":\"\",\"meta_margin\":\"\",\"content_style\":\"\",\"image_box_shadow\":\"\",\"image_hover_box_shadow\":\"\",\"icon_color\":\"\",\"image_gutter\":\"\",\"link_size\":\"\",\"text_align_breakpoint\":\"\",\"text_align_fallback\":\"\",\"maxwidth\":\"\",\"maxwidth_breakpoint\":\"\",\"animation\":\"\",\"visibility\":\"\",\"link_type\":\"content\",\"block_align\":\"\",\"title_hover_style\":\"reset\",\"title_align\":\"top\",\"title_grid_width\":\"1-2\",\"title_breakpoint\":\"m\",\"image_svg_color\":\"emphasis\",\"panel_content_padding\":\"\",\"title_gutter\":\"\",\"title_margin\":\"\",\"meta_color\":\"\",\"content_margin\":\"\",\"image_transition\":\"\",\"image_box_decoration\":\"\",\"image_margin\":\"\",\"link_margin\":\"\",\"position\":\"\",\"position_z_index\":\"\",\"block_align_breakpoint\":\"\",\"block_align_fallback\":\"\"}}]}]}]}],\"props\":[],\"version\":\"1.20.6\"} --><\/p>\n","protected":false},"excerpt":{"rendered":"<p>Date parachutisme Vous trouverez ici notre aper\u00e7u annuel des op\u00e9rations de saut pr\u00e9vues, des \u00e9v\u00e9nements, des ateliers et des rendez-vous sp\u00e9ciaux. Notre sport est tr\u00e8s d\u00e9pendant du temps. Pour obtenir des informations m\u00e9t\u00e9orologiques pr\u00e9cises et la faisabilit\u00e9 associ\u00e9e de l&rsquo;op\u00e9ration de saut pr\u00e9vue, nous publions r\u00e9guli\u00e8rement des rapports sur Facebook, qui peut \u00e9galement \u00eatre consult\u00e9 [&hellip;]<\/p>\n","protected":false},"author":3,"featured_media":0,"parent":0,"menu_order":0,"comment_status":"closed","ping_status":"closed","template":"","meta":{"footnotes":""},"class_list":["post-1266","page","type-page","status-publish","hentry"],"_links":{"self":[{"href":"https:\/\/fsz-saar.de\/fr\/wp-json\/wp\/v2\/pages\/1266","targetHints":{"allow":["GET"]}}],"collection":[{"href":"https:\/\/fsz-saar.de\/fr\/wp-json\/wp\/v2\/pages"}],"about":[{"href":"https:\/\/fsz-saar.de\/fr\/wp-json\/wp\/v2\/types\/page"}],"author":[{"embeddable":true,"href":"https:\/\/fsz-saar.de\/fr\/wp-json\/wp\/v2\/users\/3"}],"replies":[{"embeddable":true,"href":"https:\/\/fsz-saar.de\/fr\/wp-json\/wp\/v2\/comments?post=1266"}],"version-history":[{"count":52,"href":"https:\/\/fsz-saar.de\/fr\/wp-json\/wp\/v2\/pages\/1266\/revisions"}],"predecessor-version":[{"id":5301,"href":"https:\/\/fsz-saar.de\/fr\/wp-json\/wp\/v2\/pages\/1266\/revisions\/5301"}],"wp:attachment":[{"href":"https:\/\/fsz-saar.de\/fr\/wp-json\/wp\/v2\/media?parent=1266"}],"curies":[{"name":"wp","href":"https:\/\/api.w.org\/{rel}","templated":true}]}}