{"id":1305,"date":"2018-02-05T13:17:48","date_gmt":"2018-02-05T12:17:48","guid":{"rendered":"http:\/\/neu.fsz-saar.de\/?page_id=1305"},"modified":"2021-02-12T09:07:50","modified_gmt":"2021-02-12T07:07:50","slug":"saut-en-equipe","status":"publish","type":"page","link":"https:\/\/fsz-saar.de\/fr\/saut-en-equipe\/","title":{"rendered":"Saut en \u00e9quipe"},"content":{"rendered":"<p><!-- Builder # --><\/p>\n<h1>Saut en \u00e9quipe<\/h1>\n<div>Ce qui nous tient \u00e0 c\u0153ur, c\u2019est que les \u00e9quipes de comp\u00e9tition ainsi que celles qui souhaitent le devenir puissent trouver au Fallschirmsportzentrum Saar des conditions d\u2019entrainement id\u00e9ales !<\/div>\n<h2>Le FSZ-Saar les accueille toutes \u00e0 bras ouverts !!!<\/h2>\n<div>\n<p>Voil\u00e0 pourquoi l\u2019infrastructure de notre a\u00e9rodrome a \u00e9t\u00e9 con\u00e7ue de fa\u00e7on \u00e0 correspondre aux besoins d\u2019entrainement des \u00e9quipes de toutes les disciplines :<\/p>\n<p>Nos deux Cessna Caravan garantissent des rotations rapides et donc un grand nombre de sauts d\u2019entrainement par jour. R\u00e9cemment construit (2011) le hall offre suffisamment d\u2019espace pour le pliage et il sert \u00e9galement de piste de roulement couverte. Des salles de r\u00e9union modernes et des prix comp\u00e9titifs compl\u00e8tent l\u2019offre pour un entrainement r\u00e9ussi.<\/p>\n<p>Apr\u00e8s entente pr\u00e9alable, se tiennent \u00e0 votre disposition au FSZ-Saar Max Thiele, Thomas \u00ab Spieli \u00bb Spielvogel et Markus Bastuck, des entraineurs exp\u00e9riment\u00e9s et actifs \u00e9galement depuis de nombreuses ann\u00e9es dans des comp\u00e9titions tant nationales qu\u2019internationales.<\/p>\n<\/div>\n<div>\n<p>Vous aussi voulez-vous nous rejoindre \u00e0 Sarrelouis pour un entrainement en \u00e9quipe?<\/p>\n<\/div>\n<div>\n<p>Alors contactez-nous \u00e0 l\u2019adresse suivante : <a href=\"mailto:markus.bastuck@fsz-saar.de\">markus.bastuck@fsz-saar.de<\/a> et faites-nous part de vos souhaits et de vos id\u00e9es.<\/p>\n<\/div>\n<h3>Contakt Personne<\/h3>\n<div>\n<p>        <img decoding=\"async\" src=\"wp-content\/uploads\/faq.jpg\" alt=\"\"><\/p>\n<div>Markus Bastuck<br \/>\n<a href=\"mailto:markus.bastuck@fsz-saar.de\">markus.bastuck@fsz-saar.de<\/a><br \/>\n+49 151 22390947<\/div>\n<\/div>\n<div>\n<h3>Dates<\/h3>\n<div>Les dates concernant le parachutisme au FSZ-Saar <a href=\"\/fr\/date-parachutisme\">\u27a4<\/a><\/div>\n<p><a href=\"\/termine-fallschirmsport\">mehr<\/a><\/p>\n<\/div>\n<div>\n<h3>Prix<\/h3>\n<div>Vous trouverez ici notre liste de prix pour les billets&#8230; <a href=\"\/fr\/list-de-prix\">\u27a4<\/a><\/div>\n<p><a href=\"\/preise\">mehr<\/a><\/p>\n<\/div>\n<div>\n<h3>Boutique<\/h3>\n<div>R\u00e9alisez dans notre boutique votre ch\u00e8que-cadeau individualis\u00e9&#8230; <a href=\"https:\/\/fsz-saar.de\/shop\/\">\u27a4<\/a><\/div>\n<p><a href=\"https:\/\/fsz-saar.de\/shop\/\">mehr<\/a><\/p>\n<\/div>\n<p><!-- {\"name\":\"\",\"type\":\"layout\",\"children\":[{\"name\":\"Header Fallschirmsport\",\"type\":\"section\",\"props\":{\"width\":\"default\",\"padding\":\"none\",\"style\":\"image\",\"text_color\":\"\",\"media\":\"images\\\/home-header.jpg\",\"height_viewport\":true,\"header_overlay\":\"light\",\"image\":\"wp-content\\\/uploads\\\/team_cropped.jpg\",\"media_advanced\":true,\"image_size\":\"cover\",\"media_background\":null,\"media_overlay\":\"rgba(0, 0, 0, 0.19)\",\"height\":\"percent\",\"animation\":\"\",\"header_transparent\":\"\",\"image_position\":\"\",\"image_fixed\":false,\"media_blend_mode\":\"\",\"class\":\"\",\"overlap\":true,\"padding_remove_bottom\":false,\"padding_remove_top\":false,\"vertical_align\":\"middle\",\"title_position\":\"top-left\",\"title_rotation\":\"left\",\"title_breakpoint\":\"xl\",\"image_effect\":\"\"},\"children\":[{\"name\":\"\",\"type\":\"row\",\"props\":{\"layout\":\"1-1\",\"breakpoint\":\"m\",\"fixed_width\":\"large\"},\"children\":[{\"name\":\"\",\"type\":\"column\",\"props\":{\"widths\":[\"1-1\"],\"image_position\":\"center-center\",\"media_overlay_gradient\":\"\"}}]}]},{\"name\":\"Intro Fallschirmsport\",\"type\":\"section\",\"props\":{\"style\":\"default\",\"width\":\"default\",\"image_size\":\"cover\",\"padding\":\"small\",\"image\":\"\",\"image_fixed\":false,\"image_position\":\"\",\"animation\":\"fade\",\"class\":\"\",\"padding_remove_bottom\":false,\"overlap\":true,\"vertical_align\":\"middle\",\"title_position\":\"top-left\",\"title_rotation\":\"left\",\"title_breakpoint\":\"xl\",\"image_effect\":\"\"},\"children\":[{\"name\":\"\",\"type\":\"row\",\"props\":{\"fixed_width\":\"large\",\"breakpoint\":\"m\",\"layout\":\",2-3\",\"vertical_align\":true,\"gutter\":\"large\",\"margin\":\"xlarge\"},\"children\":[{\"name\":\"\",\"type\":\"column\",\"props\":{\"widths\":[\"\"],\"image_position\":\"center-center\",\"vertical_align\":\"middle\",\"media_overlay_gradient\":\"\"},\"children\":[{\"name\":\"\",\"type\":\"headline\",\"props\":{\"title_element\":\"h1\",\"content\":\"Saut en \\u00e9quipe\",\"text_align\":\"left\",\"text_align_fallback\":\"center\",\"maxwidth\":\"\",\"title_style\":\"h1\",\"title_decoration\":\"\",\"text_align_breakpoint\":\"m\",\"block_align\":\"center\",\"title_color\":\"\",\"position\":\"\",\"position_z_index\":\"\",\"margin\":\"\",\"maxwidth_breakpoint\":\"\",\"block_align_breakpoint\":\"\",\"block_align_fallback\":\"\",\"animation\":\"\",\"visibility\":\"\"}},{\"name\":\"\",\"type\":\"divider\",\"props\":{\"divider_element\":\"div\",\"divider_style\":\"small\",\"divider_align\":\"left\",\"divider_align_breakpoint\":\"m\",\"divider_align_fallback\":\"center\"}}]},{\"name\":\"\",\"type\":\"column\",\"props\":{\"widths\":[\"2-3\"],\"image_position\":\"center-center\",\"vertical_align\":\"middle\",\"media_overlay_gradient\":\"\"},\"children\":[{\"name\":\"\",\"type\":\"text\",\"props\":{\"column_breakpoint\":\"m\",\"margin\":\"default\",\"content\":\"Ce qui nous tient \\u00e0 c\\u0153ur, c\\u2019est que les \\u00e9quipes de comp\\u00e9tition ainsi que celles qui souhaitent le devenir puissent trouver au Fallschirmsportzentrum Saar des conditions d\\u2019entrainement id\\u00e9ales !\"}}]}]}]},{\"name\":\"\",\"type\":\"section\",\"props\":{\"style\":\"muted\",\"width\":\"default\",\"image_size\":\"cover\",\"padding\":\"small\",\"class\":\"\",\"overlap\":false,\"vertical_align\":\"middle\",\"title_position\":\"top-left\",\"title_rotation\":\"left\",\"title_breakpoint\":\"xl\",\"image_position\":\"center-center\",\"image_effect\":\"\"},\"children\":[{\"name\":\"\",\"type\":\"row\",\"props\":{\"fixed_width\":\"large\",\"breakpoint\":\"m\",\"layout\":\"2-3,\",\"match\":false,\"margin\":\"large\",\"gutter\":\"large\",\"divider\":false,\"width\":\"default\"},\"children\":[{\"name\":\"\",\"type\":\"column\",\"props\":{\"widths\":[\"2-3\"],\"image_position\":\"center-center\",\"media_overlay_gradient\":\"\"},\"children\":[{\"name\":\"\",\"type\":\"headline\",\"props\":{\"title_element\":\"h2\",\"content\":\"Le FSZ-Saar les accueille toutes \\u00e0 bras ouverts !!!\",\"text_align\":\"left\",\"text_align_fallback\":\"center\",\"maxwidth\":\"\",\"title_style\":\"h3\",\"title_decoration\":\"\",\"text_align_breakpoint\":\"m\",\"margin_remove_top\":false,\"animation\":\"\",\"block_align\":\"center\"}},{\"name\":\"\",\"type\":\"text\",\"props\":{\"column_breakpoint\":\"m\",\"margin\":\"default\",\"content\":\"\n\n<p>Voil\\u00e0 pourquoi l\\u2019infrastructure de notre a\\u00e9rodrome a \\u00e9t\\u00e9 con\\u00e7ue de fa\\u00e7on \\u00e0 correspondre aux besoins d\\u2019entrainement des \\u00e9quipes de toutes les disciplines :<br \\\/> <br \\\/>Nos deux Cessna Caravan garantissent des rotations rapides et donc un grand nombre de sauts d\\u2019entrainement par jour. R\\u00e9cemment construit (2011) le hall offre suffisamment d\\u2019espace pour le pliage et il sert \\u00e9galement de piste de roulement couverte. Des salles de r\\u00e9union modernes et des prix comp\\u00e9titifs compl\\u00e8tent l\\u2019offre pour un entrainement r\\u00e9ussi.<br \\\/> <br \\\/>Apr\\u00e8s entente pr\\u00e9alable, se tiennent \\u00e0 votre disposition au FSZ-Saar Max Thiele, Thomas \\u00ab Spieli \\u00bb Spielvogel et Markus Bastuck, des entraineurs exp\\u00e9riment\\u00e9s et actifs \\u00e9galement depuis de nombreuses ann\\u00e9es dans des comp\\u00e9titions tant nationales qu\\u2019internationales.<\\\/p>\",\"dropcap\":false,\"column\":\"\",\"column_divider\":true}},{\"name\":\"\",\"type\":\"text\",\"props\":{\"column_breakpoint\":\"m\",\"margin\":\"default\",\"content\":\"\n\n<p>Vous aussi voulez-vous nous rejoindre \\u00e0 Sarrelouis pour un entrainement en \\u00e9quipe?<\\\/p>\"}},{\"name\":\"\",\"type\":\"text\",\"props\":{\"column_breakpoint\":\"m\",\"margin\":\"default\",\"content\":\"\n\n<p>Alors contactez-nous \\u00e0 l\\u2019adresse suivante : <a href=\\\"mailto:markus.bastuck@fsz-saar.de\\\">markus.bastuck@fsz-saar.de<\\\/a> et faites-nous part de vos souhaits et de vos id\\u00e9es.<\\\/p>\"}}]},{\"name\":\"\",\"type\":\"column\",\"props\":{\"widths\":[\"\"],\"image_position\":\"center-center\",\"media_overlay_gradient\":\"\"},\"children\":[{\"name\":\"\",\"type\":\"headline\",\"props\":{\"title_element\":\"h3\",\"content\":\"Contakt Personne\",\"title_style\":\"\",\"class\":\"uk-heading-bullet\"}},{\"name\":\"\",\"type\":\"panel\",\"props\":{\"link_text\":\"Read more\",\"title_element\":\"h3\",\"meta_style\":\"meta\",\"meta_align\":\"below-title\",\"icon_ratio\":4,\"image_align\":\"top\",\"image_grid_width\":\"1-2\",\"image_breakpoint\":\"m\",\"link_style\":\"default\",\"margin\":\"small\",\"content\":\"Markus Bastuck<br \\\/>\\n<a href=\\\"mailto:markus.bastuck@fsz-saar.de\\\">markus.bastuck@fsz-saar.de<\\\/a><br \\\/>\\n+49 151 22390947\",\"panel_style\":\"card-secondary\",\"text_align\":\"center\",\"animation\":\"scale-up\",\"content_style\":\"\",\"image\":\"wp-content\\\/uploads\\\/faq.jpg\",\"panel_size\":\"small\",\"image_border\":\"rounded\",\"image_height\":\"100\",\"maxwidth\":\"medium\",\"panel_card_image\":false,\"block_align\":\"center\",\"title_hover_style\":\"reset\",\"title_align\":\"top\",\"title_grid_width\":\"1-2\",\"title_breakpoint\":\"m\",\"image_svg_color\":\"emphasis\"}},{\"name\":\"\",\"type\":\"panel\",\"props\":{\"icon_ratio\":4,\"title_element\":\"h3\",\"image_align\":\"top\",\"image_grid_width\":\"1-2\",\"image_breakpoint\":\"m\",\"link_style\":\"default\",\"margin\":\"medium\",\"panel_style\":\"\",\"content\":\"Les dates concernant le parachutisme au FSZ-Saar <a href=\\\"\\\/fr\\\/date-parachutisme\\\">\\u27a4<\\\/a>\",\"title\":\"Dates\",\"image\":\"\",\"text_align\":\"\",\"link\":\"\\\/termine-fallschirmsport\",\"link_text\":\"mehr\",\"image_border\":\"\",\"image_gutter\":\"large\",\"image_vertical_align\":true,\"panel_size\":\"large\",\"meta_style\":\"meta\",\"meta_align\":\"above-title\",\"meta\":\"\",\"meta_margin\":\"\",\"link_size\":\"small\",\"text_align_breakpoint\":\"m\",\"text_align_fallback\":\"center\",\"image_width\":\"\",\"image_height\":\"\",\"title_decoration\":\"bullet\",\"title_margin\":\"small\",\"link_type\":\"content\",\"panel_card_image\":true,\"title_hover_style\":\"reset\",\"title_align\":\"top\",\"title_grid_width\":\"1-2\",\"title_breakpoint\":\"m\",\"image_svg_color\":\"emphasis\"}},{\"name\":\"\",\"type\":\"panel\",\"props\":{\"icon_ratio\":4,\"title_element\":\"h3\",\"image_align\":\"top\",\"image_grid_width\":\"1-2\",\"image_breakpoint\":\"m\",\"link_style\":\"default\",\"margin\":\"medium\",\"panel_style\":\"\",\"content\":\"Vous trouverez ici notre liste de prix pour les billets... <a href=\\\"\\\/fr\\\/list-de-prix\\\">\\u27a4<\\\/a>\",\"title\":\"Prix\",\"image\":\"\",\"text_align\":\"\",\"link\":\"\\\/preise\",\"link_text\":\"mehr\",\"image_border\":\"\",\"image_gutter\":\"\",\"image_vertical_align\":true,\"panel_size\":\"large\",\"text_align_breakpoint\":\"m\",\"text_align_fallback\":\"center\",\"meta_style\":\"meta\",\"meta_align\":\"above-title\",\"meta\":\"\",\"content_style\":\"\",\"meta_margin\":\"\",\"title_style\":\"\",\"link_size\":\"small\",\"title_decoration\":\"bullet\",\"title_margin\":\"small\",\"link_type\":\"content\",\"panel_card_image\":true,\"title_hover_style\":\"reset\",\"title_align\":\"top\",\"title_grid_width\":\"1-2\",\"title_breakpoint\":\"m\",\"image_svg_color\":\"emphasis\"}},{\"name\":\"\",\"type\":\"panel\",\"props\":{\"icon_ratio\":4,\"title_element\":\"h3\",\"image_align\":\"top\",\"image_grid_width\":\"1-2\",\"image_breakpoint\":\"m\",\"link_style\":\"default\",\"margin\":\"medium\",\"panel_style\":\"\",\"content\":\"R\\u00e9alisez dans notre boutique votre ch\\u00e8que-cadeau individualis\\u00e9... <a href=\\\"https:\\\/\\\/fsz-saar.de\\\/shop\\\/\\\">\\u27a4<\\\/a>\",\"title\":\"Boutique\",\"image\":\"\",\"text_align\":\"\",\"link\":\"https:\\\/\\\/fsz-saar.de\\\/shop\\\/\",\"link_text\":\"mehr\",\"image_border\":\"\",\"image_gutter\":\"\",\"animation\":\"slide-right-small\",\"panel_size\":\"large\",\"image_vertical_align\":true,\"meta_style\":\"meta\",\"meta_align\":\"above-title\",\"meta\":\"\",\"meta_margin\":\"\",\"link_size\":\"small\",\"text_align_breakpoint\":\"m\",\"text_align_fallback\":\"center\",\"title_decoration\":\"bullet\",\"title_margin\":\"small\",\"link_type\":\"content\",\"panel_card_image\":true,\"title_hover_style\":\"reset\",\"title_align\":\"top\",\"title_grid_width\":\"1-2\",\"title_breakpoint\":\"m\",\"image_svg_color\":\"emphasis\"}}]}]}]}],\"props\":[],\"version\":\"1.20.6\"} --><\/p>\n","protected":false},"excerpt":{"rendered":"<p>Saut en \u00e9quipe Ce qui nous tient \u00e0 c\u0153ur, c\u2019est que les \u00e9quipes de comp\u00e9tition ainsi que celles qui souhaitent le devenir puissent trouver au Fallschirmsportzentrum Saar des conditions d\u2019entrainement id\u00e9ales ! Le FSZ-Saar les accueille toutes \u00e0 bras ouverts !!! Voil\u00e0 pourquoi l\u2019infrastructure de notre a\u00e9rodrome a \u00e9t\u00e9 con\u00e7ue de fa\u00e7on \u00e0 correspondre aux [&hellip;]<\/p>\n","protected":false},"author":3,"featured_media":0,"parent":0,"menu_order":0,"comment_status":"closed","ping_status":"closed","template":"","meta":{"footnotes":""},"class_list":["post-1305","page","type-page","status-publish","hentry"],"_links":{"self":[{"href":"https:\/\/fsz-saar.de\/fr\/wp-json\/wp\/v2\/pages\/1305","targetHints":{"allow":["GET"]}}],"collection":[{"href":"https:\/\/fsz-saar.de\/fr\/wp-json\/wp\/v2\/pages"}],"about":[{"href":"https:\/\/fsz-saar.de\/fr\/wp-json\/wp\/v2\/types\/page"}],"author":[{"embeddable":true,"href":"https:\/\/fsz-saar.de\/fr\/wp-json\/wp\/v2\/users\/3"}],"replies":[{"embeddable":true,"href":"https:\/\/fsz-saar.de\/fr\/wp-json\/wp\/v2\/comments?post=1305"}],"version-history":[{"count":4,"href":"https:\/\/fsz-saar.de\/fr\/wp-json\/wp\/v2\/pages\/1305\/revisions"}],"predecessor-version":[{"id":4081,"href":"https:\/\/fsz-saar.de\/fr\/wp-json\/wp\/v2\/pages\/1305\/revisions\/4081"}],"wp:attachment":[{"href":"https:\/\/fsz-saar.de\/fr\/wp-json\/wp\/v2\/media?parent=1305"}],"curies":[{"name":"wp","href":"https:\/\/api.w.org\/{rel}","templated":true}]}}