{"id":1320,"date":"2020-02-07T15:30:37","date_gmt":"2020-02-07T13:30:37","guid":{"rendered":"http:\/\/neu.fsz-saar.de\/?page_id=1320"},"modified":"2021-02-12T09:06:38","modified_gmt":"2021-02-12T07:06:38","slug":"2-way-compettion","status":"publish","type":"page","link":"https:\/\/fsz-saar.de\/fr\/2-way-compettion\/","title":{"rendered":"2-Way competition"},"content":{"rendered":"<p><!-- Builder # --><\/p>\n<h1>2er Speed 2018<\/h1>\n<h2> Auslose-Prozedur<\/h2>\n<ul>\n<li>\n<div>Es werden aus den 10 Bl\u00f6cken und 6 Randoms <strong>drei Spr\u00fcnge<\/strong> mit 4 oder 5 Punkten gelost.<\/div>\n<\/li>\n<li>\n<div>Random-\u00dcberg\u00e4nge mit identischen Formationen werden nicht gelost. Beispiele:<\/p>\n<ul style=\"list-style-type:disc\">\n<li>Cat Machine (Block 5) und Cat Light (Block 6) k\u00f6nnen nicht aufeinander folgen.<\/li>\n<li>Auf die Buddies (Block 7) kann niemals ein Sidebody (Random D) folgen.<\/li>\n<li>Auf Stern (Random A) kann nicht Spin (Block 1) oder Sternraupe (Block 10) folgen.<\/li>\n<\/ul>\n<\/div>\n<\/li>\n<li>\n<div><strong>Judging: Alle Judging-Regeln bleiben unver\u00e4ndert.<\/strong><\/div>\n<\/li>\n<li>\n<div>Die Arbeitszeit betr\u00e4gt <strong>35 Sekunden<\/strong> ab Exit.<\/div>\n<\/li>\n<li>\n<div>Es gilt die FAI Bustregel.<\/div>\n<\/li>\n<\/ul>\n<div>\n<h3>Downloads<\/h3>\n<div><a href=\"\/TODO\">Divepool 2018<\/a><br\/ ><br \/>\n<a href=\"\/TODO\">Ergebnisse 2018<\/a><\/div>\n<p><a href=\"\/termine-fallschirmsport\">mehr<\/a><\/p>\n<\/div>\n<h2>Aktuelles zum 2er Speed 2018<\/h2>\n<h4>Samstag, 11.11.2011 11:11<\/h4>\n<div>\n<p>Hallo zusammen, es kommen nun mehr Meldungen. Vielen Dank daf\u00fcr. Leider kam aus Neustadt-Glewe die Meldung, dass das Wetter am ganzen WE derart schlecht war, dass kein Sprungbetrieb m\u00f6glich war. Auch aus Breitscheid kam eben die Nachricht, dass aufgrund des Wetters der Wettbewerb nicht abgeschlossen werden kann. Daf\u00fcr scheint es in Gransee nun los zu gehen. Es ist bisher ein Team gemeldet, welches soeben die Runde 1 gesprungen ist. In Leipzig und Schlierstadt konnten die Teams alle Runden komplettieren. Vielen Dank f\u00fcr die Teilnahme und die Meldungen.!!!!!<\/p>\n<\/div>\n<h4>Samstag, 11.11.2011 11:11<\/h4>\n<div>Hallo zusammen,   es kommen nun mehr Meldungen. Vielen Dank daf\u00fcr.  Leider kam aus Neustadt-Glewe die Meldung, dass das Wetter am ganzen WE derart schlecht war, dass kein Sprungbetrieb m\u00f6glich war. Auch aus Breitscheid kam eben die Nachricht, dass aufgrund des Wetters der Wettbewerb nicht abgeschlossen werden kann. Daf\u00fcr scheint es in Gransee nun los zu gehen. Es ist bisher ein Team gemeldet, welches soeben die Runde 1 gesprungen ist.  In Leipzig und Schlierstadt konnten die Teams alle Runden komplettieren. Vielen Dank f\u00fcr die Teilnahme und die Meldungen.<\/div>\n<p><!-- {\"name\":\"\",\"type\":\"layout\",\"children\":[{\"name\":\"Header Fallschirmsport\",\"type\":\"section\",\"props\":{\"width\":\"default\",\"padding\":\"none\",\"style\":\"image\",\"text_color\":\"light\",\"media\":\"images\\\/home-header.jpg\",\"height_viewport\":true,\"header_overlay\":\"light\",\"image\":\"wp-content\\\/uploads\\\/R0023771-e1519122510934.jpg\",\"media_advanced\":true,\"image_size\":\"cover\",\"media_background\":null,\"media_overlay\":\"rgba(0, 0, 0, 0.19)\",\"height\":\"percent\",\"animation\":\"\",\"header_transparent\":\"\",\"image_position\":\"\",\"image_fixed\":false,\"media_blend_mode\":\"\",\"class\":\"\",\"overlap\":true,\"padding_remove_bottom\":false,\"padding_remove_top\":false,\"vertical_align\":\"middle\",\"title_position\":\"top-left\",\"title_rotation\":\"left\",\"title_breakpoint\":\"xl\",\"image_effect\":\"\"},\"children\":[{\"name\":\"\",\"type\":\"row\",\"props\":{\"layout\":\"1-1\",\"breakpoint\":\"m\",\"fixed_width\":\"large\"},\"children\":[{\"name\":\"\",\"type\":\"column\",\"props\":{\"widths\":[\"1-1\"],\"image_position\":\"center-center\",\"media_overlay_gradient\":\"\"}}]}]},{\"name\":\"Intro Fallschirmsport\",\"type\":\"section\",\"props\":{\"style\":\"default\",\"width\":\"default\",\"image_size\":\"cover\",\"padding\":\"small\",\"image\":\"\",\"image_fixed\":false,\"image_position\":\"\",\"animation\":\"fade\",\"class\":\"\",\"padding_remove_bottom\":false,\"overlap\":true,\"vertical_align\":\"middle\",\"title_position\":\"top-left\",\"title_rotation\":\"left\",\"title_breakpoint\":\"xl\",\"image_effect\":\"\"},\"children\":[{\"name\":\"\",\"type\":\"row\",\"props\":{\"fixed_width\":\"large\",\"breakpoint\":\"m\",\"layout\":\",2-3\",\"vertical_align\":true,\"gutter\":\"large\",\"margin\":\"xlarge\"},\"children\":[{\"name\":\"\",\"type\":\"column\",\"props\":{\"widths\":[\"\"],\"image_position\":\"center-center\",\"vertical_align\":\"middle\",\"media_overlay_gradient\":\"\"},\"children\":[{\"name\":\"\",\"type\":\"headline\",\"props\":{\"title_element\":\"h1\",\"content\":\"2er Speed 2018\",\"text_align\":\"left\",\"text_align_fallback\":\"center\",\"maxwidth\":\"\",\"title_style\":\"h1\",\"title_decoration\":\"\",\"text_align_breakpoint\":\"m\",\"block_align\":\"center\",\"title_color\":\"\",\"position\":\"\",\"position_z_index\":\"\",\"margin\":\"\",\"maxwidth_breakpoint\":\"\",\"block_align_breakpoint\":\"\",\"block_align_fallback\":\"\",\"animation\":\"\",\"visibility\":\"\"}},{\"name\":\"\",\"type\":\"divider\",\"props\":{\"divider_element\":\"div\",\"divider_style\":\"small\",\"divider_align\":\"left\",\"divider_align_breakpoint\":\"m\",\"divider_align_fallback\":\"center\"}}]},{\"name\":\"\",\"type\":\"column\",\"props\":{\"widths\":[\"2-3\"],\"image_position\":\"center-center\",\"vertical_align\":\"middle\",\"media_overlay_gradient\":\"\"}}]}]},{\"name\":\"\",\"type\":\"section\",\"props\":{\"style\":\"muted\",\"width\":\"default\",\"image_size\":\"cover\",\"padding\":\"small\",\"class\":\"\",\"overlap\":false,\"vertical_align\":\"middle\",\"title_position\":\"top-left\",\"title_rotation\":\"left\",\"title_breakpoint\":\"xl\",\"image_position\":\"center-center\",\"image_effect\":\"\"},\"children\":[{\"name\":\"\",\"type\":\"row\",\"props\":{\"fixed_width\":\"large\",\"breakpoint\":\"m\",\"layout\":\"2-3,\",\"match\":false,\"margin\":\"large\",\"gutter\":\"large\",\"divider\":false,\"width\":\"default\"},\"children\":[{\"name\":\"\",\"type\":\"column\",\"props\":{\"widths\":[\"2-3\"],\"image_position\":\"center-center\",\"media_overlay_gradient\":\"\"},\"children\":[{\"name\":\"\",\"type\":\"headline\",\"props\":{\"title_element\":\"h2\",\"content\":\" Auslose-Prozedur\",\"text_align\":\"left\",\"text_align_fallback\":\"center\",\"maxwidth\":\"\",\"title_style\":\"h3\",\"title_decoration\":\"\",\"text_align_breakpoint\":\"m\",\"margin_remove_top\":false,\"animation\":\"\",\"block_align\":\"center\"}},{\"name\":\"\",\"type\":\"list\",\"props\":{\"show_image\":true,\"show_link\":true,\"image_align\":\"left\",\"list_style\":\"bullet\",\"content_style\":null,\"image_svg_color\":\"emphasis\",\"image_vertical_align\":true},\"children\":[{\"name\":\"\",\"type\":\"list_item\",\"props\":{\"content\":\"Es werden aus den 10 Bl\\u00f6cken und 6 Randoms <strong>drei Spr\\u00fcnge<\\\/strong> mit 4 oder 5 Punkten gelost.\"}},{\"name\":\"\",\"type\":\"list_item\",\"props\":{\"content\":\"Random-\\u00dcberg\\u00e4nge mit identischen Formationen werden nicht gelost. Beispiele:\\n\n\n<ul style=\\\"list-style-type:disc\\\">\\n    \n\n<li>Cat Machine (Block 5) und Cat Light (Block 6) k\\u00f6nnen nicht aufeinander folgen.<\\\/li>\\n    \n\n<li>Auf die Buddies (Block 7) kann niemals ein Sidebody (Random D) folgen.<\\\/li>\\n    \n\n<li>Auf Stern (Random A) kann nicht Spin (Block 1) oder Sternraupe (Block 10) folgen.<\\\/li>\\n<\\\/ul>\"}},{\"name\":\"\",\"type\":\"list_item\",\"props\":{\"content\":\"<strong>Judging: Alle Judging-Regeln bleiben unver\\u00e4ndert.<\\\/strong>\"}},{\"name\":\"\",\"type\":\"list_item\",\"props\":{\"content\":\"Die Arbeitszeit betr\\u00e4gt <strong>35 Sekunden<\\\/strong> ab Exit.\"}},{\"name\":\"\",\"type\":\"list_item\",\"props\":{\"content\":\"Es gilt die FAI Bustregel.\"}}]}]},{\"name\":\"\",\"type\":\"column\",\"props\":{\"widths\":[\"\"],\"image_position\":\"center-center\",\"media_overlay_gradient\":\"\"},\"children\":[{\"name\":\"\",\"type\":\"panel\",\"props\":{\"icon_ratio\":4,\"title_element\":\"h3\",\"image_align\":\"top\",\"image_grid_width\":\"1-2\",\"image_breakpoint\":\"m\",\"link_style\":\"default\",\"margin\":\"medium\",\"panel_style\":\"\",\"content\":\"<a href=\\\"\\\/TODO\\\">Divepool 2018<\\\/a><br\\\/ >\\n<a href=\\\"\\\/TODO\\\">Ergebnisse 2018<\\\/a>\",\"title\":\"Downloads\",\"image\":\"\",\"text_align\":\"\",\"link\":\"\\\/termine-fallschirmsport\",\"link_text\":\"mehr\",\"image_border\":\"\",\"image_gutter\":\"large\",\"image_vertical_align\":true,\"panel_size\":\"large\",\"meta_style\":\"meta\",\"meta_align\":\"above-title\",\"meta\":\"\",\"meta_margin\":\"\",\"link_size\":\"small\",\"text_align_breakpoint\":\"m\",\"text_align_fallback\":\"center\",\"image_width\":\"\",\"image_height\":\"\",\"title_decoration\":\"bullet\",\"title_margin\":\"small\",\"link_type\":\"content\",\"panel_card_image\":true,\"title_hover_style\":\"reset\",\"title_align\":\"top\",\"title_grid_width\":\"1-2\",\"title_breakpoint\":\"m\",\"image_svg_color\":\"emphasis\"}}]}]}]},{\"name\":\"\",\"type\":\"section\",\"props\":{\"style\":\"default\",\"width\":\"default\",\"vertical_align\":\"middle\",\"title_position\":\"top-left\",\"title_rotation\":\"left\",\"title_breakpoint\":\"xl\",\"image_position\":\"center-center\",\"image_effect\":\"\"},\"children\":[{\"name\":\"\",\"type\":\"row\",\"props\":{\"fixed_width\":\"large\",\"breakpoint\":\"m\",\"layout\":\"2-3,\",\"match\":false,\"margin\":\"medium\",\"gutter\":\"large\",\"divider\":false,\"width\":\"default\"},\"children\":[{\"name\":\"\",\"type\":\"column\",\"props\":{\"widths\":[\"2-3\"],\"image_position\":\"center-center\",\"media_overlay_gradient\":\"\"},\"children\":[{\"name\":\"\",\"type\":\"headline\",\"props\":{\"title_element\":\"h2\",\"content\":\"Aktuelles zum 2er Speed 2018\",\"text_align\":\"left\",\"text_align_fallback\":\"center\",\"maxwidth\":\"\",\"title_style\":\"h2\",\"title_decoration\":\"\",\"text_align_breakpoint\":\"m\",\"margin_remove_top\":false,\"animation\":\"\",\"block_align\":\"center\"}}]},{\"name\":\"\",\"type\":\"column\",\"props\":{\"widths\":[\"\"],\"image_position\":\"center-center\",\"media_overlay_gradient\":\"\"}}]},{\"name\":\"\",\"type\":\"row\",\"props\":{\"fixed_width\":\"large\",\"breakpoint\":\"m\",\"layout\":\"1-1\",\"match\":false,\"margin\":\"default\",\"gutter\":\"\",\"divider\":false,\"width\":\"default\"},\"children\":[{\"name\":\"\",\"type\":\"column\",\"props\":{\"widths\":[\"1-1\"],\"image_position\":\"center-center\",\"style\":\"muted\",\"padding\":\"xsmall\",\"media_overlay_gradient\":\"\"},\"children\":[{\"name\":\"\",\"type\":\"headline\",\"props\":{\"title_element\":\"h4\",\"content\":\"Samstag, 11.11.2011 11:11\",\"text_align\":\"left\",\"text_align_fallback\":\"center\",\"maxwidth\":\"\",\"title_style\":\"h4\",\"title_decoration\":\"\",\"text_align_breakpoint\":\"m\",\"margin_remove_top\":false,\"animation\":\"\",\"margin_remove_bottom\":false,\"block_align\":\"center\"}},{\"name\":\"\",\"type\":\"text\",\"props\":{\"column_breakpoint\":\"m\",\"margin\":\"default\",\"content\":\"\n\n<p>Hallo zusammen, es kommen nun mehr Meldungen. Vielen Dank daf\\u00fcr. Leider kam aus Neustadt-Glewe die Meldung, dass das Wetter am ganzen WE derart schlecht war, dass kein Sprungbetrieb m\\u00f6glich war. Auch aus Breitscheid kam eben die Nachricht, dass aufgrund des Wetters der Wettbewerb nicht abgeschlossen werden kann. Daf\\u00fcr scheint es in Gransee nun los zu gehen. Es ist bisher ein Team gemeldet, welches soeben die Runde 1 gesprungen ist. In Leipzig und Schlierstadt konnten die Teams alle Runden komplettieren. Vielen Dank f\\u00fcr die Teilnahme und die Meldungen.!!!!!<\\\/p>\",\"dropcap\":false,\"column\":\"\",\"column_divider\":true,\"margin_remove_bottom\":false,\"margin_remove_top\":false}}]}]},{\"name\":\"\",\"type\":\"row\",\"props\":{\"fixed_width\":\"large\",\"breakpoint\":\"m\",\"layout\":\"1-1\",\"match\":false,\"margin\":\"default\",\"gutter\":\"\",\"divider\":false,\"width\":\"default\"},\"children\":[{\"name\":\"\",\"type\":\"column\",\"props\":{\"widths\":[\"1-1\"],\"image_position\":\"center-center\",\"style\":\"muted\",\"padding\":\"xsmall\",\"media_overlay_gradient\":\"\"},\"children\":[{\"name\":\"\",\"type\":\"headline\",\"props\":{\"title_element\":\"h4\",\"content\":\"Samstag, 11.11.2011 11:11\",\"text_align\":\"left\",\"text_align_fallback\":\"center\",\"maxwidth\":\"\",\"title_style\":\"h4\",\"title_decoration\":\"\",\"text_align_breakpoint\":\"m\",\"margin_remove_top\":false,\"animation\":\"\",\"margin_remove_bottom\":false,\"block_align\":\"center\"}},{\"name\":\"\",\"type\":\"text\",\"props\":{\"column_breakpoint\":\"m\",\"margin\":\"default\",\"content\":\"Hallo zusammen,   es kommen nun mehr Meldungen. Vielen Dank daf\\u00fcr.  Leider kam aus Neustadt-Glewe die Meldung, dass das Wetter am ganzen WE derart schlecht war, dass kein Sprungbetrieb m\\u00f6glich war. Auch aus Breitscheid kam eben die Nachricht, dass aufgrund des Wetters der Wettbewerb nicht abgeschlossen werden kann. Daf\\u00fcr scheint es in Gransee nun los zu gehen. Es ist bisher ein Team gemeldet, welches soeben die Runde 1 gesprungen ist.  In Leipzig und Schlierstadt konnten die Teams alle Runden komplettieren. Vielen Dank f\\u00fcr die Teilnahme und die Meldungen.\",\"dropcap\":false,\"column\":\"\",\"column_divider\":true,\"margin_remove_bottom\":false,\"margin_remove_top\":false}}]}]}]}],\"props\":[],\"version\":\"1.20.6\"} --><\/p>\n","protected":false},"excerpt":{"rendered":"<p>2er Speed 2018 Auslose-Prozedur Es werden aus den 10 Bl\u00f6cken und 6 Randoms drei Spr\u00fcnge mit 4 oder 5 Punkten gelost. Random-\u00dcberg\u00e4nge mit identischen Formationen werden nicht gelost. Beispiele: Cat Machine (Block 5) und Cat Light (Block 6) k\u00f6nnen nicht aufeinander folgen. Auf die Buddies (Block 7) kann niemals ein Sidebody (Random D) folgen. Auf [&hellip;]<\/p>\n","protected":false},"author":3,"featured_media":0,"parent":0,"menu_order":0,"comment_status":"closed","ping_status":"closed","template":"","meta":{"footnotes":""},"class_list":["post-1320","page","type-page","status-publish","hentry"],"_links":{"self":[{"href":"https:\/\/fsz-saar.de\/fr\/wp-json\/wp\/v2\/pages\/1320","targetHints":{"allow":["GET"]}}],"collection":[{"href":"https:\/\/fsz-saar.de\/fr\/wp-json\/wp\/v2\/pages"}],"about":[{"href":"https:\/\/fsz-saar.de\/fr\/wp-json\/wp\/v2\/types\/page"}],"author":[{"embeddable":true,"href":"https:\/\/fsz-saar.de\/fr\/wp-json\/wp\/v2\/users\/3"}],"replies":[{"embeddable":true,"href":"https:\/\/fsz-saar.de\/fr\/wp-json\/wp\/v2\/comments?post=1320"}],"version-history":[{"count":12,"href":"https:\/\/fsz-saar.de\/fr\/wp-json\/wp\/v2\/pages\/1320\/revisions"}],"predecessor-version":[{"id":4075,"href":"https:\/\/fsz-saar.de\/fr\/wp-json\/wp\/v2\/pages\/1320\/revisions\/4075"}],"wp:attachment":[{"href":"https:\/\/fsz-saar.de\/fr\/wp-json\/wp\/v2\/media?parent=1320"}],"curies":[{"name":"wp","href":"https:\/\/api.w.org\/{rel}","templated":true}]}}