{"id":1754,"date":"2018-03-02T16:43:08","date_gmt":"2018-03-02T15:43:08","guid":{"rendered":"http:\/\/fsz-saar.de\/?page_id=1754"},"modified":"2018-05-23T16:58:07","modified_gmt":"2018-05-23T14:58:07","slug":"empreinte","status":"publish","type":"page","link":"https:\/\/fsz-saar.de\/fr\/empreinte\/","title":{"rendered":"Empreinte"},"content":{"rendered":"<p>Empreinte<\/p>\n<p>Indicateur l\u00e9gal d&rsquo;\u00e9diteur:<\/p>\n<p>Fallschirmsportschule Saar GmbH<br \/>\nFlugplatz<br \/>\n66798 Wallerfangen<br \/>\nAllemagne<\/p>\n<p>repr\u00e9sent\u00e9 par le directeur : Pascal Schu<\/p>\n<p>Contact:<\/p>\n<p>T\u00e9l\u00e9phone: +49 (0) 6837-74136<br \/>\nFax:\t   +49 (0) 6837-7080116<br \/>\nE-Mail: info@fsz-saar.de<\/p>\n<p>N\u00b0 d&rsquo;identification TVA:<\/p>\n<p>DE 252 161 210<\/p>\n<p>Registre du commerce:<\/p>\n<p>Inscrit au le registre de commerce du tribunal de commerce Saarbr\u00fccken<br \/>\nNum\u00e9ro de registre de commerce HRB 16223<br \/>\n\u00a0<\/p>\n<p>Nous sommes membres de l\u2019initiative \u00ab\u00a0FairCommerce\u00a0\u00bb depuis\u00a018.05.2018.Pour plus d\u2019informations, consultez:\u00a0www.fair-commerce.de<\/p>\n<p><!-- {\"name\":\"\",\"type\":\"layout\",\"children\":[{\"name\":\"\",\"type\":\"section\",\"props\":{\"style\":\"image\",\"width\":\"default\",\"image_size\":\"cover\",\"overlap\":true,\"image\":\"wp-content\\\/uploads\\\/Bild5.jpg\",\"padding\":\"none\",\"image_position\":\"top-center\",\"vertical_align\":\"middle\",\"title_position\":\"top-left\",\"title_rotation\":\"left\",\"title_breakpoint\":\"xl\",\"height\":\"percent\"},\"children\":[{\"name\":\"\",\"type\":\"row\",\"props\":{\"fixed_width\":\"large\",\"breakpoint\":\"m\",\"layout\":\"1-1\"},\"children\":[{\"name\":\"\",\"type\":\"column\",\"props\":{\"widths\":[\"1-1\"],\"image_position\":\"center-center\"}}]}]},{\"name\":\"\",\"type\":\"section\",\"props\":{\"style\":\"default\",\"width\":\"default\",\"image_size\":\"cover\",\"vertical_align\":\"middle\",\"title_position\":\"top-left\",\"title_rotation\":\"left\",\"title_breakpoint\":\"xl\",\"image_position\":\"center-center\"},\"children\":[{\"name\":\"\",\"type\":\"row\",\"props\":{\"fixed_width\":\"large\",\"breakpoint\":\"m\",\"layout\":\"1-1\"},\"children\":[{\"name\":\"\",\"type\":\"column\",\"props\":{\"widths\":[\"1-1\"],\"image_position\":\"center-center\"},\"children\":[{\"name\":\"\",\"type\":\"headline\",\"props\":{\"title_element\":\"h1\",\"content\":\"Empreinte\"}},{\"name\":\"\",\"type\":\"divider\",\"props\":{\"divider_element\":\"div\",\"divider_style\":\"small\"}}]}]}]},{\"name\":\"\",\"type\":\"section\",\"props\":{\"style\":\"muted\",\"width\":\"default\",\"image_size\":\"cover\",\"vertical_align\":\"middle\",\"title_position\":\"top-left\",\"title_rotation\":\"left\",\"title_breakpoint\":\"xl\",\"image_position\":\"center-center\"},\"children\":[{\"name\":\"\",\"type\":\"row\",\"props\":{\"fixed_width\":\"large\",\"breakpoint\":\"m\",\"layout\":\"1-1\"},\"children\":[{\"name\":\"\",\"type\":\"column\",\"props\":{\"widths\":[\"1-1\"],\"image_position\":\"center-center\"},\"children\":[{\"name\":\"\",\"type\":\"headline\",\"props\":{\"title_element\":\"h3\",\"content\":\"Indicateur l\\u00e9gal d'\\u00e9diteur:\",\"title_style\":\"h3\"}},{\"name\":\"\",\"type\":\"text\",\"props\":{\"column_breakpoint\":\"m\",\"margin\":\"default\",\"content\":\"Fallschirmsportschule Saar GmbH<br \\\/>\\nFlugplatz<br\\\/ >\\n66798 Wallerfangen<br\\\/ >\\nAllemagne<\\\/p>\"}},{\"name\":\"\",\"type\":\"text\",\"props\":{\"column_breakpoint\":\"m\",\"margin\":\"default\",\"content\":\"\n\n<p>repr\\u00e9sent\\u00e9 par le directeur : Pascal Schu<\\\/p>\"}},{\"name\":\"\",\"type\":\"headline\",\"props\":{\"title_element\":\"h3\",\"content\":\"Contact:\",\"title_style\":\"h3\"}},{\"name\":\"\",\"type\":\"text\",\"props\":{\"column_breakpoint\":\"m\",\"margin\":\"default\",\"content\":\"T\\u00e9l\\u00e9phone: +49 (0) 6837-74136<br \\\/>\\nFax:\\t   +49 (0) 6837-7080116<br \\\/>\\nE-Mail: <a href=\\\"mailto:info@fsz-saar.de\\\">info@fsz-saar.de<\\\/a>\"}},{\"name\":\"\",\"type\":\"headline\",\"props\":{\"title_element\":\"h3\",\"content\":\"N\\u00b0 d'identification TVA:\",\"title_style\":\"h3\"}},{\"name\":\"\",\"type\":\"text\",\"props\":{\"column_breakpoint\":\"m\",\"margin\":\"default\",\"content\":\"DE 252 161 210\"}},{\"name\":\"\",\"type\":\"headline\",\"props\":{\"title_element\":\"h3\",\"content\":\"\n\n<h3><span id=\\\"result_box\\\" lang=\\\"fr\\\"><span title=\\\"Commercial register\\n\\\">Registre du commerce:<\\\/span><\\\/span><\\\/h3>\"}},{\"name\":\"\",\"type\":\"text\",\"props\":{\"margin\":\"default\",\"column_breakpoint\":\"m\",\"content\":\"\n\n<p><span id=\\\"result_box\\\" lang=\\\"fr\\\"><span title=\\\"Register court: Amtsgericht Saarbr\\u00fccken\\n\\\">Inscrit au le registre de commerce du tribunal de commerce Saarbr\\u00fccken<\\\/span><\\\/span><span id=\\\"result_box\\\" lang=\\\"fr\\\"><\\\/span><\\\/br>\\nNum\\u00e9ro de registre de commerce HRB 16223<\\\/p>\\n\n\n<p>\\u00a0<\\\/p>\"}},{\"name\":\"\",\"type\":\"text\",\"props\":{\"margin\":\"default\",\"column_breakpoint\":\"m\",\"content\":\"\n\n<p><strong>Nous sommes membres de l\\u2019initiative \\\"FairCommerce\\\" depuis\\u00a018.05.2018.<\\\/strong><br \\\/>Pour plus d\\u2019informations, consultez:\\u00a0www.fair-commerce.de<\\\/p>\"}}]}]}]}]} --><\/p>\n","protected":false},"excerpt":{"rendered":"<p>Empreinte Indicateur l\u00e9gal d&rsquo;\u00e9diteur: Fallschirmsportschule Saar GmbH Flugplatz 66798 Wallerfangen Allemagne repr\u00e9sent\u00e9 par le directeur : Pascal Schu Contact: T\u00e9l\u00e9phone: +49 (0) 6837-74136 Fax: +49 (0) 6837-7080116 E-Mail: info@fsz-saar.de N\u00b0 d&rsquo;identification TVA: DE 252 161 210 Registre du commerce: Inscrit au le registre de commerce du tribunal de commerce Saarbr\u00fccken Num\u00e9ro de registre de commerce [&hellip;]<\/p>\n","protected":false},"author":1,"featured_media":0,"parent":0,"menu_order":0,"comment_status":"closed","ping_status":"closed","template":"","meta":{"footnotes":""},"class_list":["post-1754","page","type-page","status-publish","hentry"],"_links":{"self":[{"href":"https:\/\/fsz-saar.de\/fr\/wp-json\/wp\/v2\/pages\/1754","targetHints":{"allow":["GET"]}}],"collection":[{"href":"https:\/\/fsz-saar.de\/fr\/wp-json\/wp\/v2\/pages"}],"about":[{"href":"https:\/\/fsz-saar.de\/fr\/wp-json\/wp\/v2\/types\/page"}],"author":[{"embeddable":true,"href":"https:\/\/fsz-saar.de\/fr\/wp-json\/wp\/v2\/users\/1"}],"replies":[{"embeddable":true,"href":"https:\/\/fsz-saar.de\/fr\/wp-json\/wp\/v2\/comments?post=1754"}],"version-history":[{"count":18,"href":"https:\/\/fsz-saar.de\/fr\/wp-json\/wp\/v2\/pages\/1754\/revisions"}],"predecessor-version":[{"id":2235,"href":"https:\/\/fsz-saar.de\/fr\/wp-json\/wp\/v2\/pages\/1754\/revisions\/2235"}],"wp:attachment":[{"href":"https:\/\/fsz-saar.de\/fr\/wp-json\/wp\/v2\/media?parent=1754"}],"curies":[{"name":"wp","href":"https:\/\/api.w.org\/{rel}","templated":true}]}}