{"id":2541,"date":"2018-12-15T14:24:31","date_gmt":"2018-12-15T12:24:31","guid":{"rendered":"https:\/\/fsz-saar.de\/?page_id=2541"},"modified":"2020-03-08T16:50:56","modified_gmt":"2020-03-08T14:50:56","slug":"saut-en-tandem-video","status":"publish","type":"page","link":"https:\/\/fsz-saar.de\/fr\/saut-en-tandem-video\/","title":{"rendered":"Saut en tandem video"},"content":{"rendered":"<p><!-- Builder # --><\/p>\n<h2><span class=\"tlid-translation translation\"><span class=\"\" title=\"\">Laissez les images anim\u00e9es parler!<\/span><\/span><\/h2>\n<p><iframe src=\"https:\/\/www.youtube.com\/embed\/JqDXS-MFFbU?rel=0\"><\/iframe><\/p>\n<h1><span class=\"tlid-translation translation\"><span class=\"\" title=\"\">Un cameraman exp\u00e9riment\u00e9 saute avec vous!<\/span><\/span><\/h1>\n<div>\n<p><span class=\"tlid-translation translation\"><span title=\"\">Un saut en tandem est une exp\u00e9rience difficile \u00e0 d\u00e9crire avec des mots.<\/span> <span class=\"\" title=\"\">Laissez les images parler et convaincre les amis et la famille \u00e0 travers une vid\u00e9o et \/ ou des photos<\/span><\/span><\/p>\n<\/div>\n<div>\n<p>Notre cam\u00e9raman en chute libre vous accompagne tout au long du processus de saut. Cela commence par les pr\u00e9paratifs au sol, l&rsquo;ascension, la chute libre, ainsi que l&rsquo;atterrissage du parachute avec nous sur le site de saut. Vous recevrez une vid\u00e9o et \/ ou des photos de saut en tandem de coupe professionnelle de notre part.<\/p>\n<p>Nous enverrons votre vid\u00e9o de saut en tandem personnelle ainsi que vos photos r\u00e9serv\u00e9es sous forme de lien de t\u00e9l\u00e9chargement imm\u00e9diatement \u00e0 votre adresse e-mail sp\u00e9cifi\u00e9e. Ainsi, vous pouvez partager votre exp\u00e9rience unique avec vos amis ou votre famille encore plus rapidement.<\/p>\n<\/div>\n<p><video src=\"\/wp-content\/uploads\/HDVideo.mp4\" poster=\"\"><\/video><\/p>\n<div>\n<p><span class=\"tlid-translation translation\"><span title=\"\">Est-ce que nous vous avons rendu curieux?<\/span> <span class=\"\" title=\"\">Ensuite, parlez \u00e0 notre \u00e9quipe exp\u00e9riment\u00e9e du centre de parachutisme de Sarre et prenez rendez-vous \u00e0 l&rsquo;adresse suivante:<\/span><\/span><\/p>\n<\/div>\n<ul>\n<li>\n<div>Tel.: +49 (0) 6837 74136<\/div>\n<\/li>\n<li>\n<div>Courriel: <a href=\"mailto:info@fsz-saar.de\">info@fsz-saar.de <\/a><\/div>\n<\/li>\n<\/ul>\n<div>\n<p><span class=\"tlid-translation translation\"><span class=\"\" title=\"\">Dans notre boutique en ligne, vous pouvez \u00e9galement acheter un coupon s\u00e9par\u00e9ment pour une vid\u00e9o en chute libre ou des photos en chute libre et ainsi vous offrir un plaisir suppl\u00e9mentaire, \u00e0 vous ou \u00e0 un ami pour le saut en tandem d\u00e9j\u00e0 r\u00e9serv\u00e9.<\/span><\/span><\/p>\n<\/div>\n<div>\n<h3> R\u00e9servation <\/h3>\n<div>\n<p>R\u00e9servez votre saut en tandem ici&#8230;<\/p>\n<\/div>\n<p><a href=\"https:\/\/shop.fsz-saar.de\/fr\/reserver-un-saute-en-tandem\/45\/reserver-un-saute-en-tandem?c=58\">mehr<\/a><\/p>\n<\/div>\n<div>\n<h3>Boutique en ligne <\/h3>\n<div>\n<p>R\u00e9alisez dans notre boutique en ligne votre ch\u00e8que-cadeau personnalis\u00e9&#8230;<\/p>\n<\/div>\n<p><a href=\"https:\/\/shop.fsz-saar.de\/fr\/coupons\/coupons-saut-en-tandem\/\">mehr<\/a><\/p>\n<\/div>\n<div>\n<h3> Tarifs <\/h3>\n<div>\n<p>Vous trouverez ici notre liste de prix pour les sauts en tandem..<\/p>\n<\/div>\n<p><a href=\"\/fr\/list-de-tarifs\">mehr<\/a><\/p>\n<\/div>\n<div>\n<h3>FAQ<\/h3>\n<div>\n<p>Vous avez encore des questions concernant le saut en tandem ou bien son d\u00e9roulement&#8230;<\/p>\n<\/div>\n<p><a href=\"\/fr\/faq-sur-le-saut-en-tandem\/\">mehr<\/a><\/p>\n<\/div>\n<p><!-- {\"name\":\"\",\"type\":\"layout\",\"children\":[{\"name\":\"Header Tandemvideo\",\"type\":\"section\",\"props\":{\"width\":\"default\",\"padding\":\"xlarge\",\"style\":\"image\",\"text_color\":\"\",\"media\":\"images\\\/home-header.jpg\",\"height_viewport\":true,\"header_overlay\":\"light\",\"image\":\"wp-content\\\/uploads\\\/Tandemsprung_Video_FSZ1.jpg\",\"media_advanced\":true,\"image_size\":\"cover\",\"media_background\":null,\"media_overlay\":\"rgba(0, 0, 0, 0.19)\",\"height\":\"\",\"animation\":\"\",\"header_transparent\":\"\",\"image_position\":\"center-center\",\"image_fixed\":false,\"media_blend_mode\":\"\",\"class\":\"\",\"overlap\":true,\"vertical_align\":\"middle\",\"title_position\":\"top-left\",\"title_rotation\":\"left\",\"title_breakpoint\":\"xl\",\"video\":\"\",\"image_effect\":\"\",\"image_visibility\":\"\"},\"children\":[{\"name\":\"\",\"type\":\"row\",\"props\":{\"layout\":\"1-1\",\"breakpoint\":\"m\",\"fixed_width\":\"large\"},\"children\":[{\"name\":\"\",\"type\":\"column\",\"props\":{\"widths\":[\"1-1\"],\"image_position\":\"center-center\",\"media_overlay_gradient\":\"\"}}]}]},{\"name\":\"Intro Tandemvideo\",\"type\":\"section\",\"props\":{\"style\":\"default\",\"width\":\"default\",\"image_size\":\"cover\",\"padding\":\"small\",\"image\":\"\",\"image_fixed\":false,\"image_position\":\"\",\"animation\":\"fade\",\"class\":\"\",\"padding_remove_bottom\":false,\"overlap\":true,\"vertical_align\":\"middle\",\"title_position\":\"top-left\",\"title_rotation\":\"left\",\"title_breakpoint\":\"xl\",\"image_effect\":\"\"},\"children\":[{\"name\":\"\",\"type\":\"row\",\"props\":{\"fixed_width\":\"large\",\"breakpoint\":\"m\",\"layout\":\",2-3\",\"vertical_align\":true,\"gutter\":\"large\",\"margin\":\"xlarge\"},\"children\":[{\"name\":\"\",\"type\":\"column\",\"props\":{\"widths\":[\"\"],\"image_position\":\"center-center\",\"vertical_align\":\"middle\",\"media_overlay_gradient\":\"\"},\"children\":[{\"name\":\"\",\"type\":\"headline\",\"props\":{\"title_element\":\"h2\",\"content\":\"<span class=\\\"tlid-translation translation\\\"><span class=\\\"\\\" title=\\\"\\\">Laissez les images anim\\u00e9es parler!<\\\/span><\\\/span>\",\"text_align\":\"left\",\"text_align_fallback\":\"center\",\"maxwidth\":\"\",\"title_style\":\"h1\",\"title_decoration\":\"\",\"text_align_breakpoint\":\"m\",\"title_color\":\"\",\"maxwidth_breakpoint\":\"\",\"margin\":\"\",\"animation\":\"\",\"visibility\":\"\",\"block_align\":\"center\"}},{\"name\":\"\",\"type\":\"divider\",\"props\":{\"divider_element\":\"div\",\"divider_style\":\"small\",\"divider_align\":\"left\",\"divider_align_breakpoint\":\"m\",\"divider_align_fallback\":\"center\"}}]},{\"name\":\"\",\"type\":\"column\",\"props\":{\"widths\":[\"2-3\"],\"image_position\":\"center-center\",\"vertical_align\":\"middle\",\"media_overlay_gradient\":\"\"},\"children\":[{\"name\":\"\",\"type\":\"video\",\"props\":{\"video_controls\":true,\"margin\":\"default\",\"video_autoplay\":\"\",\"video_box_shadow\":\"\",\"text_align\":\"center\",\"text_align_breakpoint\":\"\",\"text_align_fallback\":\"\",\"maxwidth\":\"\",\"maxwidth_breakpoint\":\"\",\"animation\":\"\",\"visibility\":\"\",\"video\":\"https:\\\/\\\/www.youtube.com\\\/embed\\\/JqDXS-MFFbU?rel=0\",\"video_width\":\"400\",\"video_height\":\"205\",\"block_align\":\"\"}}]}]}]},{\"name\":\"Werbevideo\",\"type\":\"section\",\"props\":{\"style\":\"muted\",\"width\":\"default\",\"image_size\":\"cover\",\"padding\":\"small\",\"class\":\"\",\"vertical_align\":\"middle\",\"title_position\":\"top-left\",\"title_rotation\":\"left\",\"title_breakpoint\":\"xl\",\"image_position\":\"center-center\",\"image_effect\":\"\"},\"children\":[{\"name\":\"\",\"type\":\"row\",\"props\":{\"fixed_width\":\"large\",\"breakpoint\":\"m\",\"layout\":\"1-1\",\"margin\":\"\"},\"children\":[{\"name\":\"\",\"type\":\"column\",\"props\":{\"widths\":[\"1-1\"],\"image_position\":\"center-center\",\"media_overlay_gradient\":\"\"},\"children\":[{\"name\":\"\",\"type\":\"headline\",\"props\":{\"title_element\":\"h1\",\"title_style\":\"h1\",\"content\":\"<span class=\\\"tlid-translation translation\\\"><span class=\\\"\\\" title=\\\"\\\">Un cameraman exp\\u00e9riment\\u00e9 saute avec vous!<\\\/span><\\\/span>\",\"title_decoration\":\"\",\"title_color\":\"\",\"text_align\":\"\",\"text_align_breakpoint\":\"\",\"text_align_fallback\":\"\",\"maxwidth\":\"\",\"maxwidth_breakpoint\":\"\",\"margin\":\"\",\"animation\":\"\",\"visibility\":\"\",\"block_align\":\"\"}}]}]},{\"name\":\"\",\"type\":\"row\",\"props\":{\"fixed_width\":\"large\",\"breakpoint\":\"m\",\"layout\":\"2-3,\",\"match\":false,\"margin\":\"default\",\"gutter\":\"large\",\"divider\":false,\"width\":\"default\"},\"children\":[{\"name\":\"\",\"type\":\"column\",\"props\":{\"widths\":[\"2-3\"],\"image_position\":\"center-center\",\"media_overlay_gradient\":\"\"},\"children\":[{\"name\":\"\",\"type\":\"text\",\"props\":{\"column_breakpoint\":\"m\",\"margin\":\"default\",\"content\":\"\n\n<p><span class=\\\"tlid-translation translation\\\"><span title=\\\"\\\">Un saut en tandem est une exp\\u00e9rience difficile \\u00e0 d\\u00e9crire avec des mots.<\\\/span> <span class=\\\"\\\" title=\\\"\\\">Laissez les images parler et convaincre les amis et la famille \\u00e0 travers une vid\\u00e9o et \\\/ ou des photos<\\\/span><\\\/span><\\\/p>\",\"text_style\":\"\",\"text_color\":\"\",\"text_size\":\"\",\"column\":\"\",\"text_align\":\"\",\"text_align_breakpoint\":\"\",\"text_align_fallback\":\"\",\"maxwidth\":\"\",\"maxwidth_breakpoint\":\"\",\"animation\":\"\",\"visibility\":\"\",\"block_align\":\"\"}},{\"name\":\"\",\"type\":\"text\",\"props\":{\"column_breakpoint\":\"m\",\"margin\":\"default\",\"content\":\"\n\n<p>Notre cam\\u00e9raman en chute libre vous accompagne tout au long du processus de saut. Cela commence par les pr\\u00e9paratifs au sol, l'ascension, la chute libre, ainsi que l'atterrissage du parachute avec nous sur le site de saut. Vous recevrez une vid\\u00e9o et \\\/ ou des photos de saut en tandem de coupe professionnelle de notre part.<\\\/p>\\n\n\n<p>Nous enverrons votre vid\\u00e9o de saut en tandem personnelle ainsi que vos photos r\\u00e9serv\\u00e9es sous forme de lien de t\\u00e9l\\u00e9chargement imm\\u00e9diatement \\u00e0 votre adresse e-mail sp\\u00e9cifi\\u00e9e. Ainsi, vous pouvez partager votre exp\\u00e9rience unique avec vos amis ou votre famille encore plus rapidement.<\\\/p>\",\"text_style\":\"\",\"text_color\":\"\",\"text_size\":\"\",\"column\":\"\",\"text_align\":\"\",\"text_align_breakpoint\":\"\",\"text_align_fallback\":\"\",\"maxwidth\":\"\",\"maxwidth_breakpoint\":\"\",\"animation\":\"\",\"visibility\":\"\",\"block_align\":\"\",\"position\":\"\",\"position_z_index\":\"\",\"block_align_breakpoint\":\"\",\"block_align_fallback\":\"\"}},{\"name\":\"Tandemsprung Video\",\"type\":\"video\",\"props\":{\"margin\":\"default\",\"video\":\"\\\/wp-content\\\/uploads\\\/HDVideo.mp4\",\"text_align\":\"center\",\"video_controls\":true,\"video_autoplay\":\"\",\"video_box_shadow\":\"\",\"text_align_breakpoint\":\"\",\"text_align_fallback\":\"\",\"maxwidth\":\"\",\"maxwidth_breakpoint\":\"\",\"animation\":\"\",\"visibility\":\"\",\"video_width\":\"\",\"video_height\":\"\",\"video_loop\":false,\"block_align\":\"\"}},{\"name\":\"\",\"type\":\"text\",\"props\":{\"column_breakpoint\":\"m\",\"margin\":\"default\",\"content\":\"\n\n<p><span class=\\\"tlid-translation translation\\\"><span title=\\\"\\\">Est-ce que nous vous avons rendu curieux?<\\\/span> <span class=\\\"\\\" title=\\\"\\\">Ensuite, parlez \\u00e0 notre \\u00e9quipe exp\\u00e9riment\\u00e9e du centre de parachutisme de Sarre et prenez rendez-vous \\u00e0 l'adresse suivante:<\\\/span><\\\/span><\\\/p>\",\"text_style\":\"\",\"text_color\":\"\",\"text_size\":\"\",\"column\":\"\",\"text_align\":\"\",\"text_align_breakpoint\":\"\",\"text_align_fallback\":\"\",\"maxwidth\":\"\",\"maxwidth_breakpoint\":\"\",\"animation\":\"\",\"visibility\":\"\",\"block_align\":\"\"}},{\"name\":\"\",\"type\":\"list\",\"props\":{\"image_align\":\"left\",\"image\":true,\"show_image\":true,\"show_link\":true,\"list_style\":\"\",\"content_style\":\"\",\"image_border\":\"\",\"icon_color\":\"\",\"link_style\":\"\",\"text_align\":\"\",\"text_align_breakpoint\":\"\",\"text_align_fallback\":\"\",\"maxwidth\":\"\",\"maxwidth_breakpoint\":\"\",\"margin\":\"\",\"animation\":\"\",\"visibility\":\"\",\"block_align\":\"\",\"image_svg_color\":\"emphasis\",\"image_vertical_align\":true},\"children\":[{\"name\":\"\",\"type\":\"list_item\",\"props\":{\"content\":\"Tel.: +49 (0) 6837 74136\",\"icon\":\"phone\",\"icon_color\":\"primary\"}},{\"name\":\"\",\"type\":\"list_item\",\"props\":{\"content\":\"Courriel: <a href=\\\"mailto:info@fsz-saar.de\\\">info@fsz-saar.de <\\\/a>\",\"icon\":\"mail\",\"icon_color\":\"primary\"}}]},{\"name\":\"\",\"type\":\"text\",\"props\":{\"column_breakpoint\":\"m\",\"margin\":\"default\",\"content\":\"\n\n<p><span class=\\\"tlid-translation translation\\\"><span class=\\\"\\\" title=\\\"\\\">Dans notre boutique en ligne, vous pouvez \\u00e9galement acheter un coupon s\\u00e9par\\u00e9ment pour une vid\\u00e9o en chute libre ou des photos en chute libre et ainsi vous offrir un plaisir suppl\\u00e9mentaire, \\u00e0 vous ou \\u00e0 un ami pour le saut en tandem d\\u00e9j\\u00e0 r\\u00e9serv\\u00e9.<\\\/span><\\\/span><\\\/p>\",\"text_style\":\"\",\"text_color\":\"\",\"text_size\":\"\",\"column\":\"\",\"text_align\":\"\",\"text_align_breakpoint\":\"\",\"text_align_fallback\":\"\",\"maxwidth\":\"\",\"maxwidth_breakpoint\":\"\",\"animation\":\"\",\"visibility\":\"\",\"block_align\":\"\"}}]},{\"name\":\"\",\"type\":\"column\",\"props\":{\"widths\":[\"\"],\"image_position\":\"center-center\",\"media_overlay_gradient\":\"\"},\"children\":[{\"name\":\"\",\"type\":\"panel\",\"props\":{\"icon_ratio\":\"2\",\"title_element\":\"h3\",\"image_align\":\"between\",\"image_grid_width\":\"1-2\",\"image_breakpoint\":\"m\",\"link_style\":\"default\",\"margin\":\"medium\",\"panel_style\":\"\",\"content\":\"\n\n<p>R\\u00e9servez votre saut en tandem ici...<\\\/p>\",\"title\":\" R\\u00e9servation \",\"image\":\"\",\"text_align\":\"center\",\"link\":\"https:\\\/\\\/shop.fsz-saar.de\\\/fr\\\/reserver-un-saute-en-tandem\\\/45\\\/reserver-un-saute-en-tandem?c=58\",\"link_text\":\"mehr\",\"image_border\":\"\",\"image_gutter\":\"small\",\"image_vertical_align\":true,\"panel_size\":\"large\",\"meta_style\":\"meta\",\"meta_align\":\"above-title\",\"meta\":\"\",\"meta_margin\":\"\",\"link_size\":\"small\",\"text_align_breakpoint\":\"m\",\"text_align_fallback\":\"center\",\"image_width\":\"\",\"image_height\":\"\",\"title_decoration\":\"bullet\",\"icon\":\"calendar\",\"link_target\":true,\"title_style\":\"\",\"title_color\":\"\",\"content_style\":\"\",\"image_box_shadow\":\"\",\"image_hover_box_shadow\":\"\",\"icon_color\":\"\",\"maxwidth\":\"\",\"maxwidth_breakpoint\":\"\",\"animation\":\"\",\"visibility\":\"\",\"title_margin\":\"small\",\"link_type\":\"content\",\"panel_card_image\":true,\"block_align\":\"\",\"title_hover_style\":\"reset\",\"title_align\":\"top\",\"title_grid_width\":\"1-2\",\"title_breakpoint\":\"m\",\"image_svg_color\":\"emphasis\"}},{\"name\":\"\",\"type\":\"panel\",\"props\":{\"icon_ratio\":\"2\",\"title_element\":\"h3\",\"image_align\":\"between\",\"image_grid_width\":\"medium\",\"image_breakpoint\":\"m\",\"link_style\":\"default\",\"margin\":\"medium\",\"panel_style\":\"\",\"content\":\"\n\n<p>R\\u00e9alisez dans notre boutique en ligne votre ch\\u00e8que-cadeau personnalis\\u00e9...<\\\/p>\",\"title\":\"Boutique en ligne \",\"image\":\"\",\"text_align\":\"center\",\"link\":\"https:\\\/\\\/shop.fsz-saar.de\\\/fr\\\/coupons\\\/coupons-saut-en-tandem\\\/\",\"link_text\":\"mehr\",\"image_border\":\"\",\"image_gutter\":\"medium\",\"animation\":\"slide-right-small\",\"panel_size\":\"large\",\"image_vertical_align\":true,\"meta_style\":\"meta\",\"meta_align\":\"above-title\",\"meta\":\"\",\"meta_margin\":\"\",\"link_size\":\"small\",\"text_align_breakpoint\":\"m\",\"text_align_fallback\":\"center\",\"title_decoration\":\"bullet\",\"icon\":\"cart\",\"title_style\":\"\",\"title_color\":\"\",\"content_style\":\"\",\"image_box_shadow\":\"\",\"image_hover_box_shadow\":\"\",\"icon_color\":\"\",\"maxwidth\":\"\",\"maxwidth_breakpoint\":\"\",\"visibility\":\"\",\"title_margin\":\"small\",\"link_type\":\"content\",\"panel_card_image\":true,\"block_align\":\"\",\"title_hover_style\":\"reset\",\"title_align\":\"top\",\"title_grid_width\":\"1-2\",\"title_breakpoint\":\"m\",\"image_svg_color\":\"emphasis\"}},{\"name\":\"\",\"type\":\"panel\",\"props\":{\"icon_ratio\":\"2\",\"title_element\":\"h3\",\"image_align\":\"between\",\"image_grid_width\":\"1-2\",\"image_breakpoint\":\"m\",\"link_style\":\"default\",\"margin\":\"medium\",\"panel_style\":\"\",\"content\":\"\n\n<p>Vous trouverez ici notre liste de prix pour les sauts en tandem..<\\\/p>\",\"title\":\" Tarifs \",\"image\":\"\",\"text_align\":\"center\",\"link\":\"\\\/fr\\\/list-de-tarifs\",\"link_text\":\"mehr\",\"image_border\":\"\",\"image_gutter\":\"\",\"image_vertical_align\":true,\"panel_size\":\"large\",\"text_align_breakpoint\":\"m\",\"text_align_fallback\":\"center\",\"meta_style\":\"meta\",\"meta_align\":\"above-title\",\"meta\":\"\",\"content_style\":\"\",\"meta_margin\":\"\",\"title_style\":\"\",\"link_size\":\"small\",\"title_decoration\":\"bullet\",\"icon\":\"tag\",\"title_color\":\"\",\"image_box_shadow\":\"\",\"image_hover_box_shadow\":\"\",\"icon_color\":\"\",\"maxwidth\":\"\",\"maxwidth_breakpoint\":\"\",\"animation\":\"\",\"visibility\":\"\",\"title_margin\":\"small\",\"link_type\":\"content\",\"panel_card_image\":true,\"block_align\":\"\",\"title_hover_style\":\"reset\",\"title_align\":\"top\",\"title_grid_width\":\"1-2\",\"title_breakpoint\":\"m\",\"image_svg_color\":\"emphasis\"}},{\"name\":\"\",\"type\":\"panel\",\"props\":{\"icon_ratio\":\"2\",\"title_element\":\"h3\",\"image_align\":\"between\",\"image_grid_width\":\"1-2\",\"image_breakpoint\":\"m\",\"link_style\":\"default\",\"margin\":\"medium\",\"panel_style\":\"\",\"content\":\"\n\n<p>Vous avez encore des questions concernant le saut en tandem ou bien son d\\u00e9roulement...<\\\/p>\",\"title\":\"FAQ\",\"image\":\"\",\"text_align\":\"center\",\"link\":\"\\\/fr\\\/faq-sur-le-saut-en-tandem\\\/\",\"link_text\":\"mehr\",\"image_border\":\"\",\"image_gutter\":\"\",\"image_vertical_align\":true,\"panel_size\":\"large\",\"meta_style\":\"meta\",\"meta_align\":\"above-title\",\"meta\":\"\",\"meta_margin\":\"\",\"link_size\":\"small\",\"text_align_breakpoint\":\"m\",\"text_align_fallback\":\"center\",\"title_decoration\":\"bullet\",\"icon\":\"question\",\"title_style\":\"\",\"title_color\":\"\",\"content_style\":\"\",\"image_box_shadow\":\"\",\"image_hover_box_shadow\":\"\",\"icon_color\":\"\",\"maxwidth\":\"\",\"maxwidth_breakpoint\":\"\",\"animation\":\"\",\"visibility\":\"\",\"title_margin\":\"small\",\"link_type\":\"content\",\"panel_card_image\":true,\"block_align\":\"\",\"title_hover_style\":\"reset\",\"title_align\":\"top\",\"title_grid_width\":\"1-2\",\"title_breakpoint\":\"m\",\"image_svg_color\":\"emphasis\"}}]}]}]}],\"props\":[],\"version\":\"1.20.6\"} --><\/p>\n","protected":false},"excerpt":{"rendered":"<p>Laissez les images anim\u00e9es parler! Un cameraman exp\u00e9riment\u00e9 saute avec vous! Un saut en tandem est une exp\u00e9rience difficile \u00e0 d\u00e9crire avec des mots. Laissez les images parler et convaincre les amis et la famille \u00e0 travers une vid\u00e9o et \/ ou des photos Notre cam\u00e9raman en chute libre vous accompagne tout au long du [&hellip;]<\/p>\n","protected":false},"author":3,"featured_media":0,"parent":0,"menu_order":2,"comment_status":"closed","ping_status":"closed","template":"","meta":{"footnotes":""},"class_list":["post-2541","page","type-page","status-publish","hentry"],"_links":{"self":[{"href":"https:\/\/fsz-saar.de\/fr\/wp-json\/wp\/v2\/pages\/2541","targetHints":{"allow":["GET"]}}],"collection":[{"href":"https:\/\/fsz-saar.de\/fr\/wp-json\/wp\/v2\/pages"}],"about":[{"href":"https:\/\/fsz-saar.de\/fr\/wp-json\/wp\/v2\/types\/page"}],"author":[{"embeddable":true,"href":"https:\/\/fsz-saar.de\/fr\/wp-json\/wp\/v2\/users\/3"}],"replies":[{"embeddable":true,"href":"https:\/\/fsz-saar.de\/fr\/wp-json\/wp\/v2\/comments?post=2541"}],"version-history":[{"count":19,"href":"https:\/\/fsz-saar.de\/fr\/wp-json\/wp\/v2\/pages\/2541\/revisions"}],"predecessor-version":[{"id":3633,"href":"https:\/\/fsz-saar.de\/fr\/wp-json\/wp\/v2\/pages\/2541\/revisions\/3633"}],"wp:attachment":[{"href":"https:\/\/fsz-saar.de\/fr\/wp-json\/wp\/v2\/media?parent=2541"}],"curies":[{"name":"wp","href":"https:\/\/api.w.org\/{rel}","templated":true}]}}